{"id":16,"date":"2023-09-22T11:22:53","date_gmt":"2023-09-22T11:22:53","guid":{"rendered":"https:\/\/okindin.is\/contact-us\/"},"modified":"2024-10-18T11:22:13","modified_gmt":"2024-10-18T11:22:13","slug":"meindyravarnir-hafdusamband","status":"publish","type":"page","link":"https:\/\/okindin.is\/?page_id=16","title":{"rendered":"Haf\u00f0u samband"},"content":{"rendered":"\t\t<div data-elementor-type=\"wp-page\" data-elementor-id=\"16\" class=\"elementor elementor-16\">\n\t\t\t\t<div class=\"elementor-element elementor-element-24c16cf6 e-flex e-con-boxed e-con e-parent\" data-id=\"24c16cf6\" data-element_type=\"container\">\n\t\t\t\t\t<div class=\"e-con-inner\">\n\t\t<div class=\"elementor-element elementor-element-71f79242 e-con-full e-flex e-con e-child\" data-id=\"71f79242\" data-element_type=\"container\">\n\t\t\t\t<div class=\"elementor-element elementor-element-4083a1f8 elementor-invisible elementor-widget elementor-widget-heading\" data-id=\"4083a1f8\" data-element_type=\"widget\" data-settings=\"{&quot;_animation&quot;:&quot;fadeIn&quot;}\" data-widget_type=\"heading.default\">\n\t\t\t\t<div class=\"elementor-widget-container\">\n\t\t\t\t\t<h2 class=\"elementor-heading-title elementor-size-default\">Haf\u00f0u samband<\/h2>\t\t\t\t<\/div>\n\t\t\t\t<\/div>\n\t\t\t\t<div class=\"elementor-element elementor-element-6eec4499 elementor-widget elementor-widget-text-editor\" data-id=\"6eec4499\" data-element_type=\"widget\" data-widget_type=\"text-editor.default\">\n\t\t\t\t<div class=\"elementor-widget-container\">\n\t\t\t\t\t\t\t\t\t<p>Endilega sentu okkur l\u00ednu \u00ed gegnum netspjalli\u00f0 e\u00f0a beint \u00e1 netfangi\u00f0 okindin@okindin.is<\/p><p>Flj\u00f3tlegasta lei\u00f0in til a\u00f0 f\u00e1 r\u00e1\u00f0leggingar og sv\u00f6r er a\u00f0 hringja \u00ed s\u00edma 844-8941<\/p>\t\t\t\t\t\t\t\t<\/div>\n\t\t\t\t<\/div>\n\t\t\t\t<\/div>\n\t\t<div class=\"elementor-element elementor-element-e64aec1 e-con-full e-flex e-con e-child\" data-id=\"e64aec1\" data-element_type=\"container\">\n\t\t\t\t<div class=\"elementor-element elementor-element-fca5a25 elementor-widget elementor-widget-image\" data-id=\"fca5a25\" data-element_type=\"widget\" data-widget_type=\"image.default\">\n\t\t\t\t<div class=\"elementor-widget-container\">\n\t\t\t\t\t\t\t\t\t\t\t\t\t\t\t<img fetchpriority=\"high\" decoding=\"async\" width=\"800\" height=\"800\" src=\"https:\/\/okindin.is\/wp-content\/uploads\/2023\/09\/okindin-logo-1-1024x1024.jpg\" class=\"attachment-large size-large wp-image-8\" alt=\"\" srcset=\"https:\/\/okindin.is\/wp-content\/uploads\/2023\/09\/okindin-logo-1-1024x1024.jpg 1024w, https:\/\/okindin.is\/wp-content\/uploads\/2023\/09\/okindin-logo-1-300x300.jpg 300w, https:\/\/okindin.is\/wp-content\/uploads\/2023\/09\/okindin-logo-1-150x150.jpg 150w, https:\/\/okindin.is\/wp-content\/uploads\/2023\/09\/okindin-logo-1-768x768.jpg 768w, https:\/\/okindin.is\/wp-content\/uploads\/2023\/09\/okindin-logo-1-1536x1536.jpg 1536w, https:\/\/okindin.is\/wp-content\/uploads\/2023\/09\/okindin-logo-1.jpg 1553w\" sizes=\"(max-width: 800px) 100vw, 800px\" \/>\t\t\t\t\t\t\t\t\t\t\t\t\t\t\t<\/div>\n\t\t\t\t<\/div>\n\t\t\t\t<\/div>\n\t\t\t\t\t<\/div>\n\t\t\t\t<\/div>\n\t\t<div class=\"elementor-element elementor-element-2696f443 e-flex e-con-boxed e-con e-parent\" data-id=\"2696f443\" data-element_type=\"container\">\n\t\t\t\t\t<div class=\"e-con-inner\">\n\t\t<div class=\"elementor-element elementor-element-11889d7b e-con-full e-flex e-con e-child\" data-id=\"11889d7b\" data-element_type=\"container\" data-settings=\"{&quot;background_background&quot;:&quot;classic&quot;}\">\n\t\t\t\t<div class=\"elementor-element elementor-element-844d690 elementor-widget elementor-widget-video\" data-id=\"844d690\" data-element_type=\"widget\" data-settings=\"{&quot;video_type&quot;:&quot;hosted&quot;,&quot;autoplay&quot;:&quot;yes&quot;,&quot;loop&quot;:&quot;yes&quot;}\" data-widget_type=\"video.default\">\n\t\t\t\t<div class=\"elementor-widget-container\">\n\t\t\t\t\t\t\t<div class=\"e-hosted-video elementor-wrapper elementor-open-inline\">\n\t\t\t\t\t<video class=\"elementor-video\" src=\"https:\/\/okindin.is\/wp-content\/uploads\/2023\/09\/Untitled-design-1.mp4\" autoplay=\"\" loop=\"\" controlsList=\"nodownload\"><\/video>\n\t\t\t\t<\/div>\n\t\t\t\t\t\t<\/div>\n\t\t\t\t<\/div>\n\t\t\t\t<\/div>\n\t\t<div class=\"elementor-element elementor-element-6d81f5d7 e-con-full e-flex e-con e-child\" data-id=\"6d81f5d7\" data-element_type=\"container\">\n\t\t\t\t<div class=\"elementor-element elementor-element-6124a2a4 elementor-icon-list--layout-traditional elementor-list-item-link-full_width elementor-widget elementor-widget-icon-list\" data-id=\"6124a2a4\" data-element_type=\"widget\" data-widget_type=\"icon-list.default\">\n\t\t\t\t<div class=\"elementor-widget-container\">\n\t\t\t\t\t\t\t<ul class=\"elementor-icon-list-items\">\n\t\t\t\t\t\t\t<li class=\"elementor-icon-list-item\">\n\t\t\t\t\t\t\t\t\t\t<span class=\"elementor-icon-list-text\"><b>Heimilisfang:<\/b> Hagaland 2, 270 mosfellsb\u00e6r<\/span>\n\t\t\t\t\t\t\t\t\t<\/li>\n\t\t\t\t\t\t\t\t<li class=\"elementor-icon-list-item\">\n\t\t\t\t\t\t\t\t\t\t<span class=\"elementor-icon-list-text\"><b>Opnunart\u00edmi:<\/b> Opi\u00f0 fyrir s\u00edmann fr\u00e1 morgni til kv\u00f6lds<\/span>\n\t\t\t\t\t\t\t\t\t<\/li>\n\t\t\t\t\t\t\t\t<li class=\"elementor-icon-list-item\">\n\t\t\t\t\t\t\t\t\t\t<span class=\"elementor-icon-list-text\"><b>S\u00edman\u00famer:<\/b> 844-8941<\/span>\n\t\t\t\t\t\t\t\t\t<\/li>\n\t\t\t\t\t\t\t\t<li class=\"elementor-icon-list-item\">\n\t\t\t\t\t\t\t\t\t\t<span class=\"elementor-icon-list-text\"><b>Netfang:<\/b> okindin@okindin.is<\/span>\n\t\t\t\t\t\t\t\t\t<\/li>\n\t\t\t\t\t\t<\/ul>\n\t\t\t\t\t\t<\/div>\n\t\t\t\t<\/div>\n\t\t\t\t<\/div>\n\t\t\t\t\t<\/div>\n\t\t\t\t<\/div>\n\t\t<div class=\"elementor-element elementor-element-d698dfe e-flex e-con-boxed e-con e-parent\" data-id=\"d698dfe\" data-element_type=\"container\">\n\t\t\t\t\t<div class=\"e-con-inner\">\n\t\t\t\t\t<\/div>\n\t\t\t\t<\/div>\n\t\t\t\t<\/div>\n\t\t","protected":false},"excerpt":{"rendered":"<p>Haf\u00f0u samband Endilega sentu okkur l\u00ednu \u00ed gegnum netspjalli\u00f0 e\u00f0a beint \u00e1 netfangi\u00f0 okindin@okindin.is Flj\u00f3tlegasta lei\u00f0in til a\u00f0 f\u00e1 r\u00e1\u00f0leggingar og sv\u00f6r er a\u00f0 hringja \u00ed s\u00edma 844-8941 https:\/\/okindin.is\/wp-content\/uploads\/2023\/09\/Untitled-design-1.mp4 Heimilisfang: Hagaland 2, 270 mosfellsb\u00e6r Opnunart\u00edmi: Opi\u00f0 fyrir s\u00edmann fr\u00e1 morgni til kv\u00f6lds S\u00edman\u00famer: 844-8941 Netfang: okindin@okindin.is<\/p>\n","protected":false},"author":1,"featured_media":0,"parent":0,"menu_order":0,"comment_status":"closed","ping_status":"closed","template":"elementor_header_footer","meta":{"footnotes":""},"class_list":["post-16","page","type-page","status-publish","hentry"],"yoast_head":"<!-- This site is optimized with the Yoast SEO plugin v25.3 - https:\/\/yoast.com\/wordpress\/plugins\/seo\/ -->\n<title>Haf\u00f0u samband - okindin.is<\/title>\n<meta name=\"robots\" content=\"index, follow, max-snippet:-1, max-image-preview:large, max-video-preview:-1\" \/>\n<link rel=\"canonical\" href=\"https:\/\/okindin.is\/?page_id=16\" \/>\n<meta property=\"og:locale\" content=\"en_US\" \/>\n<meta property=\"og:type\" content=\"article\" \/>\n<meta property=\"og:title\" content=\"Haf\u00f0u samband - okindin.is\" \/>\n<meta property=\"og:description\" content=\"Haf\u00f0u samband Endilega sentu okkur l\u00ednu \u00ed gegnum netspjalli\u00f0 e\u00f0a beint \u00e1 netfangi\u00f0 okindin@okindin.is Flj\u00f3tlegasta lei\u00f0in til a\u00f0 f\u00e1 r\u00e1\u00f0leggingar og sv\u00f6r er a\u00f0 hringja \u00ed s\u00edma 844-8941 https:\/\/okindin.is\/wp-content\/uploads\/2023\/09\/Untitled-design-1.mp4 Heimilisfang: Hagaland 2, 270 mosfellsb\u00e6r Opnunart\u00edmi: Opi\u00f0 fyrir s\u00edmann fr\u00e1 morgni til kv\u00f6lds S\u00edman\u00famer: 844-8941 Netfang: okindin@okindin.is\" \/>\n<meta property=\"og:url\" content=\"https:\/\/okindin.is\/?page_id=16\" \/>\n<meta property=\"og:site_name\" content=\"okindin.is\" \/>\n<meta property=\"article:publisher\" content=\"https:\/\/www.facebook.com\/search\/top?q=kindin-meindravarnir\" \/>\n<meta property=\"article:modified_time\" content=\"2024-10-18T11:22:13+00:00\" \/>\n<meta property=\"og:image\" content=\"https:\/\/okindin.is\/wp-content\/uploads\/2023\/09\/okindin-logo-1-1024x1024.jpg\" \/>\n<meta name=\"twitter:card\" content=\"summary_large_image\" \/>\n<meta name=\"twitter:label1\" content=\"Est. reading time\" \/>\n\t<meta name=\"twitter:data1\" content=\"1 minute\" \/>\n<script type=\"application\/ld+json\" class=\"yoast-schema-graph\">{\"@context\":\"https:\/\/schema.org\",\"@graph\":[{\"@type\":\"WebPage\",\"@id\":\"https:\/\/okindin.is\/?page_id=16\",\"url\":\"https:\/\/okindin.is\/?page_id=16\",\"name\":\"Haf\u00f0u samband - okindin.is\",\"isPartOf\":{\"@id\":\"https:\/\/okindin.is\/#website\"},\"primaryImageOfPage\":{\"@id\":\"https:\/\/okindin.is\/?page_id=16#primaryimage\"},\"image\":{\"@id\":\"https:\/\/okindin.is\/?page_id=16#primaryimage\"},\"thumbnailUrl\":\"https:\/\/okindin.is\/wp-content\/uploads\/2023\/09\/okindin-logo-1-1024x1024.jpg\",\"datePublished\":\"2023-09-22T11:22:53+00:00\",\"dateModified\":\"2024-10-18T11:22:13+00:00\",\"breadcrumb\":{\"@id\":\"https:\/\/okindin.is\/?page_id=16#breadcrumb\"},\"inLanguage\":\"en-US\",\"potentialAction\":[{\"@type\":\"ReadAction\",\"target\":[\"https:\/\/okindin.is\/?page_id=16\"]}]},{\"@type\":\"ImageObject\",\"inLanguage\":\"en-US\",\"@id\":\"https:\/\/okindin.is\/?page_id=16#primaryimage\",\"url\":\"https:\/\/okindin.is\/wp-content\/uploads\/2023\/09\/okindin-logo-1.jpg\",\"contentUrl\":\"https:\/\/okindin.is\/wp-content\/uploads\/2023\/09\/okindin-logo-1.jpg\",\"width\":1553,\"height\":1553},{\"@type\":\"BreadcrumbList\",\"@id\":\"https:\/\/okindin.is\/?page_id=16#breadcrumb\",\"itemListElement\":[{\"@type\":\"ListItem\",\"position\":1,\"name\":\"Home\",\"item\":\"https:\/\/okindin.is\/\"},{\"@type\":\"ListItem\",\"position\":2,\"name\":\"Haf\u00f0u samband\"}]},{\"@type\":\"WebSite\",\"@id\":\"https:\/\/okindin.is\/#website\",\"url\":\"https:\/\/okindin.is\/\",\"name\":\"okindin.is\",\"description\":\"\u00d3kindin Meind\u00fdravarnir - Meind\u00fdraey\u00f0ir\",\"publisher\":{\"@id\":\"https:\/\/okindin.is\/#organization\"},\"potentialAction\":[{\"@type\":\"SearchAction\",\"target\":{\"@type\":\"EntryPoint\",\"urlTemplate\":\"https:\/\/okindin.is\/?s={search_term_string}\"},\"query-input\":{\"@type\":\"PropertyValueSpecification\",\"valueRequired\":true,\"valueName\":\"search_term_string\"}}],\"inLanguage\":\"en-US\"},{\"@type\":\"Organization\",\"@id\":\"https:\/\/okindin.is\/#organization\",\"name\":\"\u00d3kindin ehf.\",\"url\":\"https:\/\/okindin.is\/\",\"logo\":{\"@type\":\"ImageObject\",\"inLanguage\":\"en-US\",\"@id\":\"https:\/\/okindin.is\/#\/schema\/logo\/image\/\",\"url\":\"https:\/\/okindin.is\/wp-content\/uploads\/2023\/09\/okindin-logo-1.jpg\",\"contentUrl\":\"https:\/\/okindin.is\/wp-content\/uploads\/2023\/09\/okindin-logo-1.jpg\",\"width\":1553,\"height\":1553,\"caption\":\"\u00d3kindin ehf.\"},\"image\":{\"@id\":\"https:\/\/okindin.is\/#\/schema\/logo\/image\/\"},\"sameAs\":[\"https:\/\/www.facebook.com\/search\/top?q=kindin-meindravarnir\"]}]}<\/script>\n<!-- \/ Yoast SEO plugin. -->","yoast_head_json":{"title":"Haf\u00f0u samband - okindin.is","robots":{"index":"index","follow":"follow","max-snippet":"max-snippet:-1","max-image-preview":"max-image-preview:large","max-video-preview":"max-video-preview:-1"},"canonical":"https:\/\/okindin.is\/?page_id=16","og_locale":"en_US","og_type":"article","og_title":"Haf\u00f0u samband - okindin.is","og_description":"Haf\u00f0u samband Endilega sentu okkur l\u00ednu \u00ed gegnum netspjalli\u00f0 e\u00f0a beint \u00e1 netfangi\u00f0 okindin@okindin.is Flj\u00f3tlegasta lei\u00f0in til a\u00f0 f\u00e1 r\u00e1\u00f0leggingar og sv\u00f6r er a\u00f0 hringja \u00ed s\u00edma 844-8941 https:\/\/okindin.is\/wp-content\/uploads\/2023\/09\/Untitled-design-1.mp4 Heimilisfang: Hagaland 2, 270 mosfellsb\u00e6r Opnunart\u00edmi: Opi\u00f0 fyrir s\u00edmann fr\u00e1 morgni til kv\u00f6lds S\u00edman\u00famer: 844-8941 Netfang: okindin@okindin.is","og_url":"https:\/\/okindin.is\/?page_id=16","og_site_name":"okindin.is","article_publisher":"https:\/\/www.facebook.com\/search\/top?q=kindin-meindravarnir","article_modified_time":"2024-10-18T11:22:13+00:00","og_image":[{"url":"https:\/\/okindin.is\/wp-content\/uploads\/2023\/09\/okindin-logo-1-1024x1024.jpg","type":"","width":"","height":""}],"twitter_card":"summary_large_image","twitter_misc":{"Est. reading time":"1 minute"},"schema":{"@context":"https:\/\/schema.org","@graph":[{"@type":"WebPage","@id":"https:\/\/okindin.is\/?page_id=16","url":"https:\/\/okindin.is\/?page_id=16","name":"Haf\u00f0u samband - okindin.is","isPartOf":{"@id":"https:\/\/okindin.is\/#website"},"primaryImageOfPage":{"@id":"https:\/\/okindin.is\/?page_id=16#primaryimage"},"image":{"@id":"https:\/\/okindin.is\/?page_id=16#primaryimage"},"thumbnailUrl":"https:\/\/okindin.is\/wp-content\/uploads\/2023\/09\/okindin-logo-1-1024x1024.jpg","datePublished":"2023-09-22T11:22:53+00:00","dateModified":"2024-10-18T11:22:13+00:00","breadcrumb":{"@id":"https:\/\/okindin.is\/?page_id=16#breadcrumb"},"inLanguage":"en-US","potentialAction":[{"@type":"ReadAction","target":["https:\/\/okindin.is\/?page_id=16"]}]},{"@type":"ImageObject","inLanguage":"en-US","@id":"https:\/\/okindin.is\/?page_id=16#primaryimage","url":"https:\/\/okindin.is\/wp-content\/uploads\/2023\/09\/okindin-logo-1.jpg","contentUrl":"https:\/\/okindin.is\/wp-content\/uploads\/2023\/09\/okindin-logo-1.jpg","width":1553,"height":1553},{"@type":"BreadcrumbList","@id":"https:\/\/okindin.is\/?page_id=16#breadcrumb","itemListElement":[{"@type":"ListItem","position":1,"name":"Home","item":"https:\/\/okindin.is\/"},{"@type":"ListItem","position":2,"name":"Haf\u00f0u samband"}]},{"@type":"WebSite","@id":"https:\/\/okindin.is\/#website","url":"https:\/\/okindin.is\/","name":"okindin.is","description":"\u00d3kindin Meind\u00fdravarnir - Meind\u00fdraey\u00f0ir","publisher":{"@id":"https:\/\/okindin.is\/#organization"},"potentialAction":[{"@type":"SearchAction","target":{"@type":"EntryPoint","urlTemplate":"https:\/\/okindin.is\/?s={search_term_string}"},"query-input":{"@type":"PropertyValueSpecification","valueRequired":true,"valueName":"search_term_string"}}],"inLanguage":"en-US"},{"@type":"Organization","@id":"https:\/\/okindin.is\/#organization","name":"\u00d3kindin ehf.","url":"https:\/\/okindin.is\/","logo":{"@type":"ImageObject","inLanguage":"en-US","@id":"https:\/\/okindin.is\/#\/schema\/logo\/image\/","url":"https:\/\/okindin.is\/wp-content\/uploads\/2023\/09\/okindin-logo-1.jpg","contentUrl":"https:\/\/okindin.is\/wp-content\/uploads\/2023\/09\/okindin-logo-1.jpg","width":1553,"height":1553,"caption":"\u00d3kindin ehf."},"image":{"@id":"https:\/\/okindin.is\/#\/schema\/logo\/image\/"},"sameAs":["https:\/\/www.facebook.com\/search\/top?q=kindin-meindravarnir"]}]}},"jetpack_sharing_enabled":true,"_links":{"self":[{"href":"https:\/\/okindin.is\/index.php?rest_route=\/wp\/v2\/pages\/16","targetHints":{"allow":["GET"]}}],"collection":[{"href":"https:\/\/okindin.is\/index.php?rest_route=\/wp\/v2\/pages"}],"about":[{"href":"https:\/\/okindin.is\/index.php?rest_route=\/wp\/v2\/types\/page"}],"author":[{"embeddable":true,"href":"https:\/\/okindin.is\/index.php?rest_route=\/wp\/v2\/users\/1"}],"replies":[{"embeddable":true,"href":"https:\/\/okindin.is\/index.php?rest_route=%2Fwp%2Fv2%2Fcomments&post=16"}],"version-history":[{"count":23,"href":"https:\/\/okindin.is\/index.php?rest_route=\/wp\/v2\/pages\/16\/revisions"}],"predecessor-version":[{"id":724,"href":"https:\/\/okindin.is\/index.php?rest_route=\/wp\/v2\/pages\/16\/revisions\/724"}],"wp:attachment":[{"href":"https:\/\/okindin.is\/index.php?rest_route=%2Fwp%2Fv2%2Fmedia&parent=16"}],"curies":[{"name":"wp","href":"https:\/\/api.w.org\/{rel}","templated":true}]}}