{"id":729,"date":"2025-11-03T00:03:47","date_gmt":"2025-11-03T00:03:47","guid":{"rendered":"https:\/\/okindin.is\/?page_id=729"},"modified":"2025-11-06T01:59:54","modified_gmt":"2025-11-06T01:59:54","slug":"fraedsla","status":"publish","type":"page","link":"https:\/\/okindin.is\/?page_id=729","title":{"rendered":"Fr\u00e6\u00f0sla"},"content":{"rendered":"\n<h2 class=\"wp-block-heading\"><strong>Meind\u00fdr \u00e1 \u00cdslandi \u2013 fj\u00f6lbreytt \u00e1skorun \u00ed mannger\u00f0u umhverfi<\/strong><\/h2>\n\n\n\n<p><strong>Hva\u00f0 eru meind\u00fdr?<\/strong><\/p>\n\n\n\n<p>Meind\u00fdr eru d\u00fdr e\u00f0a skord\u00fdr sem valda tj\u00f3ni e\u00f0a \u00f3\u00fe\u00e6gindum fyrir menn, h\u00fasd\u00fdr, r\u00e6ktun e\u00f0a byggingar. \u00deau geta haft \u00e1hrif \u00e1 l\u00edfsg\u00e6\u00f0i, heilsu og efnahag me\u00f0 \u00fev\u00ed a\u00f0 menga matv\u00e6li, bera sj\u00fakd\u00f3ma e\u00f0a skemma h\u00fasakost og gr\u00f3\u00f0ur. Hugtaki\u00f0 n\u00e6r yfir margs konar l\u00edfverur \u2013 allt fr\u00e1 spend\u00fdrum eins og m\u00fasum og rottum, til sm\u00e6rri skord\u00fdra og li\u00f0d\u00fdra \u00e1 bor\u00f0 vi\u00f0 silfurskottur, maura, fl\u00e6r, veggjal\u00fds og flugur.<\/p>\n\n\n\n<p><strong>Meind\u00fdr \u00ed h\u00fasum og h\u00edb\u00fdlum<\/strong><\/p>\n\n\n\n<p>\u00c1 \u00cdslandi er \u00farval meind\u00fdra tilt\u00f6lulega f\u00e1broti\u00f0 \u00ed samanbur\u00f0i vi\u00f0 hl\u00fdrri l\u00f6nd, en \u00fer\u00e1tt fyrir \u00fea\u00f0 geta \u00feau veri\u00f0 \u00fer\u00e1l\u00e1t og valdi\u00f0 verulegum \u00f3\u00fe\u00e6gindum \u00fear sem \u00feau festa sig \u00ed sessi. Flest meind\u00fdr h\u00e9r \u00e1 landi lifa \u00ed n\u00e1nu samb\u00fdli vi\u00f0 mannf\u00f3lki\u00f0 og n\u00fdta \u00feau s\u00e9r h\u00edb\u00fdli okkar og annan h\u00fasakost til skj\u00f3ls og f\u00e6\u00f0u\u00f6flunar. \u00dear m\u00e1 nefna h\u00fasam\u00fds og rottur sem leita inn \u00ed h\u00fas og holr\u00e6si, e\u00f0a skord\u00fdr \u00e1 bor\u00f0 vi\u00f0 silfurskottur sem dafna \u00ed r\u00f6kum herbergjum og geymslum.<\/p>\n\n\n\n<p><strong>Forvarnir og \u00fatr\u00fdming<\/strong><\/p>\n\n\n\n<p>Varnir gegn meind\u00fdrum byggjast b\u00e6\u00f0i \u00e1 forv\u00f6rnum og markvissri \u00fatr\u00fdmingu. Forvarnir felast me\u00f0al annars \u00ed hreinl\u00e6ti, reglulegri sko\u00f0un og vi\u00f0haldi bygginga, og \u00fev\u00ed a\u00f0 \u00fatiloka a\u00f0gang meind\u00fdra a\u00f0 f\u00e6\u00f0u og felust\u00f6\u00f0um. Ef meind\u00fdr hafa komi\u00f0 s\u00e9r fyrir \u00fearf stundum a\u00f0 gr\u00edpa til beinna a\u00f0ger\u00f0a, svo sem gildrusetningar, varnar- og eiturefna e\u00f0a l\u00edffr\u00e6\u00f0ilegra a\u00f0fer\u00f0a sem byggja \u00e1 n\u00e1tt\u00farulegum jafnv\u00e6gi.<\/p>\n\n\n\n<p><strong>Hlutverk \u00d3kindarinnar<\/strong><\/p>\n\n\n\n<p>\u00d3kindin s\u00e9rh\u00e6fir sig \u00ed greiningu, r\u00e1\u00f0gj\u00f6f og \u00farr\u00e6\u00f0um gegn \u00f6llum helstu meind\u00fdrum \u00e1 \u00cdslandi. Me\u00f0 r\u00e9ttri \u00feekkingu, v\u00f6ndu\u00f0um vinnubr\u00f6g\u00f0um og \u00e1byrgri notkun varna er h\u00e6gt a\u00f0 halda meind\u00fdrum \u00ed skefjum og tryggja hreint og heiln\u00e6mt umhverfi \u2013 b\u00e6\u00f0i heima og \u00ed atvinnurekstri.<\/p>\n\n\n\n<p><strong>Hva\u00f0a meind\u00fdr finnast \u00e1 \u00cdslandi?<\/strong><\/p>\n\n\n\n<ul class=\"wp-block-list\">\n<li>Skord\u00fdr og li\u00f0d\u00fdr\n<ul class=\"wp-block-list\">\n<li><a href=\"https:\/\/okindin.is\/?page_id=740\">Silfurskottur<\/a><\/li>\n\n\n\n<li><a href=\"https:\/\/okindin.is\/?page_id=748\">Veggjal\u00fds<\/a><\/li>\n\n\n\n<li><a href=\"https:\/\/okindin.is\/?page_id=758\">Ro\u00f0amaur \/ veggjam\u00edtill<\/a><\/li>\n\n\n\n<li><a href=\"https:\/\/okindin.is\/?page_id=765\">Starafl\u00f3<\/a><\/li>\n\n\n\n<li><a href=\"https:\/\/okindin.is\/?page_id=790\">\u00c1vaxtafluga \/ ediksgerla<\/a><\/li>\n\n\n\n<li><a href=\"https:\/\/okindin.is\/?page_id=808\">H\u00fasfluga<\/a><\/li>\n\n\n\n<li><a href=\"https:\/\/okindin.is\/?page_id=795\">Hamg\u00e6ra<\/a><\/li>\n\n\n\n<li><a href=\"https:\/\/okindin.is\/?page_id=799\">Feldg\u00e6ra<\/a><\/li>\n\n\n\n<li><a href=\"https:\/\/okindin.is\/?page_id=821\">Kakkalakki<\/a><\/li>\n<\/ul>\n<\/li>\n\n\n\n<li>Fuglar og spend\u00fdr\n<ul class=\"wp-block-list\">\n<li><a href=\"https:\/\/okindin.is\/?page_id=773\">Hagam\u00fas og h\u00fasam\u00fas<\/a><\/li>\n\n\n\n<li><a href=\"https:\/\/okindin.is\/?page_id=780\">Rotta<\/a><\/li>\n\n\n\n<li><a href=\"https:\/\/okindin.is\/?page_id=765\">Stari<\/a><\/li>\n<\/ul>\n<\/li>\n<\/ul>\n\n\n\n<p><\/p>\n\n\n\n<p><\/p>\n\n\n\n<p><\/p>\n","protected":false},"excerpt":{"rendered":"<p>Meind\u00fdr \u00e1 \u00cdslandi \u2013 fj\u00f6lbreytt \u00e1skorun \u00ed mannger\u00f0u umhverfi Hva\u00f0 eru meind\u00fdr? Meind\u00fdr eru d\u00fdr e\u00f0a skord\u00fdr sem valda tj\u00f3ni e\u00f0a \u00f3\u00fe\u00e6gindum fyrir menn, h\u00fasd\u00fdr, r\u00e6ktun e\u00f0a byggingar. \u00deau geta haft \u00e1hrif \u00e1 l\u00edfsg\u00e6\u00f0i, heilsu og efnahag me\u00f0 \u00fev\u00ed a\u00f0 menga matv\u00e6li, bera sj\u00fakd\u00f3ma e\u00f0a skemma h\u00fasakost og gr\u00f3\u00f0ur. Hugtaki\u00f0 n\u00e6r yfir margs konar l\u00edfverur [&hellip;]<\/p>\n","protected":false},"author":2,"featured_media":0,"parent":21,"menu_order":0,"comment_status":"closed","ping_status":"closed","template":"","meta":{"footnotes":""},"class_list":["post-729","page","type-page","status-publish","hentry"],"yoast_head":"<!-- This site is optimized with the Yoast SEO plugin v25.3 - https:\/\/yoast.com\/wordpress\/plugins\/seo\/ -->\n<title>Fr\u00e6\u00f0sla - okindin.is<\/title>\n<meta name=\"description\" content=\"Fr\u00e6\u00f0sla um helstu meind\u00fdr sem finnast \u00ed og v\u00ed\u00f0 mannab\u00fasta\u00f0i \u00e1 \u00cdslandi\" \/>\n<meta name=\"robots\" content=\"index, follow, max-snippet:-1, max-image-preview:large, max-video-preview:-1\" \/>\n<link rel=\"canonical\" href=\"https:\/\/okindin.is\/?page_id=729\" \/>\n<meta property=\"og:locale\" content=\"en_US\" \/>\n<meta property=\"og:type\" content=\"article\" \/>\n<meta property=\"og:title\" content=\"Fr\u00e6\u00f0sla - okindin.is\" \/>\n<meta property=\"og:description\" content=\"Fr\u00e6\u00f0sla um helstu meind\u00fdr sem finnast \u00ed og v\u00ed\u00f0 mannab\u00fasta\u00f0i \u00e1 \u00cdslandi\" \/>\n<meta property=\"og:url\" content=\"https:\/\/okindin.is\/?page_id=729\" \/>\n<meta property=\"og:site_name\" content=\"okindin.is\" \/>\n<meta property=\"article:publisher\" content=\"https:\/\/www.facebook.com\/search\/top?q=kindin-meindravarnir\" \/>\n<meta property=\"article:modified_time\" content=\"2025-11-06T01:59:54+00:00\" \/>\n<meta property=\"og:image\" content=\"https:\/\/okindin.is\/wp-content\/uploads\/2023\/09\/okindin-logo-1.jpg\" \/>\n\t<meta property=\"og:image:width\" content=\"1553\" \/>\n\t<meta property=\"og:image:height\" content=\"1553\" \/>\n\t<meta property=\"og:image:type\" content=\"image\/jpeg\" \/>\n<meta name=\"twitter:card\" content=\"summary_large_image\" \/>\n<meta name=\"twitter:label1\" content=\"Est. reading time\" \/>\n\t<meta name=\"twitter:data1\" content=\"2 minutes\" \/>\n<script type=\"application\/ld+json\" class=\"yoast-schema-graph\">{\"@context\":\"https:\/\/schema.org\",\"@graph\":[{\"@type\":\"WebPage\",\"@id\":\"https:\/\/okindin.is\/?page_id=729\",\"url\":\"https:\/\/okindin.is\/?page_id=729\",\"name\":\"Fr\u00e6\u00f0sla - okindin.is\",\"isPartOf\":{\"@id\":\"https:\/\/okindin.is\/#website\"},\"datePublished\":\"2025-11-03T00:03:47+00:00\",\"dateModified\":\"2025-11-06T01:59:54+00:00\",\"description\":\"Fr\u00e6\u00f0sla um helstu meind\u00fdr sem finnast \u00ed og v\u00ed\u00f0 mannab\u00fasta\u00f0i \u00e1 \u00cdslandi\",\"breadcrumb\":{\"@id\":\"https:\/\/okindin.is\/?page_id=729#breadcrumb\"},\"inLanguage\":\"en-US\",\"potentialAction\":[{\"@type\":\"ReadAction\",\"target\":[\"https:\/\/okindin.is\/?page_id=729\"]}]},{\"@type\":\"BreadcrumbList\",\"@id\":\"https:\/\/okindin.is\/?page_id=729#breadcrumb\",\"itemListElement\":[{\"@type\":\"ListItem\",\"position\":1,\"name\":\"Home\",\"item\":\"https:\/\/okindin.is\/\"},{\"@type\":\"ListItem\",\"position\":2,\"name\":\"\u00dej\u00f3nustan\",\"item\":\"https:\/\/okindin.is\/?page_id=21\"},{\"@type\":\"ListItem\",\"position\":3,\"name\":\"Fr\u00e6\u00f0sla\"}]},{\"@type\":\"WebSite\",\"@id\":\"https:\/\/okindin.is\/#website\",\"url\":\"https:\/\/okindin.is\/\",\"name\":\"okindin.is\",\"description\":\"\u00d3kindin Meind\u00fdravarnir - Meind\u00fdraey\u00f0ir\",\"publisher\":{\"@id\":\"https:\/\/okindin.is\/#organization\"},\"potentialAction\":[{\"@type\":\"SearchAction\",\"target\":{\"@type\":\"EntryPoint\",\"urlTemplate\":\"https:\/\/okindin.is\/?s={search_term_string}\"},\"query-input\":{\"@type\":\"PropertyValueSpecification\",\"valueRequired\":true,\"valueName\":\"search_term_string\"}}],\"inLanguage\":\"en-US\"},{\"@type\":\"Organization\",\"@id\":\"https:\/\/okindin.is\/#organization\",\"name\":\"\u00d3kindin ehf.\",\"url\":\"https:\/\/okindin.is\/\",\"logo\":{\"@type\":\"ImageObject\",\"inLanguage\":\"en-US\",\"@id\":\"https:\/\/okindin.is\/#\/schema\/logo\/image\/\",\"url\":\"https:\/\/okindin.is\/wp-content\/uploads\/2023\/09\/okindin-logo-1.jpg\",\"contentUrl\":\"https:\/\/okindin.is\/wp-content\/uploads\/2023\/09\/okindin-logo-1.jpg\",\"width\":1553,\"height\":1553,\"caption\":\"\u00d3kindin ehf.\"},\"image\":{\"@id\":\"https:\/\/okindin.is\/#\/schema\/logo\/image\/\"},\"sameAs\":[\"https:\/\/www.facebook.com\/search\/top?q=kindin-meindravarnir\"]}]}<\/script>\n<!-- \/ Yoast SEO plugin. -->","yoast_head_json":{"title":"Fr\u00e6\u00f0sla - okindin.is","description":"Fr\u00e6\u00f0sla um helstu meind\u00fdr sem finnast \u00ed og v\u00ed\u00f0 mannab\u00fasta\u00f0i \u00e1 \u00cdslandi","robots":{"index":"index","follow":"follow","max-snippet":"max-snippet:-1","max-image-preview":"max-image-preview:large","max-video-preview":"max-video-preview:-1"},"canonical":"https:\/\/okindin.is\/?page_id=729","og_locale":"en_US","og_type":"article","og_title":"Fr\u00e6\u00f0sla - okindin.is","og_description":"Fr\u00e6\u00f0sla um helstu meind\u00fdr sem finnast \u00ed og v\u00ed\u00f0 mannab\u00fasta\u00f0i \u00e1 \u00cdslandi","og_url":"https:\/\/okindin.is\/?page_id=729","og_site_name":"okindin.is","article_publisher":"https:\/\/www.facebook.com\/search\/top?q=kindin-meindravarnir","article_modified_time":"2025-11-06T01:59:54+00:00","og_image":[{"width":1553,"height":1553,"url":"https:\/\/okindin.is\/wp-content\/uploads\/2023\/09\/okindin-logo-1.jpg","type":"image\/jpeg"}],"twitter_card":"summary_large_image","twitter_misc":{"Est. reading time":"2 minutes"},"schema":{"@context":"https:\/\/schema.org","@graph":[{"@type":"WebPage","@id":"https:\/\/okindin.is\/?page_id=729","url":"https:\/\/okindin.is\/?page_id=729","name":"Fr\u00e6\u00f0sla - okindin.is","isPartOf":{"@id":"https:\/\/okindin.is\/#website"},"datePublished":"2025-11-03T00:03:47+00:00","dateModified":"2025-11-06T01:59:54+00:00","description":"Fr\u00e6\u00f0sla um helstu meind\u00fdr sem finnast \u00ed og v\u00ed\u00f0 mannab\u00fasta\u00f0i \u00e1 \u00cdslandi","breadcrumb":{"@id":"https:\/\/okindin.is\/?page_id=729#breadcrumb"},"inLanguage":"en-US","potentialAction":[{"@type":"ReadAction","target":["https:\/\/okindin.is\/?page_id=729"]}]},{"@type":"BreadcrumbList","@id":"https:\/\/okindin.is\/?page_id=729#breadcrumb","itemListElement":[{"@type":"ListItem","position":1,"name":"Home","item":"https:\/\/okindin.is\/"},{"@type":"ListItem","position":2,"name":"\u00dej\u00f3nustan","item":"https:\/\/okindin.is\/?page_id=21"},{"@type":"ListItem","position":3,"name":"Fr\u00e6\u00f0sla"}]},{"@type":"WebSite","@id":"https:\/\/okindin.is\/#website","url":"https:\/\/okindin.is\/","name":"okindin.is","description":"\u00d3kindin Meind\u00fdravarnir - Meind\u00fdraey\u00f0ir","publisher":{"@id":"https:\/\/okindin.is\/#organization"},"potentialAction":[{"@type":"SearchAction","target":{"@type":"EntryPoint","urlTemplate":"https:\/\/okindin.is\/?s={search_term_string}"},"query-input":{"@type":"PropertyValueSpecification","valueRequired":true,"valueName":"search_term_string"}}],"inLanguage":"en-US"},{"@type":"Organization","@id":"https:\/\/okindin.is\/#organization","name":"\u00d3kindin ehf.","url":"https:\/\/okindin.is\/","logo":{"@type":"ImageObject","inLanguage":"en-US","@id":"https:\/\/okindin.is\/#\/schema\/logo\/image\/","url":"https:\/\/okindin.is\/wp-content\/uploads\/2023\/09\/okindin-logo-1.jpg","contentUrl":"https:\/\/okindin.is\/wp-content\/uploads\/2023\/09\/okindin-logo-1.jpg","width":1553,"height":1553,"caption":"\u00d3kindin ehf."},"image":{"@id":"https:\/\/okindin.is\/#\/schema\/logo\/image\/"},"sameAs":["https:\/\/www.facebook.com\/search\/top?q=kindin-meindravarnir"]}]}},"jetpack_sharing_enabled":true,"_links":{"self":[{"href":"https:\/\/okindin.is\/index.php?rest_route=\/wp\/v2\/pages\/729","targetHints":{"allow":["GET"]}}],"collection":[{"href":"https:\/\/okindin.is\/index.php?rest_route=\/wp\/v2\/pages"}],"about":[{"href":"https:\/\/okindin.is\/index.php?rest_route=\/wp\/v2\/types\/page"}],"author":[{"embeddable":true,"href":"https:\/\/okindin.is\/index.php?rest_route=\/wp\/v2\/users\/2"}],"replies":[{"embeddable":true,"href":"https:\/\/okindin.is\/index.php?rest_route=%2Fwp%2Fv2%2Fcomments&post=729"}],"version-history":[{"count":16,"href":"https:\/\/okindin.is\/index.php?rest_route=\/wp\/v2\/pages\/729\/revisions"}],"predecessor-version":[{"id":837,"href":"https:\/\/okindin.is\/index.php?rest_route=\/wp\/v2\/pages\/729\/revisions\/837"}],"up":[{"embeddable":true,"href":"https:\/\/okindin.is\/index.php?rest_route=\/wp\/v2\/pages\/21"}],"wp:attachment":[{"href":"https:\/\/okindin.is\/index.php?rest_route=%2Fwp%2Fv2%2Fmedia&parent=729"}],"curies":[{"name":"wp","href":"https:\/\/api.w.org\/{rel}","templated":true}]}}