{"id":740,"date":"2025-11-03T00:49:29","date_gmt":"2025-11-03T00:49:29","guid":{"rendered":"https:\/\/okindin.is\/?page_id=740"},"modified":"2025-11-06T02:13:53","modified_gmt":"2025-11-06T02:13:53","slug":"silfurskotta","status":"publish","type":"page","link":"https:\/\/okindin.is\/?page_id=740","title":{"rendered":"Silfurskotta"},"content":{"rendered":"\n<p><strong>\u00d3bo\u00f0nir n\u00e6turgestir<\/strong><\/p>\n\n\n\n<p>Silfurskottan (<em>Lepisma saccharina<\/em>) er l\u00edti\u00f0, v\u00e6ngjalaust skord\u00fdr sem ver\u00f0ur a\u00f0 jafna\u00f0i 10\u201315 mm langt. H\u00fan er silfurglj\u00e1andi, afl\u00f6ng a\u00f0 l\u00f6gun og me\u00f0 \u00ferj\u00e1 einkennandi \u00fer\u00e1\u00f0f\u00e6tur aftan \u00e1 b\u00faknum og tvo langa f\u00e1lmara \u00e1 framhlutanum. Skord\u00fdri\u00f0 er upprunni\u00f0 \u00ed hitabeltinu en hefur a\u00f0lagast innil\u00edfi og finnst n\u00fa \u00ed flestum bygg\u00f0al\u00f6gum \u00e1 \u00cdslandi.<\/p>\n\n\n\n<figure class=\"wp-block-image size-full is-resized\"><img fetchpriority=\"high\" decoding=\"async\" width=\"1024\" height=\"1024\" src=\"https:\/\/okindin.is\/wp-content\/uploads\/2025\/11\/ChatGPT-Image-Nov-6-2025-02_11_30-AM.png\" alt=\"\" class=\"wp-image-843\" style=\"width:549px;height:auto\" srcset=\"https:\/\/okindin.is\/wp-content\/uploads\/2025\/11\/ChatGPT-Image-Nov-6-2025-02_11_30-AM.png 1024w, https:\/\/okindin.is\/wp-content\/uploads\/2025\/11\/ChatGPT-Image-Nov-6-2025-02_11_30-AM-300x300.png 300w, https:\/\/okindin.is\/wp-content\/uploads\/2025\/11\/ChatGPT-Image-Nov-6-2025-02_11_30-AM-150x150.png 150w, https:\/\/okindin.is\/wp-content\/uploads\/2025\/11\/ChatGPT-Image-Nov-6-2025-02_11_30-AM-768x768.png 768w\" sizes=\"(max-width: 1024px) 100vw, 1024px\" \/><\/figure>\n\n\n\n<p><strong>Dvalarsta\u00f0ir og ummerki<\/strong><\/p>\n\n\n\n<p>Silfurskottur kj\u00f3sa hl\u00fd og r\u00f6k r\u00fdmi eins og ba\u00f0herbergi, \u00fevottah\u00fas og eldh\u00fas. \u00de\u00e6r fara \u00e1 stj\u00e1 a\u00f0 n\u00e6tulagi og fela sig yfir daginn, en skj\u00f3tast sn\u00f6ggt undan ef lj\u00f3s kviknar. Ummerki geta veri\u00f0 leifar af h\u00f6mum \u00feeirra e\u00f0a nagskemmdir \u00e1 b\u00f3kum, veggf\u00f3\u00f0ri og papp\u00edr sem geymdur er \u00ed r\u00f6ku umhverfi.<\/p>\n\n\n\n<p><strong>L\u00edfsh\u00e6ttir og tj\u00f3n<\/strong><\/p>\n\n\n\n<p>\u00de\u00e6r \u00fer\u00edfast best vi\u00f0 25\u201330\u00b0C og h\u00e1an raka og lifa innandyra \u00ed allt a\u00f0 fimm \u00e1r og n\u00e6rvera \u00feeirra getur stundum bent til \u00feess a\u00f0 lagnir s\u00e9u \u00ed \u00f3lagi. Silfurskottur n\u00e6rast helst \u00e1 sterkju- og sellul\u00f3sar\u00edkum efnum en \u00e9ta einnig myglu, l\u00edm og dau\u00f0 skord\u00fdr. \u00de\u00f3tt \u00fe\u00e6r valdi almennt ekki miklu tj\u00f3ni geta \u00fe\u00e6r spillt b\u00f3kum, skj\u00f6lum og matv\u00e6lum sem geymd eru vi\u00f0 \u00f3vi\u00f0unandi skilyr\u00f0i. Vandinn er \u00fev\u00ed fyrst og fremst hvimlei\u00f0ur.<\/p>\n\n\n\n<p><strong>Forvarnir<\/strong><\/p>\n\n\n\n<p>Til a\u00f0 halda silfurskottum \u00ed skefjum er mikilv\u00e6gt a\u00f0 stj\u00f3rna rakastigi og vi\u00f0halda hreinl\u00e6ti:<\/p>\n\n\n\n<ul class=\"wp-block-list\">\n<li>Loftr\u00e6sta reglulega og draga \u00far raka.<\/li>\n\n\n\n<li>Hreinsa horn, ni\u00f0urf\u00f6ll og sv\u00e6\u00f0i undir innr\u00e9ttingum.<\/li>\n\n\n\n<li>Geyma papp\u00edr, b\u00e6kur og text\u00edl \u00e1 \u00feurrum st\u00f6\u00f0um.<\/li>\n<\/ul>\n\n\n\n<p><\/p>\n\n\n\n<p><strong>Hva\u00f0 gerir \u00d3kindin?<\/strong><\/p>\n\n\n\n<p>Ef pl\u00e1gan n\u00e6r f\u00f3tfestu duga almenn h\u00fasr\u00e1\u00f0 sjaldnast. \u00de\u00e1 er r\u00e9tt a\u00f0 leita til s\u00e9rfr\u00e6\u00f0ings. Stef\u00e1n Gaukur Rafnsson hj\u00e1 \u00d3kindinni beitir skilvirkum a\u00f0fer\u00f0um sem:<\/p>\n\n\n\n<ul class=\"wp-block-list\">\n<li>Krefjast a\u00f0eins stuttrar fjarveru \u00edb\u00faa me\u00f0an me\u00f0fer\u00f0in fer fram.<\/li>\n\n\n\n<li>Eru \u00f6ruggar fyrir b\u00f6rn og g\u00e6lud\u00fdr \u00feegar heim er komi\u00f0 aftur.<\/li>\n\n\n\n<li>Veita langvarandi v\u00f6rn fyrir endurkomu silfurskotta.&nbsp;<\/li>\n<\/ul>\n\n\n\n<p><\/p>\n\n\n\n<p>Me\u00f0 \u00feessum lausnum er h\u00e6gt a\u00f0 \u00fatr\u00fdma e\u00f0a halda silfurskottum fjarri \u00ed lengri t\u00edma, \u00e1n \u00feess a\u00f0 tefla heilsu e\u00f0a \u00f6ryggi \u00ed h\u00e6ttu. Stundum getur veri\u00f0 \u00fe\u00f6rf \u00e1 endurkomu meind\u00fdraey\u00f0is en yfirleitt l\u00ed\u00f0a nokkur \u00e1r \u00e1\u00f0ur en h\u00fan l\u00e6tur \u00e1 s\u00e9r kr\u00e6la \u00e1 n\u00fd.&nbsp;<\/p>\n","protected":false},"excerpt":{"rendered":"<p>\u00d3bo\u00f0nir n\u00e6turgestir Silfurskottan (Lepisma saccharina) er l\u00edti\u00f0, v\u00e6ngjalaust skord\u00fdr sem ver\u00f0ur a\u00f0 jafna\u00f0i 10\u201315 mm langt. H\u00fan er silfurglj\u00e1andi, afl\u00f6ng a\u00f0 l\u00f6gun og me\u00f0 \u00ferj\u00e1 einkennandi \u00fer\u00e1\u00f0f\u00e6tur aftan \u00e1 b\u00faknum og tvo langa f\u00e1lmara \u00e1 framhlutanum. Skord\u00fdri\u00f0 er upprunni\u00f0 \u00ed hitabeltinu en hefur a\u00f0lagast innil\u00edfi og finnst n\u00fa \u00ed flestum bygg\u00f0al\u00f6gum \u00e1 \u00cdslandi. Dvalarsta\u00f0ir og [&hellip;]<\/p>\n","protected":false},"author":2,"featured_media":0,"parent":729,"menu_order":0,"comment_status":"closed","ping_status":"closed","template":"","meta":{"footnotes":""},"class_list":["post-740","page","type-page","status-publish","hentry"],"yoast_head":"<!-- This site is optimized with the Yoast SEO plugin v25.3 - https:\/\/yoast.com\/wordpress\/plugins\/seo\/ -->\n<title>Silfurskotta - okindin.is<\/title>\n<meta name=\"description\" content=\"Silfurskottur eru algeng meind\u00fdr \u00e1 \u00edslenskum heimilum\" \/>\n<meta name=\"robots\" content=\"index, follow, max-snippet:-1, max-image-preview:large, max-video-preview:-1\" \/>\n<link rel=\"canonical\" href=\"https:\/\/okindin.is\/?page_id=740\" \/>\n<meta property=\"og:locale\" content=\"en_US\" \/>\n<meta property=\"og:type\" content=\"article\" \/>\n<meta property=\"og:title\" content=\"Silfurskotta - okindin.is\" \/>\n<meta property=\"og:description\" content=\"Silfurskottur eru algeng meind\u00fdr \u00e1 \u00edslenskum heimilum\" \/>\n<meta property=\"og:url\" content=\"https:\/\/okindin.is\/?page_id=740\" \/>\n<meta property=\"og:site_name\" content=\"okindin.is\" \/>\n<meta property=\"article:publisher\" content=\"https:\/\/www.facebook.com\/search\/top?q=kindin-meindravarnir\" \/>\n<meta property=\"article:modified_time\" content=\"2025-11-06T02:13:53+00:00\" \/>\n<meta property=\"og:image\" content=\"https:\/\/okindin.is\/wp-content\/uploads\/2025\/11\/ChatGPT-Image-Nov-6-2025-02_11_30-AM.png\" \/>\n\t<meta property=\"og:image:width\" content=\"1024\" \/>\n\t<meta property=\"og:image:height\" content=\"1024\" \/>\n\t<meta property=\"og:image:type\" content=\"image\/png\" \/>\n<meta name=\"twitter:card\" content=\"summary_large_image\" \/>\n<meta name=\"twitter:label1\" content=\"Est. reading time\" \/>\n\t<meta name=\"twitter:data1\" content=\"2 minutes\" \/>\n<script type=\"application\/ld+json\" class=\"yoast-schema-graph\">{\"@context\":\"https:\/\/schema.org\",\"@graph\":[{\"@type\":\"WebPage\",\"@id\":\"https:\/\/okindin.is\/?page_id=740\",\"url\":\"https:\/\/okindin.is\/?page_id=740\",\"name\":\"Silfurskotta - okindin.is\",\"isPartOf\":{\"@id\":\"https:\/\/okindin.is\/#website\"},\"primaryImageOfPage\":{\"@id\":\"https:\/\/okindin.is\/?page_id=740#primaryimage\"},\"image\":{\"@id\":\"https:\/\/okindin.is\/?page_id=740#primaryimage\"},\"thumbnailUrl\":\"https:\/\/okindin.is\/wp-content\/uploads\/2025\/11\/ChatGPT-Image-Nov-6-2025-02_11_30-AM.png\",\"datePublished\":\"2025-11-03T00:49:29+00:00\",\"dateModified\":\"2025-11-06T02:13:53+00:00\",\"description\":\"Silfurskottur eru algeng meind\u00fdr \u00e1 \u00edslenskum heimilum\",\"breadcrumb\":{\"@id\":\"https:\/\/okindin.is\/?page_id=740#breadcrumb\"},\"inLanguage\":\"en-US\",\"potentialAction\":[{\"@type\":\"ReadAction\",\"target\":[\"https:\/\/okindin.is\/?page_id=740\"]}]},{\"@type\":\"ImageObject\",\"inLanguage\":\"en-US\",\"@id\":\"https:\/\/okindin.is\/?page_id=740#primaryimage\",\"url\":\"https:\/\/okindin.is\/wp-content\/uploads\/2025\/11\/ChatGPT-Image-Nov-6-2025-02_11_30-AM.png\",\"contentUrl\":\"https:\/\/okindin.is\/wp-content\/uploads\/2025\/11\/ChatGPT-Image-Nov-6-2025-02_11_30-AM.png\",\"width\":1024,\"height\":1024},{\"@type\":\"BreadcrumbList\",\"@id\":\"https:\/\/okindin.is\/?page_id=740#breadcrumb\",\"itemListElement\":[{\"@type\":\"ListItem\",\"position\":1,\"name\":\"Home\",\"item\":\"https:\/\/okindin.is\/\"},{\"@type\":\"ListItem\",\"position\":2,\"name\":\"\u00dej\u00f3nustan\",\"item\":\"https:\/\/okindin.is\/?page_id=21\"},{\"@type\":\"ListItem\",\"position\":3,\"name\":\"Fr\u00e6\u00f0sla\",\"item\":\"https:\/\/okindin.is\/?page_id=729\"},{\"@type\":\"ListItem\",\"position\":4,\"name\":\"Silfurskotta\"}]},{\"@type\":\"WebSite\",\"@id\":\"https:\/\/okindin.is\/#website\",\"url\":\"https:\/\/okindin.is\/\",\"name\":\"okindin.is\",\"description\":\"\u00d3kindin Meind\u00fdravarnir - Meind\u00fdraey\u00f0ir\",\"publisher\":{\"@id\":\"https:\/\/okindin.is\/#organization\"},\"potentialAction\":[{\"@type\":\"SearchAction\",\"target\":{\"@type\":\"EntryPoint\",\"urlTemplate\":\"https:\/\/okindin.is\/?s={search_term_string}\"},\"query-input\":{\"@type\":\"PropertyValueSpecification\",\"valueRequired\":true,\"valueName\":\"search_term_string\"}}],\"inLanguage\":\"en-US\"},{\"@type\":\"Organization\",\"@id\":\"https:\/\/okindin.is\/#organization\",\"name\":\"\u00d3kindin ehf.\",\"url\":\"https:\/\/okindin.is\/\",\"logo\":{\"@type\":\"ImageObject\",\"inLanguage\":\"en-US\",\"@id\":\"https:\/\/okindin.is\/#\/schema\/logo\/image\/\",\"url\":\"https:\/\/okindin.is\/wp-content\/uploads\/2023\/09\/okindin-logo-1.jpg\",\"contentUrl\":\"https:\/\/okindin.is\/wp-content\/uploads\/2023\/09\/okindin-logo-1.jpg\",\"width\":1553,\"height\":1553,\"caption\":\"\u00d3kindin ehf.\"},\"image\":{\"@id\":\"https:\/\/okindin.is\/#\/schema\/logo\/image\/\"},\"sameAs\":[\"https:\/\/www.facebook.com\/search\/top?q=kindin-meindravarnir\"]}]}<\/script>\n<!-- \/ Yoast SEO plugin. -->","yoast_head_json":{"title":"Silfurskotta - okindin.is","description":"Silfurskottur eru algeng meind\u00fdr \u00e1 \u00edslenskum heimilum","robots":{"index":"index","follow":"follow","max-snippet":"max-snippet:-1","max-image-preview":"max-image-preview:large","max-video-preview":"max-video-preview:-1"},"canonical":"https:\/\/okindin.is\/?page_id=740","og_locale":"en_US","og_type":"article","og_title":"Silfurskotta - okindin.is","og_description":"Silfurskottur eru algeng meind\u00fdr \u00e1 \u00edslenskum heimilum","og_url":"https:\/\/okindin.is\/?page_id=740","og_site_name":"okindin.is","article_publisher":"https:\/\/www.facebook.com\/search\/top?q=kindin-meindravarnir","article_modified_time":"2025-11-06T02:13:53+00:00","og_image":[{"width":1024,"height":1024,"url":"https:\/\/okindin.is\/wp-content\/uploads\/2025\/11\/ChatGPT-Image-Nov-6-2025-02_11_30-AM.png","type":"image\/png"}],"twitter_card":"summary_large_image","twitter_misc":{"Est. reading time":"2 minutes"},"schema":{"@context":"https:\/\/schema.org","@graph":[{"@type":"WebPage","@id":"https:\/\/okindin.is\/?page_id=740","url":"https:\/\/okindin.is\/?page_id=740","name":"Silfurskotta - okindin.is","isPartOf":{"@id":"https:\/\/okindin.is\/#website"},"primaryImageOfPage":{"@id":"https:\/\/okindin.is\/?page_id=740#primaryimage"},"image":{"@id":"https:\/\/okindin.is\/?page_id=740#primaryimage"},"thumbnailUrl":"https:\/\/okindin.is\/wp-content\/uploads\/2025\/11\/ChatGPT-Image-Nov-6-2025-02_11_30-AM.png","datePublished":"2025-11-03T00:49:29+00:00","dateModified":"2025-11-06T02:13:53+00:00","description":"Silfurskottur eru algeng meind\u00fdr \u00e1 \u00edslenskum heimilum","breadcrumb":{"@id":"https:\/\/okindin.is\/?page_id=740#breadcrumb"},"inLanguage":"en-US","potentialAction":[{"@type":"ReadAction","target":["https:\/\/okindin.is\/?page_id=740"]}]},{"@type":"ImageObject","inLanguage":"en-US","@id":"https:\/\/okindin.is\/?page_id=740#primaryimage","url":"https:\/\/okindin.is\/wp-content\/uploads\/2025\/11\/ChatGPT-Image-Nov-6-2025-02_11_30-AM.png","contentUrl":"https:\/\/okindin.is\/wp-content\/uploads\/2025\/11\/ChatGPT-Image-Nov-6-2025-02_11_30-AM.png","width":1024,"height":1024},{"@type":"BreadcrumbList","@id":"https:\/\/okindin.is\/?page_id=740#breadcrumb","itemListElement":[{"@type":"ListItem","position":1,"name":"Home","item":"https:\/\/okindin.is\/"},{"@type":"ListItem","position":2,"name":"\u00dej\u00f3nustan","item":"https:\/\/okindin.is\/?page_id=21"},{"@type":"ListItem","position":3,"name":"Fr\u00e6\u00f0sla","item":"https:\/\/okindin.is\/?page_id=729"},{"@type":"ListItem","position":4,"name":"Silfurskotta"}]},{"@type":"WebSite","@id":"https:\/\/okindin.is\/#website","url":"https:\/\/okindin.is\/","name":"okindin.is","description":"\u00d3kindin Meind\u00fdravarnir - Meind\u00fdraey\u00f0ir","publisher":{"@id":"https:\/\/okindin.is\/#organization"},"potentialAction":[{"@type":"SearchAction","target":{"@type":"EntryPoint","urlTemplate":"https:\/\/okindin.is\/?s={search_term_string}"},"query-input":{"@type":"PropertyValueSpecification","valueRequired":true,"valueName":"search_term_string"}}],"inLanguage":"en-US"},{"@type":"Organization","@id":"https:\/\/okindin.is\/#organization","name":"\u00d3kindin ehf.","url":"https:\/\/okindin.is\/","logo":{"@type":"ImageObject","inLanguage":"en-US","@id":"https:\/\/okindin.is\/#\/schema\/logo\/image\/","url":"https:\/\/okindin.is\/wp-content\/uploads\/2023\/09\/okindin-logo-1.jpg","contentUrl":"https:\/\/okindin.is\/wp-content\/uploads\/2023\/09\/okindin-logo-1.jpg","width":1553,"height":1553,"caption":"\u00d3kindin ehf."},"image":{"@id":"https:\/\/okindin.is\/#\/schema\/logo\/image\/"},"sameAs":["https:\/\/www.facebook.com\/search\/top?q=kindin-meindravarnir"]}]}},"jetpack_sharing_enabled":true,"_links":{"self":[{"href":"https:\/\/okindin.is\/index.php?rest_route=\/wp\/v2\/pages\/740","targetHints":{"allow":["GET"]}}],"collection":[{"href":"https:\/\/okindin.is\/index.php?rest_route=\/wp\/v2\/pages"}],"about":[{"href":"https:\/\/okindin.is\/index.php?rest_route=\/wp\/v2\/types\/page"}],"author":[{"embeddable":true,"href":"https:\/\/okindin.is\/index.php?rest_route=\/wp\/v2\/users\/2"}],"replies":[{"embeddable":true,"href":"https:\/\/okindin.is\/index.php?rest_route=%2Fwp%2Fv2%2Fcomments&post=740"}],"version-history":[{"count":8,"href":"https:\/\/okindin.is\/index.php?rest_route=\/wp\/v2\/pages\/740\/revisions"}],"predecessor-version":[{"id":845,"href":"https:\/\/okindin.is\/index.php?rest_route=\/wp\/v2\/pages\/740\/revisions\/845"}],"up":[{"embeddable":true,"href":"https:\/\/okindin.is\/index.php?rest_route=\/wp\/v2\/pages\/729"}],"wp:attachment":[{"href":"https:\/\/okindin.is\/index.php?rest_route=%2Fwp%2Fv2%2Fmedia&parent=740"}],"curies":[{"name":"wp","href":"https:\/\/api.w.org\/{rel}","templated":true}]}}