{"id":748,"date":"2025-11-03T01:01:52","date_gmt":"2025-11-03T01:01:52","guid":{"rendered":"https:\/\/okindin.is\/?page_id=748"},"modified":"2025-11-03T01:55:12","modified_gmt":"2025-11-03T01:55:12","slug":"veggjalus","status":"publish","type":"page","link":"https:\/\/okindin.is\/?page_id=748","title":{"rendered":"Veggjal\u00fas"},"content":{"rendered":"\n<p><strong>B\u00edr\u00e6finn b\u00f3lf\u00e9lagi<\/strong><\/p>\n\n\n\n<p>Veggjal\u00fas (<em>Cimex lectularius<\/em>) sem einnig er \u00feekkt undir enska heitinu bed bug,&nbsp;er bl\u00f3\u00f0sj\u00fagandi skord\u00fdr sem hefur fylgt manninum fr\u00e1 \u00f6r\u00f3fi alda og er n\u00fa \u00fatbreidd um heim allan. H\u00fan kom til \u00cdslands \u00e1 s\u00ed\u00f0ari hluta 19. aldar og fann s\u00e9r b\u00f3lfestu \u00ed upphitu\u00f0u h\u00fasn\u00e6\u00f0i, en var n\u00e6r horfin um mi\u00f0ja 20. \u00f6ld me\u00f0 tilkomu skord\u00fdraey\u00f0a. \u00c1 s\u00ed\u00f0ustu \u00e1rum hefur h\u00fan hins vegar teki\u00f0 sig upp \u00e1 n\u00fd, \u00ed takt vi\u00f0 aukin fer\u00f0al\u00f6g og al\u00fej\u00f3\u00f0leg samskipti.<\/p>\n\n\n\n<figure class=\"wp-block-image size-large is-resized\"><img fetchpriority=\"high\" decoding=\"async\" width=\"1024\" height=\"683\" src=\"https:\/\/okindin.is\/wp-content\/uploads\/2025\/11\/ChatGPT-Image-Nov-3-2025-12_59_08-AM-1024x683.png\" alt=\"\" class=\"wp-image-750\" style=\"width:680px;height:auto\" srcset=\"https:\/\/okindin.is\/wp-content\/uploads\/2025\/11\/ChatGPT-Image-Nov-3-2025-12_59_08-AM-1024x683.png 1024w, https:\/\/okindin.is\/wp-content\/uploads\/2025\/11\/ChatGPT-Image-Nov-3-2025-12_59_08-AM-300x200.png 300w, https:\/\/okindin.is\/wp-content\/uploads\/2025\/11\/ChatGPT-Image-Nov-3-2025-12_59_08-AM-768x512.png 768w, https:\/\/okindin.is\/wp-content\/uploads\/2025\/11\/ChatGPT-Image-Nov-3-2025-12_59_08-AM.png 1536w\" sizes=\"(max-width: 1024px) 100vw, 1024px\" \/><\/figure>\n\n\n\n<p><strong>L\u00edfsh\u00e6ttir og dvalarsta\u00f0ir<\/strong><\/p>\n\n\n\n<p>Veggjal\u00fas heldur sig einungis \u00ed hl\u00fdjum og \u00feurrum h\u00fasakynnum. H\u00fan leitar a\u00f0 f\u00f3rnarl\u00f6mbum s\u00ednum \u00e1 n\u00e6turnar en felur sig \u00e1 daginn \u00ed sprungum, r\u00famd\u00fdnum, bak vi\u00f0 listaverk, undir g\u00f3lflistum e\u00f0a \u00ed rafmagnsd\u00f3sum. L\u00fasin s\u00fdgur bl\u00f3\u00f0 \u00ed 5\u201310 m\u00edn\u00fatur og getur \u00fe\u00e1 dregi\u00f0 til s\u00edn allt a\u00f0 sj\u00f6falda eigin l\u00edkams\u00feyngd. Fullor\u00f0i\u00f0 kvend\u00fdr verpir allt a\u00f0 500 eggjum \u00e1 \u00e6viskei\u00f0i og vi\u00f0 bestu skilyr\u00f0i n\u00e6r ungvi\u00f0i\u00f0 \u00feroska \u00e1 4\u20135 vikum.<\/p>\n\n\n\n<p><strong>Einkennandi ummerki<\/strong><\/p>\n\n\n\n<p>Merki um veggjal\u00fas m\u00e1 oftast greina \u00e1 undan \u00fev\u00ed a\u00f0 d\u00fdrin sj\u00e1ist. Einkennin eru kl\u00e1\u00f0abit \u00ed r\u00f6\u00f0um e\u00f0a kl\u00f6sum \u00e1 h\u00fa\u00f0, rau\u00f0 \u00fatbrot sem birtast nokkrum d\u00f6gum s\u00ed\u00f0ar, bl\u00f3\u00f0blettir \u00e1 r\u00famf\u00f6tum og d\u00f6kkleit \u00fargangsspor \u00e1 r\u00famstokkum. \u00de\u00f3tt flestir f\u00e1i kl\u00e1\u00f0a og \u00f3\u00fe\u00e6gindi eru til einstaklingar sem breg\u00f0ast l\u00edti\u00f0 e\u00f0a ekkert vi\u00f0 bitunum.<\/p>\n\n\n\n<p><strong>\u00c1hrif \u00e1 l\u00edfsg\u00e6\u00f0i<\/strong><\/p>\n\n\n\n<p>Veggjal\u00fas veldur ekki varanlegum skemmdum \u00e1 h\u00fasn\u00e6\u00f0i e\u00f0a innanstokksmunum og h\u00fan er ekki sta\u00f0festur smitberi alvarlegra sj\u00fakd\u00f3ma. H\u00fan getur \u00fe\u00f3 haft veruleg \u00e1hrif \u00e1 l\u00edfsg\u00e6\u00f0i, einkum vegna svefntruflana, \u00f3\u00fe\u00e6ginda og kv\u00ed\u00f0a sem fylgja n\u00e6rveru hennar.<\/p>\n\n\n\n<p><strong>\u00datr\u00fdming og a\u00f0ger\u00f0ir<\/strong><\/p>\n\n\n\n<p>Til a\u00f0 r\u00e1\u00f0a ni\u00f0url\u00f6gum veggjal\u00fasar \u00fearf skipulega og faglega n\u00e1lgun. Me\u00f0fer\u00f0 byggir oft \u00e1 samspili hitunar, frystingar, ryksugunar og efname\u00f0fer\u00f0ar. Vegna m\u00f3tst\u00f6\u00f0u sem l\u00fasin hefur \u00fer\u00f3a\u00f0 gegn sumum efnum er mikilv\u00e6gt a\u00f0 nota sam\u00fe\u00e6tta n\u00e1lgun og fylgjast reglulega me\u00f0 \u00e1rangri.<\/p>\n\n\n\n<p>Stef\u00e1n Gaukur Rafnsson, meind\u00fdraey\u00f0ir hj\u00e1 \u00d3kindinni, hefur s\u00e9rh\u00e6ft sig \u00ed a\u00f0 beita skilvirkum lausnum sem n\u00e1 til allra felusta\u00f0a veggjal\u00fasar og beitir fj\u00f6l\u00fe\u00e1tta n\u00e1lgunum til a\u00f0 tryggja sem bestan \u00e1rangur. Stef\u00e1n r\u00e1\u00f0leggur jafnframt um a\u00f0ger\u00f0ir til forvarna og eftifylgni.&nbsp;<\/p>\n\n\n\n<p><strong>Forvarnir<\/strong><\/p>\n\n\n\n<p>Forvarnir gegn veggjal\u00fas byggja \u00e1 \u00e1rvekni og eftirliti. Mikilv\u00e6gt er a\u00f0 sko\u00f0a farangur eftir fer\u00f0al\u00f6g, \u00fevo s\u00e6ngurf\u00f6t og fatna\u00f0 vi\u00f0 minnst 50\u00b0C e\u00f0a frysta hann vi\u00f0 -18\u00b0C \u00feegar grunur vaknar um smit. Reglulegt eftirlit me\u00f0 r\u00famum og h\u00fasg\u00f6gnum, einkum \u00e1 gistist\u00f6\u00f0um, hj\u00e1lpar til vi\u00f0 a\u00f0 greina vandann \u00e1 byrjunarstigi og draga \u00far l\u00edkum \u00e1 \u00fatbrei\u00f0slu.<\/p>\n","protected":false},"excerpt":{"rendered":"<p>B\u00edr\u00e6finn b\u00f3lf\u00e9lagi Veggjal\u00fas (Cimex lectularius) sem einnig er \u00feekkt undir enska heitinu bed bug,&nbsp;er bl\u00f3\u00f0sj\u00fagandi skord\u00fdr sem hefur fylgt manninum fr\u00e1 \u00f6r\u00f3fi alda og er n\u00fa \u00fatbreidd um heim allan. H\u00fan kom til \u00cdslands \u00e1 s\u00ed\u00f0ari hluta 19. aldar og fann s\u00e9r b\u00f3lfestu \u00ed upphitu\u00f0u h\u00fasn\u00e6\u00f0i, en var n\u00e6r horfin um mi\u00f0ja 20. \u00f6ld me\u00f0 [&hellip;]<\/p>\n","protected":false},"author":2,"featured_media":0,"parent":729,"menu_order":0,"comment_status":"closed","ping_status":"closed","template":"","meta":{"footnotes":""},"class_list":["post-748","page","type-page","status-publish","hentry"],"yoast_head":"<!-- This site is optimized with the Yoast SEO plugin v25.3 - https:\/\/yoast.com\/wordpress\/plugins\/seo\/ -->\n<title>Veggjal\u00fas - okindin.is<\/title>\n<meta name=\"description\" content=\"Veggjal\u00fas er bl\u00f3\u00f0sj\u00fagandi skord\u00fdr sem finnst \u00ed \u00edslenskum h\u00edb\u00fdlum\" \/>\n<meta name=\"robots\" content=\"index, follow, max-snippet:-1, max-image-preview:large, max-video-preview:-1\" \/>\n<link rel=\"canonical\" href=\"https:\/\/okindin.is\/?page_id=748\" \/>\n<meta property=\"og:locale\" content=\"en_US\" \/>\n<meta property=\"og:type\" content=\"article\" \/>\n<meta property=\"og:title\" content=\"Veggjal\u00fas - okindin.is\" \/>\n<meta property=\"og:description\" content=\"Veggjal\u00fas er bl\u00f3\u00f0sj\u00fagandi skord\u00fdr sem finnst \u00ed \u00edslenskum h\u00edb\u00fdlum\" \/>\n<meta property=\"og:url\" content=\"https:\/\/okindin.is\/?page_id=748\" \/>\n<meta property=\"og:site_name\" content=\"okindin.is\" \/>\n<meta property=\"article:publisher\" content=\"https:\/\/www.facebook.com\/search\/top?q=kindin-meindravarnir\" \/>\n<meta property=\"article:modified_time\" content=\"2025-11-03T01:55:12+00:00\" \/>\n<meta property=\"og:image\" content=\"https:\/\/okindin.is\/wp-content\/uploads\/2025\/11\/ChatGPT-Image-Nov-3-2025-12_59_08-AM-1024x683.png\" \/>\n\t<meta property=\"og:image:width\" content=\"1024\" \/>\n\t<meta property=\"og:image:height\" content=\"683\" \/>\n\t<meta property=\"og:image:type\" content=\"image\/png\" \/>\n<meta name=\"twitter:card\" content=\"summary_large_image\" \/>\n<meta name=\"twitter:label1\" content=\"Est. reading time\" \/>\n\t<meta name=\"twitter:data1\" content=\"2 minutes\" \/>\n<script type=\"application\/ld+json\" class=\"yoast-schema-graph\">{\"@context\":\"https:\/\/schema.org\",\"@graph\":[{\"@type\":\"WebPage\",\"@id\":\"https:\/\/okindin.is\/?page_id=748\",\"url\":\"https:\/\/okindin.is\/?page_id=748\",\"name\":\"Veggjal\u00fas - okindin.is\",\"isPartOf\":{\"@id\":\"https:\/\/okindin.is\/#website\"},\"primaryImageOfPage\":{\"@id\":\"https:\/\/okindin.is\/?page_id=748#primaryimage\"},\"image\":{\"@id\":\"https:\/\/okindin.is\/?page_id=748#primaryimage\"},\"thumbnailUrl\":\"https:\/\/okindin.is\/wp-content\/uploads\/2025\/11\/ChatGPT-Image-Nov-3-2025-12_59_08-AM-1024x683.png\",\"datePublished\":\"2025-11-03T01:01:52+00:00\",\"dateModified\":\"2025-11-03T01:55:12+00:00\",\"description\":\"Veggjal\u00fas er bl\u00f3\u00f0sj\u00fagandi skord\u00fdr sem finnst \u00ed \u00edslenskum h\u00edb\u00fdlum\",\"breadcrumb\":{\"@id\":\"https:\/\/okindin.is\/?page_id=748#breadcrumb\"},\"inLanguage\":\"en-US\",\"potentialAction\":[{\"@type\":\"ReadAction\",\"target\":[\"https:\/\/okindin.is\/?page_id=748\"]}]},{\"@type\":\"ImageObject\",\"inLanguage\":\"en-US\",\"@id\":\"https:\/\/okindin.is\/?page_id=748#primaryimage\",\"url\":\"https:\/\/okindin.is\/wp-content\/uploads\/2025\/11\/ChatGPT-Image-Nov-3-2025-12_59_08-AM.png\",\"contentUrl\":\"https:\/\/okindin.is\/wp-content\/uploads\/2025\/11\/ChatGPT-Image-Nov-3-2025-12_59_08-AM.png\",\"width\":1536,\"height\":1024},{\"@type\":\"BreadcrumbList\",\"@id\":\"https:\/\/okindin.is\/?page_id=748#breadcrumb\",\"itemListElement\":[{\"@type\":\"ListItem\",\"position\":1,\"name\":\"Home\",\"item\":\"https:\/\/okindin.is\/\"},{\"@type\":\"ListItem\",\"position\":2,\"name\":\"\u00dej\u00f3nustan\",\"item\":\"https:\/\/okindin.is\/?page_id=21\"},{\"@type\":\"ListItem\",\"position\":3,\"name\":\"Fr\u00e6\u00f0sla\",\"item\":\"https:\/\/okindin.is\/?page_id=729\"},{\"@type\":\"ListItem\",\"position\":4,\"name\":\"Veggjal\u00fas\"}]},{\"@type\":\"WebSite\",\"@id\":\"https:\/\/okindin.is\/#website\",\"url\":\"https:\/\/okindin.is\/\",\"name\":\"okindin.is\",\"description\":\"\u00d3kindin Meind\u00fdravarnir - Meind\u00fdraey\u00f0ir\",\"publisher\":{\"@id\":\"https:\/\/okindin.is\/#organization\"},\"potentialAction\":[{\"@type\":\"SearchAction\",\"target\":{\"@type\":\"EntryPoint\",\"urlTemplate\":\"https:\/\/okindin.is\/?s={search_term_string}\"},\"query-input\":{\"@type\":\"PropertyValueSpecification\",\"valueRequired\":true,\"valueName\":\"search_term_string\"}}],\"inLanguage\":\"en-US\"},{\"@type\":\"Organization\",\"@id\":\"https:\/\/okindin.is\/#organization\",\"name\":\"\u00d3kindin ehf.\",\"url\":\"https:\/\/okindin.is\/\",\"logo\":{\"@type\":\"ImageObject\",\"inLanguage\":\"en-US\",\"@id\":\"https:\/\/okindin.is\/#\/schema\/logo\/image\/\",\"url\":\"https:\/\/okindin.is\/wp-content\/uploads\/2023\/09\/okindin-logo-1.jpg\",\"contentUrl\":\"https:\/\/okindin.is\/wp-content\/uploads\/2023\/09\/okindin-logo-1.jpg\",\"width\":1553,\"height\":1553,\"caption\":\"\u00d3kindin ehf.\"},\"image\":{\"@id\":\"https:\/\/okindin.is\/#\/schema\/logo\/image\/\"},\"sameAs\":[\"https:\/\/www.facebook.com\/search\/top?q=kindin-meindravarnir\"]}]}<\/script>\n<!-- \/ Yoast SEO plugin. -->","yoast_head_json":{"title":"Veggjal\u00fas - okindin.is","description":"Veggjal\u00fas er bl\u00f3\u00f0sj\u00fagandi skord\u00fdr sem finnst \u00ed \u00edslenskum h\u00edb\u00fdlum","robots":{"index":"index","follow":"follow","max-snippet":"max-snippet:-1","max-image-preview":"max-image-preview:large","max-video-preview":"max-video-preview:-1"},"canonical":"https:\/\/okindin.is\/?page_id=748","og_locale":"en_US","og_type":"article","og_title":"Veggjal\u00fas - okindin.is","og_description":"Veggjal\u00fas er bl\u00f3\u00f0sj\u00fagandi skord\u00fdr sem finnst \u00ed \u00edslenskum h\u00edb\u00fdlum","og_url":"https:\/\/okindin.is\/?page_id=748","og_site_name":"okindin.is","article_publisher":"https:\/\/www.facebook.com\/search\/top?q=kindin-meindravarnir","article_modified_time":"2025-11-03T01:55:12+00:00","og_image":[{"width":1024,"height":683,"url":"https:\/\/okindin.is\/wp-content\/uploads\/2025\/11\/ChatGPT-Image-Nov-3-2025-12_59_08-AM-1024x683.png","type":"image\/png"}],"twitter_card":"summary_large_image","twitter_misc":{"Est. reading time":"2 minutes"},"schema":{"@context":"https:\/\/schema.org","@graph":[{"@type":"WebPage","@id":"https:\/\/okindin.is\/?page_id=748","url":"https:\/\/okindin.is\/?page_id=748","name":"Veggjal\u00fas - okindin.is","isPartOf":{"@id":"https:\/\/okindin.is\/#website"},"primaryImageOfPage":{"@id":"https:\/\/okindin.is\/?page_id=748#primaryimage"},"image":{"@id":"https:\/\/okindin.is\/?page_id=748#primaryimage"},"thumbnailUrl":"https:\/\/okindin.is\/wp-content\/uploads\/2025\/11\/ChatGPT-Image-Nov-3-2025-12_59_08-AM-1024x683.png","datePublished":"2025-11-03T01:01:52+00:00","dateModified":"2025-11-03T01:55:12+00:00","description":"Veggjal\u00fas er bl\u00f3\u00f0sj\u00fagandi skord\u00fdr sem finnst \u00ed \u00edslenskum h\u00edb\u00fdlum","breadcrumb":{"@id":"https:\/\/okindin.is\/?page_id=748#breadcrumb"},"inLanguage":"en-US","potentialAction":[{"@type":"ReadAction","target":["https:\/\/okindin.is\/?page_id=748"]}]},{"@type":"ImageObject","inLanguage":"en-US","@id":"https:\/\/okindin.is\/?page_id=748#primaryimage","url":"https:\/\/okindin.is\/wp-content\/uploads\/2025\/11\/ChatGPT-Image-Nov-3-2025-12_59_08-AM.png","contentUrl":"https:\/\/okindin.is\/wp-content\/uploads\/2025\/11\/ChatGPT-Image-Nov-3-2025-12_59_08-AM.png","width":1536,"height":1024},{"@type":"BreadcrumbList","@id":"https:\/\/okindin.is\/?page_id=748#breadcrumb","itemListElement":[{"@type":"ListItem","position":1,"name":"Home","item":"https:\/\/okindin.is\/"},{"@type":"ListItem","position":2,"name":"\u00dej\u00f3nustan","item":"https:\/\/okindin.is\/?page_id=21"},{"@type":"ListItem","position":3,"name":"Fr\u00e6\u00f0sla","item":"https:\/\/okindin.is\/?page_id=729"},{"@type":"ListItem","position":4,"name":"Veggjal\u00fas"}]},{"@type":"WebSite","@id":"https:\/\/okindin.is\/#website","url":"https:\/\/okindin.is\/","name":"okindin.is","description":"\u00d3kindin Meind\u00fdravarnir - Meind\u00fdraey\u00f0ir","publisher":{"@id":"https:\/\/okindin.is\/#organization"},"potentialAction":[{"@type":"SearchAction","target":{"@type":"EntryPoint","urlTemplate":"https:\/\/okindin.is\/?s={search_term_string}"},"query-input":{"@type":"PropertyValueSpecification","valueRequired":true,"valueName":"search_term_string"}}],"inLanguage":"en-US"},{"@type":"Organization","@id":"https:\/\/okindin.is\/#organization","name":"\u00d3kindin ehf.","url":"https:\/\/okindin.is\/","logo":{"@type":"ImageObject","inLanguage":"en-US","@id":"https:\/\/okindin.is\/#\/schema\/logo\/image\/","url":"https:\/\/okindin.is\/wp-content\/uploads\/2023\/09\/okindin-logo-1.jpg","contentUrl":"https:\/\/okindin.is\/wp-content\/uploads\/2023\/09\/okindin-logo-1.jpg","width":1553,"height":1553,"caption":"\u00d3kindin ehf."},"image":{"@id":"https:\/\/okindin.is\/#\/schema\/logo\/image\/"},"sameAs":["https:\/\/www.facebook.com\/search\/top?q=kindin-meindravarnir"]}]}},"jetpack_sharing_enabled":true,"_links":{"self":[{"href":"https:\/\/okindin.is\/index.php?rest_route=\/wp\/v2\/pages\/748","targetHints":{"allow":["GET"]}}],"collection":[{"href":"https:\/\/okindin.is\/index.php?rest_route=\/wp\/v2\/pages"}],"about":[{"href":"https:\/\/okindin.is\/index.php?rest_route=\/wp\/v2\/types\/page"}],"author":[{"embeddable":true,"href":"https:\/\/okindin.is\/index.php?rest_route=\/wp\/v2\/users\/2"}],"replies":[{"embeddable":true,"href":"https:\/\/okindin.is\/index.php?rest_route=%2Fwp%2Fv2%2Fcomments&post=748"}],"version-history":[{"count":4,"href":"https:\/\/okindin.is\/index.php?rest_route=\/wp\/v2\/pages\/748\/revisions"}],"predecessor-version":[{"id":841,"href":"https:\/\/okindin.is\/index.php?rest_route=\/wp\/v2\/pages\/748\/revisions\/841"}],"up":[{"embeddable":true,"href":"https:\/\/okindin.is\/index.php?rest_route=\/wp\/v2\/pages\/729"}],"wp:attachment":[{"href":"https:\/\/okindin.is\/index.php?rest_route=%2Fwp%2Fv2%2Fmedia&parent=748"}],"curies":[{"name":"wp","href":"https:\/\/api.w.org\/{rel}","templated":true}]}}