{"id":765,"date":"2025-11-03T01:33:28","date_gmt":"2025-11-03T01:33:28","guid":{"rendered":"https:\/\/okindin.is\/?page_id=765"},"modified":"2025-11-03T01:52:29","modified_gmt":"2025-11-03T01:52:29","slug":"starinn-og-staraflo","status":"publish","type":"page","link":"https:\/\/okindin.is\/?page_id=765","title":{"rendered":"Starinn og starafl\u00f3"},"content":{"rendered":"\n<p><strong>Tv\u00edeyki sem enginn vill f\u00e1 \u00ed heims\u00f3kn<\/strong><\/p>\n\n\n\n<p><strong>Starinn (Sturnus vulgaris)<\/strong> er algengur fugl \u00e1 \u00cdslandi sem leitar gjarnan \u00ed n\u00e1b\u00fdli vi\u00f0 manninn. Hann n\u00fdtir s\u00e9r holr\u00fdmi \u00ed mannvirkjum, einkum undir \u00feakskeggjum, \u00e1 bak vi\u00f0 kl\u00e6\u00f0ningar og \u00e1 \u00f6\u00f0rum samb\u00e6rilegum st\u00f6\u00f0um til a\u00f0 gera s\u00e9r hrei\u00f0ur \u00e1 vorin. Starinn \u00fearf ekki nema um 4 cm op til a\u00f0 tro\u00f0a s\u00e9r inn \u00ed \u00e1litlegt hrei\u00f0urst\u00e6\u00f0i og getur \u00fev\u00ed au\u00f0veldlega komist a\u00f0 ef fr\u00e1gangur er \u00f3fulln\u00e6gjandi. \u00de\u00f3tt fuglinn s\u00e9 fri\u00f0a\u00f0ur og l\u00edflegur vorbo\u00f0i fylgir hrei\u00f0urger\u00f0 hans \u00ed h\u00fasum \u00f3hj\u00e1kv\u00e6milega aukin h\u00e6tta \u00e1 \u00f3\u00fe\u00e6gindum af v\u00f6ldum <strong>starafl\u00f3ar (Ceratophyllus gallinae)<\/strong>, agnarl\u00edtils skord\u00fdrs sem er um 1,5\u20132,5 mm a\u00f0 lengd.<\/p>\n\n\n\n<figure class=\"wp-block-image size-large is-resized\"><img fetchpriority=\"high\" decoding=\"async\" width=\"683\" height=\"1024\" src=\"https:\/\/okindin.is\/wp-content\/uploads\/2025\/11\/ChatGPT-Image-Nov-3-2025-01_27_28-AM-683x1024.png\" alt=\"\" class=\"wp-image-767\" style=\"width:353px;height:auto\" srcset=\"https:\/\/okindin.is\/wp-content\/uploads\/2025\/11\/ChatGPT-Image-Nov-3-2025-01_27_28-AM-683x1024.png 683w, https:\/\/okindin.is\/wp-content\/uploads\/2025\/11\/ChatGPT-Image-Nov-3-2025-01_27_28-AM-200x300.png 200w, https:\/\/okindin.is\/wp-content\/uploads\/2025\/11\/ChatGPT-Image-Nov-3-2025-01_27_28-AM-768x1152.png 768w, https:\/\/okindin.is\/wp-content\/uploads\/2025\/11\/ChatGPT-Image-Nov-3-2025-01_27_28-AM.png 1024w\" sizes=\"(max-width: 683px) 100vw, 683px\" \/><\/figure>\n\n\n\n<p><strong>Starafl\u00f3 og l\u00edfsh\u00e6ttir hennar<\/strong><\/p>\n\n\n\n<p>Starafl\u00f3 n\u00e6rist \u00e1 bl\u00f3\u00f0i og lifir a\u00f0allega \u00e1 fuglum, s\u00e9rstaklega \u00ed hrei\u00f0rum stara og mar\u00eduerlu. H\u00fan heldur sig \u00ed hrei\u00f0runum \u00fear sem h\u00fan verpir og lifir sem lirfa \u00ed \u00fargangi fugla og \u00f6\u00f0ru l\u00edfr\u00e6nu efni sem safnast fyrir. Fullor\u00f0nar fl\u00e6r skr\u00ed\u00f0a fram \u00e1 vorin og b\u00ed\u00f0a \u00fear sem fuglarnir koma \u00ed hrei\u00f0ri\u00f0. Ef stari sn\u00fdr aftur r\u00edkir oft nokkur fri\u00f0ur, en ef hann hverfur, hrei\u00f0ri\u00f0 er fjarl\u00e6gt of snemma e\u00f0a loka\u00f0 fyrir a\u00f0gengi a\u00f0 hrei\u00f0urhrauk vakna fl\u00e6rnar svangar og leita s\u00e9r n\u00fdrra bl\u00f3\u00f0gjafa. \u00de\u00e1 rata \u00fe\u00e6r gjarnan inn \u00ed h\u00fas \u00fear sem \u00fe\u00e6r geta biti\u00f0 menn og g\u00e6lud\u00fdr.<\/p>\n\n\n\n<figure class=\"wp-block-image size-full is-resized\"><img decoding=\"async\" width=\"1024\" height=\"1024\" src=\"https:\/\/okindin.is\/wp-content\/uploads\/2025\/11\/ChatGPT-Image-Nov-3-2025-01_32_06-AM.png\" alt=\"\" class=\"wp-image-768\" style=\"width:311px;height:auto\" srcset=\"https:\/\/okindin.is\/wp-content\/uploads\/2025\/11\/ChatGPT-Image-Nov-3-2025-01_32_06-AM.png 1024w, https:\/\/okindin.is\/wp-content\/uploads\/2025\/11\/ChatGPT-Image-Nov-3-2025-01_32_06-AM-300x300.png 300w, https:\/\/okindin.is\/wp-content\/uploads\/2025\/11\/ChatGPT-Image-Nov-3-2025-01_32_06-AM-150x150.png 150w, https:\/\/okindin.is\/wp-content\/uploads\/2025\/11\/ChatGPT-Image-Nov-3-2025-01_32_06-AM-768x768.png 768w\" sizes=\"(max-width: 1024px) 100vw, 1024px\" \/><\/figure>\n\n\n\n<p><strong>\u00d3\u00fe\u00e6gindi og \u00e1hrif<\/strong><\/p>\n\n\n\n<p>\u00de\u00f3tt starafl\u00f3 n\u00e1i ekki a\u00f0 fj\u00f6lga s\u00e9r \u00ed \u00edb\u00fa\u00f0arh\u00fasum getur n\u00e6rvera hennar valdi\u00f0 miklum \u00f3\u00fe\u00e6gindum. Bitin eru s\u00e1rsaukafull, valda kl\u00e1\u00f0a og stundum b\u00f3lgum. Fl\u00e6rnar skr\u00ed\u00f0a gjarnan upp \u00ed fatna\u00f0, b\u00edta h\u00fa\u00f0ina undir sk\u00e1lmum, beltum e\u00f0a upp \u00ed r\u00famum, og geta \u00feannig or\u00f0i\u00f0 vi\u00f0varandi vandi yfir sumarm\u00e1nu\u00f0ina.<\/p>\n\n\n\n<p><strong>Forvarnir<\/strong><\/p>\n\n\n\n<p>\u2022 Tryggja \u00fearf g\u00f3\u00f0an fr\u00e1gang vi\u00f0 \u00fe\u00f6k og veggi svo fuglar komist ekki a\u00f0.<br>\u2022 Fjarl\u00e6gja hrei\u00f0ur \u00e1 hausti e\u00f0a vetri \u00feegar n\u00fd kynsl\u00f3\u00f0 fl\u00f3arinnar er \u00ed dvala.<br>\u2022 Hreinsa skal upp \u00f6ll hrei\u00f0urefni og, ef \u00fe\u00f6rf krefur, me\u00f0h\u00f6ndla sv\u00e6\u00f0i\u00f0 me\u00f0 vi\u00f0eigandi efnum.<br>\u2022 Takmarka a\u00f0gang g\u00e6lud\u00fdra a\u00f0 sv\u00e6\u00f0um \u00fear sem fl\u00e6r g\u00e6tu veri\u00f0 til sta\u00f0ar.<\/p>\n\n\n\n<p><\/p>\n\n\n\n<p><strong>Hva\u00f0 gerir \u00d3kindin?<\/strong><\/p>\n\n\n\n<p>\u00d3kindin s\u00e9rh\u00e6fir sig \u00ed a\u00f0 leysa vandam\u00e1l sem tengjast starahrei\u00f0rum og starafl\u00f3:<br>\u2022 Fjarl\u00e6gir hrei\u00f0ur \u00e1 \u00f6ruggan og l\u00f6glegan h\u00e1tt.<br>\u2022 R\u00e1\u00f0leggur um varanlegar endurb\u00e6tur \u00e1 fr\u00e1gangi h\u00fasa.<br>\u2022 Beitir r\u00e9ttum varnarefnum til a\u00f0 draga \u00far og fyrirbyggja \u00e1gang fl\u00f3a.<\/p>\n\n\n\n<p><\/p>\n\n\n\n<p>Me\u00f0 r\u00e9ttri n\u00e1lgun er h\u00e6gt a\u00f0 tryggja fri\u00f0 \u00ed h\u00edb\u00fdlum og koma \u00ed veg fyrir a\u00f0 \u00feessir \u00f3bo\u00f0nu f\u00f6runautar stara geri sig heimakomna me\u00f0 tilheyrandi \u00f3notum og vandr\u00e6\u00f0um.<\/p>\n\n\n\n<p><\/p>\n","protected":false},"excerpt":{"rendered":"<p>Tv\u00edeyki sem enginn vill f\u00e1 \u00ed heims\u00f3kn Starinn (Sturnus vulgaris) er algengur fugl \u00e1 \u00cdslandi sem leitar gjarnan \u00ed n\u00e1b\u00fdli vi\u00f0 manninn. Hann n\u00fdtir s\u00e9r holr\u00fdmi \u00ed mannvirkjum, einkum undir \u00feakskeggjum, \u00e1 bak vi\u00f0 kl\u00e6\u00f0ningar og \u00e1 \u00f6\u00f0rum samb\u00e6rilegum st\u00f6\u00f0um til a\u00f0 gera s\u00e9r hrei\u00f0ur \u00e1 vorin. Starinn \u00fearf ekki nema um 4 cm op [&hellip;]<\/p>\n","protected":false},"author":2,"featured_media":0,"parent":729,"menu_order":0,"comment_status":"closed","ping_status":"closed","template":"","meta":{"footnotes":""},"class_list":["post-765","page","type-page","status-publish","hentry"],"yoast_head":"<!-- This site is optimized with the Yoast SEO plugin v25.3 - https:\/\/yoast.com\/wordpress\/plugins\/seo\/ -->\n<title>Starinn og starafl\u00f3 - okindin.is<\/title>\n<meta name=\"description\" content=\"Stari s\u00e6kir \u00ed a\u00f0 gera s\u00e9r hrei\u00f0ur \u00ed mannab\u00fast\u00f6\u00f0um og ber gjarnan me\u00f0 s\u00e9r starafl\u00f3\" \/>\n<meta name=\"robots\" content=\"index, follow, max-snippet:-1, max-image-preview:large, max-video-preview:-1\" \/>\n<link rel=\"canonical\" href=\"https:\/\/okindin.is\/?page_id=765\" \/>\n<meta property=\"og:locale\" content=\"en_US\" \/>\n<meta property=\"og:type\" content=\"article\" \/>\n<meta property=\"og:title\" content=\"Starinn og starafl\u00f3 - okindin.is\" \/>\n<meta property=\"og:description\" content=\"Stari s\u00e6kir \u00ed a\u00f0 gera s\u00e9r hrei\u00f0ur \u00ed mannab\u00fast\u00f6\u00f0um og ber gjarnan me\u00f0 s\u00e9r starafl\u00f3\" \/>\n<meta property=\"og:url\" content=\"https:\/\/okindin.is\/?page_id=765\" \/>\n<meta property=\"og:site_name\" content=\"okindin.is\" \/>\n<meta property=\"article:publisher\" content=\"https:\/\/www.facebook.com\/search\/top?q=kindin-meindravarnir\" \/>\n<meta property=\"article:modified_time\" content=\"2025-11-03T01:52:29+00:00\" \/>\n<meta property=\"og:image\" content=\"https:\/\/okindin.is\/wp-content\/uploads\/2025\/11\/ChatGPT-Image-Nov-3-2025-01_27_28-AM-683x1024.png\" \/>\n\t<meta property=\"og:image:width\" content=\"683\" \/>\n\t<meta property=\"og:image:height\" content=\"1024\" \/>\n\t<meta property=\"og:image:type\" content=\"image\/png\" \/>\n<meta name=\"twitter:card\" content=\"summary_large_image\" \/>\n<meta name=\"twitter:label1\" content=\"Est. reading time\" \/>\n\t<meta name=\"twitter:data1\" content=\"3 minutes\" \/>\n<script type=\"application\/ld+json\" class=\"yoast-schema-graph\">{\"@context\":\"https:\/\/schema.org\",\"@graph\":[{\"@type\":\"WebPage\",\"@id\":\"https:\/\/okindin.is\/?page_id=765\",\"url\":\"https:\/\/okindin.is\/?page_id=765\",\"name\":\"Starinn og starafl\u00f3 - okindin.is\",\"isPartOf\":{\"@id\":\"https:\/\/okindin.is\/#website\"},\"primaryImageOfPage\":{\"@id\":\"https:\/\/okindin.is\/?page_id=765#primaryimage\"},\"image\":{\"@id\":\"https:\/\/okindin.is\/?page_id=765#primaryimage\"},\"thumbnailUrl\":\"https:\/\/okindin.is\/wp-content\/uploads\/2025\/11\/ChatGPT-Image-Nov-3-2025-01_27_28-AM-683x1024.png\",\"datePublished\":\"2025-11-03T01:33:28+00:00\",\"dateModified\":\"2025-11-03T01:52:29+00:00\",\"description\":\"Stari s\u00e6kir \u00ed a\u00f0 gera s\u00e9r hrei\u00f0ur \u00ed mannab\u00fast\u00f6\u00f0um og ber gjarnan me\u00f0 s\u00e9r starafl\u00f3\",\"breadcrumb\":{\"@id\":\"https:\/\/okindin.is\/?page_id=765#breadcrumb\"},\"inLanguage\":\"en-US\",\"potentialAction\":[{\"@type\":\"ReadAction\",\"target\":[\"https:\/\/okindin.is\/?page_id=765\"]}]},{\"@type\":\"ImageObject\",\"inLanguage\":\"en-US\",\"@id\":\"https:\/\/okindin.is\/?page_id=765#primaryimage\",\"url\":\"https:\/\/okindin.is\/wp-content\/uploads\/2025\/11\/ChatGPT-Image-Nov-3-2025-01_27_28-AM.png\",\"contentUrl\":\"https:\/\/okindin.is\/wp-content\/uploads\/2025\/11\/ChatGPT-Image-Nov-3-2025-01_27_28-AM.png\",\"width\":1024,\"height\":1536},{\"@type\":\"BreadcrumbList\",\"@id\":\"https:\/\/okindin.is\/?page_id=765#breadcrumb\",\"itemListElement\":[{\"@type\":\"ListItem\",\"position\":1,\"name\":\"Home\",\"item\":\"https:\/\/okindin.is\/\"},{\"@type\":\"ListItem\",\"position\":2,\"name\":\"\u00dej\u00f3nustan\",\"item\":\"https:\/\/okindin.is\/?page_id=21\"},{\"@type\":\"ListItem\",\"position\":3,\"name\":\"Fr\u00e6\u00f0sla\",\"item\":\"https:\/\/okindin.is\/?page_id=729\"},{\"@type\":\"ListItem\",\"position\":4,\"name\":\"Starinn og starafl\u00f3\"}]},{\"@type\":\"WebSite\",\"@id\":\"https:\/\/okindin.is\/#website\",\"url\":\"https:\/\/okindin.is\/\",\"name\":\"okindin.is\",\"description\":\"\u00d3kindin Meind\u00fdravarnir - Meind\u00fdraey\u00f0ir\",\"publisher\":{\"@id\":\"https:\/\/okindin.is\/#organization\"},\"potentialAction\":[{\"@type\":\"SearchAction\",\"target\":{\"@type\":\"EntryPoint\",\"urlTemplate\":\"https:\/\/okindin.is\/?s={search_term_string}\"},\"query-input\":{\"@type\":\"PropertyValueSpecification\",\"valueRequired\":true,\"valueName\":\"search_term_string\"}}],\"inLanguage\":\"en-US\"},{\"@type\":\"Organization\",\"@id\":\"https:\/\/okindin.is\/#organization\",\"name\":\"\u00d3kindin ehf.\",\"url\":\"https:\/\/okindin.is\/\",\"logo\":{\"@type\":\"ImageObject\",\"inLanguage\":\"en-US\",\"@id\":\"https:\/\/okindin.is\/#\/schema\/logo\/image\/\",\"url\":\"https:\/\/okindin.is\/wp-content\/uploads\/2023\/09\/okindin-logo-1.jpg\",\"contentUrl\":\"https:\/\/okindin.is\/wp-content\/uploads\/2023\/09\/okindin-logo-1.jpg\",\"width\":1553,\"height\":1553,\"caption\":\"\u00d3kindin ehf.\"},\"image\":{\"@id\":\"https:\/\/okindin.is\/#\/schema\/logo\/image\/\"},\"sameAs\":[\"https:\/\/www.facebook.com\/search\/top?q=kindin-meindravarnir\"]}]}<\/script>\n<!-- \/ Yoast SEO plugin. -->","yoast_head_json":{"title":"Starinn og starafl\u00f3 - okindin.is","description":"Stari s\u00e6kir \u00ed a\u00f0 gera s\u00e9r hrei\u00f0ur \u00ed mannab\u00fast\u00f6\u00f0um og ber gjarnan me\u00f0 s\u00e9r starafl\u00f3","robots":{"index":"index","follow":"follow","max-snippet":"max-snippet:-1","max-image-preview":"max-image-preview:large","max-video-preview":"max-video-preview:-1"},"canonical":"https:\/\/okindin.is\/?page_id=765","og_locale":"en_US","og_type":"article","og_title":"Starinn og starafl\u00f3 - okindin.is","og_description":"Stari s\u00e6kir \u00ed a\u00f0 gera s\u00e9r hrei\u00f0ur \u00ed mannab\u00fast\u00f6\u00f0um og ber gjarnan me\u00f0 s\u00e9r starafl\u00f3","og_url":"https:\/\/okindin.is\/?page_id=765","og_site_name":"okindin.is","article_publisher":"https:\/\/www.facebook.com\/search\/top?q=kindin-meindravarnir","article_modified_time":"2025-11-03T01:52:29+00:00","og_image":[{"width":683,"height":1024,"url":"https:\/\/okindin.is\/wp-content\/uploads\/2025\/11\/ChatGPT-Image-Nov-3-2025-01_27_28-AM-683x1024.png","type":"image\/png"}],"twitter_card":"summary_large_image","twitter_misc":{"Est. reading time":"3 minutes"},"schema":{"@context":"https:\/\/schema.org","@graph":[{"@type":"WebPage","@id":"https:\/\/okindin.is\/?page_id=765","url":"https:\/\/okindin.is\/?page_id=765","name":"Starinn og starafl\u00f3 - okindin.is","isPartOf":{"@id":"https:\/\/okindin.is\/#website"},"primaryImageOfPage":{"@id":"https:\/\/okindin.is\/?page_id=765#primaryimage"},"image":{"@id":"https:\/\/okindin.is\/?page_id=765#primaryimage"},"thumbnailUrl":"https:\/\/okindin.is\/wp-content\/uploads\/2025\/11\/ChatGPT-Image-Nov-3-2025-01_27_28-AM-683x1024.png","datePublished":"2025-11-03T01:33:28+00:00","dateModified":"2025-11-03T01:52:29+00:00","description":"Stari s\u00e6kir \u00ed a\u00f0 gera s\u00e9r hrei\u00f0ur \u00ed mannab\u00fast\u00f6\u00f0um og ber gjarnan me\u00f0 s\u00e9r starafl\u00f3","breadcrumb":{"@id":"https:\/\/okindin.is\/?page_id=765#breadcrumb"},"inLanguage":"en-US","potentialAction":[{"@type":"ReadAction","target":["https:\/\/okindin.is\/?page_id=765"]}]},{"@type":"ImageObject","inLanguage":"en-US","@id":"https:\/\/okindin.is\/?page_id=765#primaryimage","url":"https:\/\/okindin.is\/wp-content\/uploads\/2025\/11\/ChatGPT-Image-Nov-3-2025-01_27_28-AM.png","contentUrl":"https:\/\/okindin.is\/wp-content\/uploads\/2025\/11\/ChatGPT-Image-Nov-3-2025-01_27_28-AM.png","width":1024,"height":1536},{"@type":"BreadcrumbList","@id":"https:\/\/okindin.is\/?page_id=765#breadcrumb","itemListElement":[{"@type":"ListItem","position":1,"name":"Home","item":"https:\/\/okindin.is\/"},{"@type":"ListItem","position":2,"name":"\u00dej\u00f3nustan","item":"https:\/\/okindin.is\/?page_id=21"},{"@type":"ListItem","position":3,"name":"Fr\u00e6\u00f0sla","item":"https:\/\/okindin.is\/?page_id=729"},{"@type":"ListItem","position":4,"name":"Starinn og starafl\u00f3"}]},{"@type":"WebSite","@id":"https:\/\/okindin.is\/#website","url":"https:\/\/okindin.is\/","name":"okindin.is","description":"\u00d3kindin Meind\u00fdravarnir - Meind\u00fdraey\u00f0ir","publisher":{"@id":"https:\/\/okindin.is\/#organization"},"potentialAction":[{"@type":"SearchAction","target":{"@type":"EntryPoint","urlTemplate":"https:\/\/okindin.is\/?s={search_term_string}"},"query-input":{"@type":"PropertyValueSpecification","valueRequired":true,"valueName":"search_term_string"}}],"inLanguage":"en-US"},{"@type":"Organization","@id":"https:\/\/okindin.is\/#organization","name":"\u00d3kindin ehf.","url":"https:\/\/okindin.is\/","logo":{"@type":"ImageObject","inLanguage":"en-US","@id":"https:\/\/okindin.is\/#\/schema\/logo\/image\/","url":"https:\/\/okindin.is\/wp-content\/uploads\/2023\/09\/okindin-logo-1.jpg","contentUrl":"https:\/\/okindin.is\/wp-content\/uploads\/2023\/09\/okindin-logo-1.jpg","width":1553,"height":1553,"caption":"\u00d3kindin ehf."},"image":{"@id":"https:\/\/okindin.is\/#\/schema\/logo\/image\/"},"sameAs":["https:\/\/www.facebook.com\/search\/top?q=kindin-meindravarnir"]}]}},"jetpack_sharing_enabled":true,"_links":{"self":[{"href":"https:\/\/okindin.is\/index.php?rest_route=\/wp\/v2\/pages\/765","targetHints":{"allow":["GET"]}}],"collection":[{"href":"https:\/\/okindin.is\/index.php?rest_route=\/wp\/v2\/pages"}],"about":[{"href":"https:\/\/okindin.is\/index.php?rest_route=\/wp\/v2\/types\/page"}],"author":[{"embeddable":true,"href":"https:\/\/okindin.is\/index.php?rest_route=\/wp\/v2\/users\/2"}],"replies":[{"embeddable":true,"href":"https:\/\/okindin.is\/index.php?rest_route=%2Fwp%2Fv2%2Fcomments&post=765"}],"version-history":[{"count":3,"href":"https:\/\/okindin.is\/index.php?rest_route=\/wp\/v2\/pages\/765\/revisions"}],"predecessor-version":[{"id":785,"href":"https:\/\/okindin.is\/index.php?rest_route=\/wp\/v2\/pages\/765\/revisions\/785"}],"up":[{"embeddable":true,"href":"https:\/\/okindin.is\/index.php?rest_route=\/wp\/v2\/pages\/729"}],"wp:attachment":[{"href":"https:\/\/okindin.is\/index.php?rest_route=%2Fwp%2Fv2%2Fmedia&parent=765"}],"curies":[{"name":"wp","href":"https:\/\/api.w.org\/{rel}","templated":true}]}}