{"id":773,"date":"2025-11-03T01:42:16","date_gmt":"2025-11-03T01:42:16","guid":{"rendered":"https:\/\/okindin.is\/?page_id=773"},"modified":"2025-11-03T01:53:36","modified_gmt":"2025-11-03T01:53:36","slug":"husamys-og-hagamys","status":"publish","type":"page","link":"https:\/\/okindin.is\/?page_id=773","title":{"rendered":"H\u00fasam\u00fds og hagam\u00fds"},"content":{"rendered":"\n<p><strong>Hvimlei\u00f0ar bo\u00f0flennur \u00e1 heimilum og \u00ed fyrirt\u00e6kjum<\/strong><\/p>\n\n\n\n<p>\u00c1 \u00cdslandi er a\u00f0 finna tv\u00e6r tegundir m\u00fasa,<strong> h\u00fasam\u00fas (Mus musculus)<\/strong> og <strong>hagam\u00fas (Apodemus sylvaticus)<\/strong>. H\u00fasam\u00fasin er n\u00e1tengd manninum og s\u00e6kir \u00ed skj\u00f3l og f\u00e6\u00f0u innandyra, en hagam\u00fasin heldur sig a\u00f0 jafna\u00f0i \u00ed gr\u00f3nu landi en getur leita\u00f0 inn \u00ed h\u00edb\u00fdli \u00feegar k\u00f3lnar e\u00f0a n\u00e1tt\u00faruleg f\u00e6\u00f0a er af skornum skammti. B\u00e1\u00f0ar tegundir geta valdi\u00f0 \u00f3n\u00e6\u00f0i og tj\u00f3ni \u2013 menga\u00f0 matv\u00e6li, naga\u00f0 rafmagnslagnir, einangrun og h\u00fasg\u00f6gn, og skapa\u00f0 h\u00e6ttu \u00e1 eldsvo\u00f0a e\u00f0a smiti.<\/p>\n\n\n\n<figure class=\"wp-block-image size-large is-resized\"><img fetchpriority=\"high\" decoding=\"async\" width=\"1024\" height=\"683\" src=\"https:\/\/okindin.is\/wp-content\/uploads\/2025\/11\/ChatGPT-Image-Nov-3-2025-12_44_43-AM-1-1024x683.png\" alt=\"\" class=\"wp-image-776\" style=\"width:608px;height:auto\" srcset=\"https:\/\/okindin.is\/wp-content\/uploads\/2025\/11\/ChatGPT-Image-Nov-3-2025-12_44_43-AM-1-1024x683.png 1024w, https:\/\/okindin.is\/wp-content\/uploads\/2025\/11\/ChatGPT-Image-Nov-3-2025-12_44_43-AM-1-300x200.png 300w, https:\/\/okindin.is\/wp-content\/uploads\/2025\/11\/ChatGPT-Image-Nov-3-2025-12_44_43-AM-1-768x512.png 768w, https:\/\/okindin.is\/wp-content\/uploads\/2025\/11\/ChatGPT-Image-Nov-3-2025-12_44_43-AM-1.png 1536w\" sizes=\"(max-width: 1024px) 100vw, 1024px\" \/><figcaption class=\"wp-element-caption\">Hagam\u00fas til vinstri, h\u00fasam\u00fas h\u00e6gri<\/figcaption><\/figure>\n\n\n\n<p><strong>Dvalarsta\u00f0ir og ummerki<\/strong><\/p>\n\n\n\n<p>M\u00fdsnar finna s\u00e9r gjarnan lei\u00f0 inn \u00ed h\u00fas \u00ed gegnum litlar sprungur og g\u00f6t. \u00de\u00e6r byggja s\u00e9r hrei\u00f0ur \u00ed einangrun, geymslum og hornum \u00fear sem l\u00edti\u00f0 er um truflun. Einkennandi ummerki eru d\u00f6kkleit m\u00fasasp\u00f6r\u00f0, nagmerki \u00e1 umb\u00fa\u00f0um e\u00f0a vi\u00f0i, og \u00ferusk og tipl \u00ed veggjum og loftum \u00feegar \u00fe\u00e6r fara um, einkum a\u00f0 n\u00e6turlagi.<\/p>\n\n\n\n<p><strong>L\u00edfsh\u00e6ttir og tj\u00f3n<\/strong><\/p>\n\n\n\n<p>M\u00fdsnar eru al\u00e6tur og s\u00e6kja s\u00e9rstaklega \u00ed korn, fr\u00e6 og brau\u00f0meti, en naga einnig papp\u00edr, text\u00edl og plastumb\u00fa\u00f0ir. \u00de\u00e6r fj\u00f6lga s\u00e9r hratt og geta stofnar \u00fev\u00ed vaxi\u00f0 \u00e1 sk\u00f6mmum t\u00edma vi\u00f0 kj\u00f6ra\u00f0st\u00e6\u00f0ur. Mengun \u00e1 matv\u00e6lum og skemmdir \u00e1 eignum geta haft b\u00e6\u00f0i fj\u00e1rhagslegar og heilsufarslegar aflei\u00f0ingar \u2013 ekki s\u00edst \u00ed matv\u00e6lafyrirt\u00e6kjum \u00fear sem strangar kr\u00f6fur eru ger\u00f0ar um hreinl\u00e6ti og \u00f6ryggi.<\/p>\n\n\n\n<p><strong>Forvarnir<\/strong><\/p>\n\n\n\n<p>Til a\u00f0 verjast m\u00fasum er mikilv\u00e6gt a\u00f0:<br>\u2022 Loka \u00f6llum sprungum og g\u00f6tum \u00ed byggingum.<br>\u2022 Geyma matv\u00e6li \u00ed \u00fe\u00e9ttum \u00edl\u00e1tum.<br>\u2022 Halda snyrtilegu \u00ed og vi\u00f0 h\u00fas og fjarl\u00e6gja rusl og f\u00f3\u00f0urleifar.<br>\u2022 \u00der\u00edfa reglulega \u00ed geymslum og \u00f3notu\u00f0um hornum.<\/p>\n\n\n\n<p><\/p>\n\n\n\n<p><strong>Hva\u00f0 gerir \u00d3kindin?<\/strong><\/p>\n\n\n\n<p>\u00d3kindin bregst flj\u00f3tt og \u00f6rugglega vi\u00f0 vandam\u00e1lum af v\u00f6ldum m\u00fasa, b\u00e6\u00f0i \u00e1 heimilum og \u00ed fyrirt\u00e6kjum. Bo\u00f0i\u00f0 er upp \u00e1 reglubundna v\u00f6ktunar\u00fej\u00f3nustu me\u00f0 \u00fear til ger\u00f0um safngildrum og beitust\u00f6\u00f0vum auk \u00feess sem veitt er r\u00e1\u00f0gj\u00f6f um forvarnir og fr\u00e1gang til a\u00f0 fyrirbyggja endurkomu. Fagleg n\u00e1lgun \u00d3kindarinnar er til \u00feess fallin a\u00f0:<br>\u2022 Tryggja \u00f6rugga \u00fatr\u00fdmingu me\u00f0 r\u00e9ttum gildrum og varnaefnum.<br>\u2022 Fyrirbyggja a\u00f0 g\u00e6lud\u00fdr e\u00f0a b\u00f6rn b\u00ed\u00f0i ska\u00f0a.&nbsp;<\/p>\n\n\n\n<p><\/p>\n\n\n\n<p>\u00cd fyrirt\u00e6kja\u00fej\u00f3nustu \u00d3kindarinnar er l\u00f6g\u00f0 s\u00e9rst\u00f6k \u00e1hersla \u00e1 a\u00f0 uppfylla kr\u00f6fur heilbrig\u00f0iseftirlits og HACCP sta\u00f0la. Me\u00f0 umhverfisv\u00e6num vinnua\u00f0fer\u00f0um, rafr\u00e6nu eftirliti og n\u00e1kv\u00e6mu g\u00e6\u00f0aeftirliti er tryggt a\u00f0 m\u00fasavandam\u00e1l hafi hvorki \u00e1hrif \u00e1 rekstur n\u00e9 \u00edmynd vi\u00f0skiptavina.<\/p>\n\n\n\n<p><strong>\u00d3kindin tryggir \u00f6ruggt og hreint umhverfi \u2013 hvort sem er \u00e1 heimilum e\u00f0a \u00ed atvinnurekstri.<\/strong><\/p>\n\n\n\n<p><\/p>\n","protected":false},"excerpt":{"rendered":"<p>Hvimlei\u00f0ar bo\u00f0flennur \u00e1 heimilum og \u00ed fyrirt\u00e6kjum \u00c1 \u00cdslandi er a\u00f0 finna tv\u00e6r tegundir m\u00fasa, h\u00fasam\u00fas (Mus musculus) og hagam\u00fas (Apodemus sylvaticus). H\u00fasam\u00fasin er n\u00e1tengd manninum og s\u00e6kir \u00ed skj\u00f3l og f\u00e6\u00f0u innandyra, en hagam\u00fasin heldur sig a\u00f0 jafna\u00f0i \u00ed gr\u00f3nu landi en getur leita\u00f0 inn \u00ed h\u00edb\u00fdli \u00feegar k\u00f3lnar e\u00f0a n\u00e1tt\u00faruleg f\u00e6\u00f0a er af [&hellip;]<\/p>\n","protected":false},"author":2,"featured_media":0,"parent":729,"menu_order":0,"comment_status":"closed","ping_status":"closed","template":"","meta":{"footnotes":""},"class_list":["post-773","page","type-page","status-publish","hentry"],"yoast_head":"<!-- This site is optimized with the Yoast SEO plugin v25.3 - https:\/\/yoast.com\/wordpress\/plugins\/seo\/ -->\n<title>H\u00fasam\u00fds og hagam\u00fds - okindin.is<\/title>\n<meta name=\"description\" content=\"H\u00fasam\u00fds og hagam\u00fds eru \u00fe\u00e6r tegundir m\u00fasa sem finnast \u00ed mannab\u00fast\u00f6\u00f0um \u00e1 \u00cdslandi\" \/>\n<meta name=\"robots\" content=\"index, follow, max-snippet:-1, max-image-preview:large, max-video-preview:-1\" \/>\n<link rel=\"canonical\" href=\"https:\/\/okindin.is\/?page_id=773\" \/>\n<meta property=\"og:locale\" content=\"en_US\" \/>\n<meta property=\"og:type\" content=\"article\" \/>\n<meta property=\"og:title\" content=\"H\u00fasam\u00fds og hagam\u00fds - okindin.is\" \/>\n<meta property=\"og:description\" content=\"H\u00fasam\u00fds og hagam\u00fds eru \u00fe\u00e6r tegundir m\u00fasa sem finnast \u00ed mannab\u00fast\u00f6\u00f0um \u00e1 \u00cdslandi\" \/>\n<meta property=\"og:url\" content=\"https:\/\/okindin.is\/?page_id=773\" \/>\n<meta property=\"og:site_name\" content=\"okindin.is\" \/>\n<meta property=\"article:publisher\" content=\"https:\/\/www.facebook.com\/search\/top?q=kindin-meindravarnir\" \/>\n<meta property=\"article:modified_time\" content=\"2025-11-03T01:53:36+00:00\" \/>\n<meta property=\"og:image\" content=\"https:\/\/okindin.is\/wp-content\/uploads\/2025\/11\/ChatGPT-Image-Nov-3-2025-12_44_43-AM-1-1024x683.png\" \/>\n\t<meta property=\"og:image:width\" content=\"1024\" \/>\n\t<meta property=\"og:image:height\" content=\"683\" \/>\n\t<meta property=\"og:image:type\" content=\"image\/png\" \/>\n<meta name=\"twitter:card\" content=\"summary_large_image\" \/>\n<meta name=\"twitter:label1\" content=\"Est. reading time\" \/>\n\t<meta name=\"twitter:data1\" content=\"2 minutes\" \/>\n<script type=\"application\/ld+json\" class=\"yoast-schema-graph\">{\"@context\":\"https:\/\/schema.org\",\"@graph\":[{\"@type\":\"WebPage\",\"@id\":\"https:\/\/okindin.is\/?page_id=773\",\"url\":\"https:\/\/okindin.is\/?page_id=773\",\"name\":\"H\u00fasam\u00fds og hagam\u00fds - okindin.is\",\"isPartOf\":{\"@id\":\"https:\/\/okindin.is\/#website\"},\"primaryImageOfPage\":{\"@id\":\"https:\/\/okindin.is\/?page_id=773#primaryimage\"},\"image\":{\"@id\":\"https:\/\/okindin.is\/?page_id=773#primaryimage\"},\"thumbnailUrl\":\"https:\/\/okindin.is\/wp-content\/uploads\/2025\/11\/ChatGPT-Image-Nov-3-2025-12_44_43-AM-1-1024x683.png\",\"datePublished\":\"2025-11-03T01:42:16+00:00\",\"dateModified\":\"2025-11-03T01:53:36+00:00\",\"description\":\"H\u00fasam\u00fds og hagam\u00fds eru \u00fe\u00e6r tegundir m\u00fasa sem finnast \u00ed mannab\u00fast\u00f6\u00f0um \u00e1 \u00cdslandi\",\"breadcrumb\":{\"@id\":\"https:\/\/okindin.is\/?page_id=773#breadcrumb\"},\"inLanguage\":\"en-US\",\"potentialAction\":[{\"@type\":\"ReadAction\",\"target\":[\"https:\/\/okindin.is\/?page_id=773\"]}]},{\"@type\":\"ImageObject\",\"inLanguage\":\"en-US\",\"@id\":\"https:\/\/okindin.is\/?page_id=773#primaryimage\",\"url\":\"https:\/\/okindin.is\/wp-content\/uploads\/2025\/11\/ChatGPT-Image-Nov-3-2025-12_44_43-AM-1.png\",\"contentUrl\":\"https:\/\/okindin.is\/wp-content\/uploads\/2025\/11\/ChatGPT-Image-Nov-3-2025-12_44_43-AM-1.png\",\"width\":1536,\"height\":1024},{\"@type\":\"BreadcrumbList\",\"@id\":\"https:\/\/okindin.is\/?page_id=773#breadcrumb\",\"itemListElement\":[{\"@type\":\"ListItem\",\"position\":1,\"name\":\"Home\",\"item\":\"https:\/\/okindin.is\/\"},{\"@type\":\"ListItem\",\"position\":2,\"name\":\"\u00dej\u00f3nustan\",\"item\":\"https:\/\/okindin.is\/?page_id=21\"},{\"@type\":\"ListItem\",\"position\":3,\"name\":\"Fr\u00e6\u00f0sla\",\"item\":\"https:\/\/okindin.is\/?page_id=729\"},{\"@type\":\"ListItem\",\"position\":4,\"name\":\"H\u00fasam\u00fds og hagam\u00fds\"}]},{\"@type\":\"WebSite\",\"@id\":\"https:\/\/okindin.is\/#website\",\"url\":\"https:\/\/okindin.is\/\",\"name\":\"okindin.is\",\"description\":\"\u00d3kindin Meind\u00fdravarnir - Meind\u00fdraey\u00f0ir\",\"publisher\":{\"@id\":\"https:\/\/okindin.is\/#organization\"},\"potentialAction\":[{\"@type\":\"SearchAction\",\"target\":{\"@type\":\"EntryPoint\",\"urlTemplate\":\"https:\/\/okindin.is\/?s={search_term_string}\"},\"query-input\":{\"@type\":\"PropertyValueSpecification\",\"valueRequired\":true,\"valueName\":\"search_term_string\"}}],\"inLanguage\":\"en-US\"},{\"@type\":\"Organization\",\"@id\":\"https:\/\/okindin.is\/#organization\",\"name\":\"\u00d3kindin ehf.\",\"url\":\"https:\/\/okindin.is\/\",\"logo\":{\"@type\":\"ImageObject\",\"inLanguage\":\"en-US\",\"@id\":\"https:\/\/okindin.is\/#\/schema\/logo\/image\/\",\"url\":\"https:\/\/okindin.is\/wp-content\/uploads\/2023\/09\/okindin-logo-1.jpg\",\"contentUrl\":\"https:\/\/okindin.is\/wp-content\/uploads\/2023\/09\/okindin-logo-1.jpg\",\"width\":1553,\"height\":1553,\"caption\":\"\u00d3kindin ehf.\"},\"image\":{\"@id\":\"https:\/\/okindin.is\/#\/schema\/logo\/image\/\"},\"sameAs\":[\"https:\/\/www.facebook.com\/search\/top?q=kindin-meindravarnir\"]}]}<\/script>\n<!-- \/ Yoast SEO plugin. -->","yoast_head_json":{"title":"H\u00fasam\u00fds og hagam\u00fds - okindin.is","description":"H\u00fasam\u00fds og hagam\u00fds eru \u00fe\u00e6r tegundir m\u00fasa sem finnast \u00ed mannab\u00fast\u00f6\u00f0um \u00e1 \u00cdslandi","robots":{"index":"index","follow":"follow","max-snippet":"max-snippet:-1","max-image-preview":"max-image-preview:large","max-video-preview":"max-video-preview:-1"},"canonical":"https:\/\/okindin.is\/?page_id=773","og_locale":"en_US","og_type":"article","og_title":"H\u00fasam\u00fds og hagam\u00fds - okindin.is","og_description":"H\u00fasam\u00fds og hagam\u00fds eru \u00fe\u00e6r tegundir m\u00fasa sem finnast \u00ed mannab\u00fast\u00f6\u00f0um \u00e1 \u00cdslandi","og_url":"https:\/\/okindin.is\/?page_id=773","og_site_name":"okindin.is","article_publisher":"https:\/\/www.facebook.com\/search\/top?q=kindin-meindravarnir","article_modified_time":"2025-11-03T01:53:36+00:00","og_image":[{"width":1024,"height":683,"url":"https:\/\/okindin.is\/wp-content\/uploads\/2025\/11\/ChatGPT-Image-Nov-3-2025-12_44_43-AM-1-1024x683.png","type":"image\/png"}],"twitter_card":"summary_large_image","twitter_misc":{"Est. reading time":"2 minutes"},"schema":{"@context":"https:\/\/schema.org","@graph":[{"@type":"WebPage","@id":"https:\/\/okindin.is\/?page_id=773","url":"https:\/\/okindin.is\/?page_id=773","name":"H\u00fasam\u00fds og hagam\u00fds - okindin.is","isPartOf":{"@id":"https:\/\/okindin.is\/#website"},"primaryImageOfPage":{"@id":"https:\/\/okindin.is\/?page_id=773#primaryimage"},"image":{"@id":"https:\/\/okindin.is\/?page_id=773#primaryimage"},"thumbnailUrl":"https:\/\/okindin.is\/wp-content\/uploads\/2025\/11\/ChatGPT-Image-Nov-3-2025-12_44_43-AM-1-1024x683.png","datePublished":"2025-11-03T01:42:16+00:00","dateModified":"2025-11-03T01:53:36+00:00","description":"H\u00fasam\u00fds og hagam\u00fds eru \u00fe\u00e6r tegundir m\u00fasa sem finnast \u00ed mannab\u00fast\u00f6\u00f0um \u00e1 \u00cdslandi","breadcrumb":{"@id":"https:\/\/okindin.is\/?page_id=773#breadcrumb"},"inLanguage":"en-US","potentialAction":[{"@type":"ReadAction","target":["https:\/\/okindin.is\/?page_id=773"]}]},{"@type":"ImageObject","inLanguage":"en-US","@id":"https:\/\/okindin.is\/?page_id=773#primaryimage","url":"https:\/\/okindin.is\/wp-content\/uploads\/2025\/11\/ChatGPT-Image-Nov-3-2025-12_44_43-AM-1.png","contentUrl":"https:\/\/okindin.is\/wp-content\/uploads\/2025\/11\/ChatGPT-Image-Nov-3-2025-12_44_43-AM-1.png","width":1536,"height":1024},{"@type":"BreadcrumbList","@id":"https:\/\/okindin.is\/?page_id=773#breadcrumb","itemListElement":[{"@type":"ListItem","position":1,"name":"Home","item":"https:\/\/okindin.is\/"},{"@type":"ListItem","position":2,"name":"\u00dej\u00f3nustan","item":"https:\/\/okindin.is\/?page_id=21"},{"@type":"ListItem","position":3,"name":"Fr\u00e6\u00f0sla","item":"https:\/\/okindin.is\/?page_id=729"},{"@type":"ListItem","position":4,"name":"H\u00fasam\u00fds og hagam\u00fds"}]},{"@type":"WebSite","@id":"https:\/\/okindin.is\/#website","url":"https:\/\/okindin.is\/","name":"okindin.is","description":"\u00d3kindin Meind\u00fdravarnir - Meind\u00fdraey\u00f0ir","publisher":{"@id":"https:\/\/okindin.is\/#organization"},"potentialAction":[{"@type":"SearchAction","target":{"@type":"EntryPoint","urlTemplate":"https:\/\/okindin.is\/?s={search_term_string}"},"query-input":{"@type":"PropertyValueSpecification","valueRequired":true,"valueName":"search_term_string"}}],"inLanguage":"en-US"},{"@type":"Organization","@id":"https:\/\/okindin.is\/#organization","name":"\u00d3kindin ehf.","url":"https:\/\/okindin.is\/","logo":{"@type":"ImageObject","inLanguage":"en-US","@id":"https:\/\/okindin.is\/#\/schema\/logo\/image\/","url":"https:\/\/okindin.is\/wp-content\/uploads\/2023\/09\/okindin-logo-1.jpg","contentUrl":"https:\/\/okindin.is\/wp-content\/uploads\/2023\/09\/okindin-logo-1.jpg","width":1553,"height":1553,"caption":"\u00d3kindin ehf."},"image":{"@id":"https:\/\/okindin.is\/#\/schema\/logo\/image\/"},"sameAs":["https:\/\/www.facebook.com\/search\/top?q=kindin-meindravarnir"]}]}},"jetpack_sharing_enabled":true,"_links":{"self":[{"href":"https:\/\/okindin.is\/index.php?rest_route=\/wp\/v2\/pages\/773","targetHints":{"allow":["GET"]}}],"collection":[{"href":"https:\/\/okindin.is\/index.php?rest_route=\/wp\/v2\/pages"}],"about":[{"href":"https:\/\/okindin.is\/index.php?rest_route=\/wp\/v2\/types\/page"}],"author":[{"embeddable":true,"href":"https:\/\/okindin.is\/index.php?rest_route=\/wp\/v2\/users\/2"}],"replies":[{"embeddable":true,"href":"https:\/\/okindin.is\/index.php?rest_route=%2Fwp%2Fv2%2Fcomments&post=773"}],"version-history":[{"count":4,"href":"https:\/\/okindin.is\/index.php?rest_route=\/wp\/v2\/pages\/773\/revisions"}],"predecessor-version":[{"id":786,"href":"https:\/\/okindin.is\/index.php?rest_route=\/wp\/v2\/pages\/773\/revisions\/786"}],"up":[{"embeddable":true,"href":"https:\/\/okindin.is\/index.php?rest_route=\/wp\/v2\/pages\/729"}],"wp:attachment":[{"href":"https:\/\/okindin.is\/index.php?rest_route=%2Fwp%2Fv2%2Fmedia&parent=773"}],"curies":[{"name":"wp","href":"https:\/\/api.w.org\/{rel}","templated":true}]}}