{"id":780,"date":"2025-11-03T01:50:08","date_gmt":"2025-11-03T01:50:08","guid":{"rendered":"https:\/\/okindin.is\/?page_id=780"},"modified":"2025-11-03T01:50:09","modified_gmt":"2025-11-03T01:50:09","slug":"rottur","status":"publish","type":"page","link":"https:\/\/okindin.is\/?page_id=780","title":{"rendered":"Rottur"},"content":{"rendered":"\n<p><strong>N\u00e1granninn sem enginn vill eignast<\/strong><\/p>\n\n\n\n<p>\u00c1 \u00cdslandi hafa fundist tv\u00e6r tegundir rottna: <strong>br\u00fanrotta (<\/strong><strong><em>Rattus norvegicus<\/em><\/strong><strong>)<\/strong> og s<strong>vartrotta (<\/strong><strong><em>Rattus rattus<\/em><\/strong><strong>)<\/strong>. Elstu heimildir um rottur h\u00e9r \u00e1 landi eru fr\u00e1 18. \u00f6ld, og b\u00e1rust \u00fe\u00e6r fyrst me\u00f0 skipum til hafna. Svartrotta hefur ekki n\u00e1\u00f0 mikilli f\u00f3tfestu, en br\u00fanrotta er \u00fatbreidd \u00ed \u00fe\u00e9ttb\u00fdli, einkum \u00e1 h\u00f6fu\u00f0borgarsv\u00e6\u00f0inu og \u00f6\u00f0rum b\u00e6jum \u00ed grennd vi\u00f0 sj\u00e1vars\u00ed\u00f0una.<\/p>\n\n\n\n<figure class=\"wp-block-image size-large is-resized\"><img fetchpriority=\"high\" decoding=\"async\" width=\"1024\" height=\"683\" src=\"https:\/\/okindin.is\/wp-content\/uploads\/2025\/11\/ChatGPT-Image-Nov-3-2025-01_49_26-AM-1024x683.png\" alt=\"\" class=\"wp-image-782\" style=\"width:606px;height:auto\" srcset=\"https:\/\/okindin.is\/wp-content\/uploads\/2025\/11\/ChatGPT-Image-Nov-3-2025-01_49_26-AM-1024x683.png 1024w, https:\/\/okindin.is\/wp-content\/uploads\/2025\/11\/ChatGPT-Image-Nov-3-2025-01_49_26-AM-300x200.png 300w, https:\/\/okindin.is\/wp-content\/uploads\/2025\/11\/ChatGPT-Image-Nov-3-2025-01_49_26-AM-768x512.png 768w, https:\/\/okindin.is\/wp-content\/uploads\/2025\/11\/ChatGPT-Image-Nov-3-2025-01_49_26-AM.png 1536w\" sizes=\"(max-width: 1024px) 100vw, 1024px\" \/><\/figure>\n\n\n\n<p><strong>Dvalarsta\u00f0ir og ummerki<\/strong><\/p>\n\n\n\n<p>Br\u00fanrotta heldur sig gjarnan \u00ed fr\u00e1rennslisl\u00f6gnum, sorpgeymslum og \u00ed kj\u00f6llurum h\u00fasa \u00fear sem n\u00e6gur hiti og f\u00e6\u00f0a er til sta\u00f0ar. Svartrotta tengist frekar skipum og mannvirkjum \u00ed n\u00e1grenni vi\u00f0 hafnir. Algeng ummerki eru nagf\u00f6r \u00e1 vi\u00f0i og plasti, d\u00f6kkleit rottusp\u00f6r\u00f0, lykt og hlj\u00f3\u00f0 og \u00ferusk \u00ed veggjum e\u00f0a g\u00f3lfi a\u00f0 n\u00e6turlagi.<\/p>\n\n\n\n<p><strong>L\u00edfsh\u00e6ttir og \u00e6xlun<\/strong><\/p>\n\n\n\n<p>Rottur eru mj\u00f6g a\u00f0l\u00f6gunarh\u00e6far og n\u00e6rast \u00e1 svo til \u00f6llu sem \u00fe\u00e6r komast \u00ed, en einkum kornmeti, matarleifum, kj\u00f6ti og jafnvel mannasaur. \u00de\u00e6r hafa mikla \u00e6xlunarh\u00e6fni:<\/p>\n\n\n\n<ul class=\"wp-block-list\">\n<li>Br\u00fanrotta getur or\u00f0i\u00f0 kyn\u00feroska a\u00f0eins 2\u20133 m\u00e1na\u00f0a g\u00f6mul.<\/li>\n\n\n\n<li>Kvend\u00fdr geta goti\u00f0 4\u20137 sinnum \u00e1 \u00e1ri, 6\u201312 ungum \u00ed hverju goti.<\/li>\n\n\n\n<li>Me\u00f0ganga er a\u00f0eins um 3 vikur, og ungar ver\u00f0a sj\u00e1lfb\u00e6rir \u00e1 \u00f6rf\u00e1um vikum.<\/li>\n<\/ul>\n\n\n\n<p><\/p>\n\n\n\n<p>Vi\u00f0 hagst\u00e6\u00f0 skilyr\u00f0i getur eitt rottupar geti\u00f0 af s\u00e9r hundru\u00f0 afkomenda \u00e1 innan vi\u00f0 \u00e1ri. \u00deetta gerir a\u00f0 verkum a\u00f0 sem meind\u00fdr geta \u00fe\u00e6r n\u00e1\u00f0i\u00f0 hra\u00f0ri \u00fatbrei\u00f0slu \u00e1 sk\u00f6mmum t\u00edma.<\/p>\n\n\n\n<p><strong>H\u00e6ttur og tj\u00f3n<\/strong><\/p>\n\n\n\n<p>Rottur eru ekki a\u00f0eins hvimlei\u00f0ar, heldur geta \u00fe\u00e6r skapa\u00f0 alvarleg vandam\u00e1l:<\/p>\n\n\n\n<ul class=\"wp-block-list\">\n<li>Heilsufarsleg h\u00e6tta: Rottur geta bori\u00f0 me\u00f0 s\u00e9r sn\u00edkjud\u00fdr og smitsj\u00fakd\u00f3ma eins og salmonellu, leptosp\u00edr\u00f3su og hunda\u00e6\u00f0i (rabies). \u00de\u00f3tt hunda\u00e6\u00f0i s\u00e9 ekki landl\u00e6gt \u00e1 \u00cdslandi er rotta \u00feekktur smitberi v\u00ed\u00f0a um heim.<\/li>\n\n\n\n<li>Mengun matv\u00e6la: \u00de\u00e6r skilja eftir saur og \u00fevag \u00fear sem \u00fe\u00e6r fara um, sem gerir matv\u00e6li \u00f3h\u00e6f til neyslu.<\/li>\n\n\n\n<li>Tj\u00f3n \u00e1 h\u00fasn\u00e6\u00f0i: Me\u00f0 st\u00f6\u00f0ugu nagi geta rottur ey\u00f0ilagt rafmagnslagnir og einangrun, sem eykur h\u00e6ttu \u00e1 eldsvo\u00f0a.<\/li>\n\n\n\n<li>\u00d3\u00fe\u00e6gindi: N\u00e6rvera rotta veldur \u00f3hug, kv\u00ed\u00f0a og svefntruflunum hj\u00e1 m\u00f6rgum.<\/li>\n<\/ul>\n\n\n\n<p><\/p>\n\n\n\n<p><strong>Forvarnir<\/strong><\/p>\n\n\n\n<p>Til a\u00f0 halda rottum \u00ed skefjum er mikilv\u00e6gt a\u00f0:<br>\u2022 \u00de\u00e9tta allar sprungur og g\u00f6t \u00ed h\u00fasum, s\u00e9rstaklega vi\u00f0 fr\u00e1rennsliskerfi.<br>\u2022 Geyma mat og \u00fargang \u00ed loku\u00f0um, nag\u00feolnum \u00edl\u00e1tum.<br>\u2022 Halda umhverfi hreinu og hindra allt a\u00f0gengi a\u00f0 f\u00f3\u00f0ri og vatni.<br>\u2022 Nota reglubundi\u00f0 v\u00f6ktunarkerfi me\u00f0 gildrum og beitust\u00f6\u00f0vum \u00e1 \u00e1h\u00e6ttusv\u00e6\u00f0um.<\/p>\n\n\n\n<p><\/p>\n\n\n\n<p><strong>Hva\u00f0 gerir \u00d3kindin?<\/strong><\/p>\n\n\n\n<p>\u00d3kindin framkv\u00e6mir faglegt \u00e1h\u00e6ttumat og setur upp sam\u00fe\u00e6ttar varnir gegn rottum. Notast er vi\u00f0 \u00f6flugar gildrur og beitust\u00f6\u00f0var sem eru \u00f6ruggar fyrir b\u00f6rn og g\u00e6lud\u00fdr, og fari\u00f0 er \u00ed gegnum allar a\u00f0st\u00e6\u00f0ur til a\u00f0 finna uppt\u00f6k vandans, hvort sem er \u00ed fr\u00e1rennslisl\u00f6gnum, sorpgeymslum, matv\u00e6lavinnslum e\u00f0a v\u00f6ruh\u00fasum.<br>\u2022 Me\u00f0 rafr\u00e6nu eftirliti og skr\u00e1ningu er tryggt a\u00f0 fyrirt\u00e6ki uppfylli kr\u00f6fur heilbrig\u00f0iseftirlits og HACCP.<br>\u2022 Me\u00f0 reglulegri v\u00f6ktun og endurkomu er h\u00e6gt a\u00f0 halda stofnum \u00ed l\u00e1gmarki og koma \u00ed veg fyrir a\u00f0 vandinn taki sig upp \u00e1 n\u00fd.<\/p>\n","protected":false},"excerpt":{"rendered":"<p>N\u00e1granninn sem enginn vill eignast \u00c1 \u00cdslandi hafa fundist tv\u00e6r tegundir rottna: br\u00fanrotta (Rattus norvegicus) og svartrotta (Rattus rattus). Elstu heimildir um rottur h\u00e9r \u00e1 landi eru fr\u00e1 18. \u00f6ld, og b\u00e1rust \u00fe\u00e6r fyrst me\u00f0 skipum til hafna. Svartrotta hefur ekki n\u00e1\u00f0 mikilli f\u00f3tfestu, en br\u00fanrotta er \u00fatbreidd \u00ed \u00fe\u00e9ttb\u00fdli, einkum \u00e1 h\u00f6fu\u00f0borgarsv\u00e6\u00f0inu og \u00f6\u00f0rum [&hellip;]<\/p>\n","protected":false},"author":2,"featured_media":0,"parent":729,"menu_order":0,"comment_status":"closed","ping_status":"closed","template":"","meta":{"footnotes":""},"class_list":["post-780","page","type-page","status-publish","hentry"],"yoast_head":"<!-- This site is optimized with the Yoast SEO plugin v25.3 - https:\/\/yoast.com\/wordpress\/plugins\/seo\/ -->\n<title>Rottur - okindin.is<\/title>\n<meta name=\"description\" content=\"Rottur finnast v\u00ed\u00f0a \u00ed n\u00e1b\u00fdli vi\u00f0 manninn\" \/>\n<meta name=\"robots\" content=\"index, follow, max-snippet:-1, max-image-preview:large, max-video-preview:-1\" \/>\n<link rel=\"canonical\" href=\"https:\/\/okindin.is\/?page_id=780\" \/>\n<meta property=\"og:locale\" content=\"en_US\" \/>\n<meta property=\"og:type\" content=\"article\" \/>\n<meta property=\"og:title\" content=\"Rottur - okindin.is\" \/>\n<meta property=\"og:description\" content=\"Rottur finnast v\u00ed\u00f0a \u00ed n\u00e1b\u00fdli vi\u00f0 manninn\" \/>\n<meta property=\"og:url\" content=\"https:\/\/okindin.is\/?page_id=780\" \/>\n<meta property=\"og:site_name\" content=\"okindin.is\" \/>\n<meta property=\"article:publisher\" content=\"https:\/\/www.facebook.com\/search\/top?q=kindin-meindravarnir\" \/>\n<meta property=\"article:modified_time\" content=\"2025-11-03T01:50:09+00:00\" \/>\n<meta property=\"og:image\" content=\"https:\/\/okindin.is\/wp-content\/uploads\/2025\/11\/ChatGPT-Image-Nov-3-2025-01_49_26-AM-1024x683.png\" \/>\n\t<meta property=\"og:image:width\" content=\"1024\" \/>\n\t<meta property=\"og:image:height\" content=\"683\" \/>\n\t<meta property=\"og:image:type\" content=\"image\/png\" \/>\n<meta name=\"twitter:card\" content=\"summary_large_image\" \/>\n<meta name=\"twitter:label1\" content=\"Est. reading time\" \/>\n\t<meta name=\"twitter:data1\" content=\"3 minutes\" \/>\n<script type=\"application\/ld+json\" class=\"yoast-schema-graph\">{\"@context\":\"https:\/\/schema.org\",\"@graph\":[{\"@type\":\"WebPage\",\"@id\":\"https:\/\/okindin.is\/?page_id=780\",\"url\":\"https:\/\/okindin.is\/?page_id=780\",\"name\":\"Rottur - okindin.is\",\"isPartOf\":{\"@id\":\"https:\/\/okindin.is\/#website\"},\"primaryImageOfPage\":{\"@id\":\"https:\/\/okindin.is\/?page_id=780#primaryimage\"},\"image\":{\"@id\":\"https:\/\/okindin.is\/?page_id=780#primaryimage\"},\"thumbnailUrl\":\"https:\/\/okindin.is\/wp-content\/uploads\/2025\/11\/ChatGPT-Image-Nov-3-2025-01_49_26-AM-1024x683.png\",\"datePublished\":\"2025-11-03T01:50:08+00:00\",\"dateModified\":\"2025-11-03T01:50:09+00:00\",\"description\":\"Rottur finnast v\u00ed\u00f0a \u00ed n\u00e1b\u00fdli vi\u00f0 manninn\",\"breadcrumb\":{\"@id\":\"https:\/\/okindin.is\/?page_id=780#breadcrumb\"},\"inLanguage\":\"en-US\",\"potentialAction\":[{\"@type\":\"ReadAction\",\"target\":[\"https:\/\/okindin.is\/?page_id=780\"]}]},{\"@type\":\"ImageObject\",\"inLanguage\":\"en-US\",\"@id\":\"https:\/\/okindin.is\/?page_id=780#primaryimage\",\"url\":\"https:\/\/okindin.is\/wp-content\/uploads\/2025\/11\/ChatGPT-Image-Nov-3-2025-01_49_26-AM.png\",\"contentUrl\":\"https:\/\/okindin.is\/wp-content\/uploads\/2025\/11\/ChatGPT-Image-Nov-3-2025-01_49_26-AM.png\",\"width\":1536,\"height\":1024},{\"@type\":\"BreadcrumbList\",\"@id\":\"https:\/\/okindin.is\/?page_id=780#breadcrumb\",\"itemListElement\":[{\"@type\":\"ListItem\",\"position\":1,\"name\":\"Home\",\"item\":\"https:\/\/okindin.is\/\"},{\"@type\":\"ListItem\",\"position\":2,\"name\":\"\u00dej\u00f3nustan\",\"item\":\"https:\/\/okindin.is\/?page_id=21\"},{\"@type\":\"ListItem\",\"position\":3,\"name\":\"Fr\u00e6\u00f0sla\",\"item\":\"https:\/\/okindin.is\/?page_id=729\"},{\"@type\":\"ListItem\",\"position\":4,\"name\":\"Rottur\"}]},{\"@type\":\"WebSite\",\"@id\":\"https:\/\/okindin.is\/#website\",\"url\":\"https:\/\/okindin.is\/\",\"name\":\"okindin.is\",\"description\":\"\u00d3kindin Meind\u00fdravarnir - Meind\u00fdraey\u00f0ir\",\"publisher\":{\"@id\":\"https:\/\/okindin.is\/#organization\"},\"potentialAction\":[{\"@type\":\"SearchAction\",\"target\":{\"@type\":\"EntryPoint\",\"urlTemplate\":\"https:\/\/okindin.is\/?s={search_term_string}\"},\"query-input\":{\"@type\":\"PropertyValueSpecification\",\"valueRequired\":true,\"valueName\":\"search_term_string\"}}],\"inLanguage\":\"en-US\"},{\"@type\":\"Organization\",\"@id\":\"https:\/\/okindin.is\/#organization\",\"name\":\"\u00d3kindin ehf.\",\"url\":\"https:\/\/okindin.is\/\",\"logo\":{\"@type\":\"ImageObject\",\"inLanguage\":\"en-US\",\"@id\":\"https:\/\/okindin.is\/#\/schema\/logo\/image\/\",\"url\":\"https:\/\/okindin.is\/wp-content\/uploads\/2023\/09\/okindin-logo-1.jpg\",\"contentUrl\":\"https:\/\/okindin.is\/wp-content\/uploads\/2023\/09\/okindin-logo-1.jpg\",\"width\":1553,\"height\":1553,\"caption\":\"\u00d3kindin ehf.\"},\"image\":{\"@id\":\"https:\/\/okindin.is\/#\/schema\/logo\/image\/\"},\"sameAs\":[\"https:\/\/www.facebook.com\/search\/top?q=kindin-meindravarnir\"]}]}<\/script>\n<!-- \/ Yoast SEO plugin. -->","yoast_head_json":{"title":"Rottur - okindin.is","description":"Rottur finnast v\u00ed\u00f0a \u00ed n\u00e1b\u00fdli vi\u00f0 manninn","robots":{"index":"index","follow":"follow","max-snippet":"max-snippet:-1","max-image-preview":"max-image-preview:large","max-video-preview":"max-video-preview:-1"},"canonical":"https:\/\/okindin.is\/?page_id=780","og_locale":"en_US","og_type":"article","og_title":"Rottur - okindin.is","og_description":"Rottur finnast v\u00ed\u00f0a \u00ed n\u00e1b\u00fdli vi\u00f0 manninn","og_url":"https:\/\/okindin.is\/?page_id=780","og_site_name":"okindin.is","article_publisher":"https:\/\/www.facebook.com\/search\/top?q=kindin-meindravarnir","article_modified_time":"2025-11-03T01:50:09+00:00","og_image":[{"width":1024,"height":683,"url":"https:\/\/okindin.is\/wp-content\/uploads\/2025\/11\/ChatGPT-Image-Nov-3-2025-01_49_26-AM-1024x683.png","type":"image\/png"}],"twitter_card":"summary_large_image","twitter_misc":{"Est. reading time":"3 minutes"},"schema":{"@context":"https:\/\/schema.org","@graph":[{"@type":"WebPage","@id":"https:\/\/okindin.is\/?page_id=780","url":"https:\/\/okindin.is\/?page_id=780","name":"Rottur - okindin.is","isPartOf":{"@id":"https:\/\/okindin.is\/#website"},"primaryImageOfPage":{"@id":"https:\/\/okindin.is\/?page_id=780#primaryimage"},"image":{"@id":"https:\/\/okindin.is\/?page_id=780#primaryimage"},"thumbnailUrl":"https:\/\/okindin.is\/wp-content\/uploads\/2025\/11\/ChatGPT-Image-Nov-3-2025-01_49_26-AM-1024x683.png","datePublished":"2025-11-03T01:50:08+00:00","dateModified":"2025-11-03T01:50:09+00:00","description":"Rottur finnast v\u00ed\u00f0a \u00ed n\u00e1b\u00fdli vi\u00f0 manninn","breadcrumb":{"@id":"https:\/\/okindin.is\/?page_id=780#breadcrumb"},"inLanguage":"en-US","potentialAction":[{"@type":"ReadAction","target":["https:\/\/okindin.is\/?page_id=780"]}]},{"@type":"ImageObject","inLanguage":"en-US","@id":"https:\/\/okindin.is\/?page_id=780#primaryimage","url":"https:\/\/okindin.is\/wp-content\/uploads\/2025\/11\/ChatGPT-Image-Nov-3-2025-01_49_26-AM.png","contentUrl":"https:\/\/okindin.is\/wp-content\/uploads\/2025\/11\/ChatGPT-Image-Nov-3-2025-01_49_26-AM.png","width":1536,"height":1024},{"@type":"BreadcrumbList","@id":"https:\/\/okindin.is\/?page_id=780#breadcrumb","itemListElement":[{"@type":"ListItem","position":1,"name":"Home","item":"https:\/\/okindin.is\/"},{"@type":"ListItem","position":2,"name":"\u00dej\u00f3nustan","item":"https:\/\/okindin.is\/?page_id=21"},{"@type":"ListItem","position":3,"name":"Fr\u00e6\u00f0sla","item":"https:\/\/okindin.is\/?page_id=729"},{"@type":"ListItem","position":4,"name":"Rottur"}]},{"@type":"WebSite","@id":"https:\/\/okindin.is\/#website","url":"https:\/\/okindin.is\/","name":"okindin.is","description":"\u00d3kindin Meind\u00fdravarnir - Meind\u00fdraey\u00f0ir","publisher":{"@id":"https:\/\/okindin.is\/#organization"},"potentialAction":[{"@type":"SearchAction","target":{"@type":"EntryPoint","urlTemplate":"https:\/\/okindin.is\/?s={search_term_string}"},"query-input":{"@type":"PropertyValueSpecification","valueRequired":true,"valueName":"search_term_string"}}],"inLanguage":"en-US"},{"@type":"Organization","@id":"https:\/\/okindin.is\/#organization","name":"\u00d3kindin ehf.","url":"https:\/\/okindin.is\/","logo":{"@type":"ImageObject","inLanguage":"en-US","@id":"https:\/\/okindin.is\/#\/schema\/logo\/image\/","url":"https:\/\/okindin.is\/wp-content\/uploads\/2023\/09\/okindin-logo-1.jpg","contentUrl":"https:\/\/okindin.is\/wp-content\/uploads\/2023\/09\/okindin-logo-1.jpg","width":1553,"height":1553,"caption":"\u00d3kindin ehf."},"image":{"@id":"https:\/\/okindin.is\/#\/schema\/logo\/image\/"},"sameAs":["https:\/\/www.facebook.com\/search\/top?q=kindin-meindravarnir"]}]}},"jetpack_sharing_enabled":true,"_links":{"self":[{"href":"https:\/\/okindin.is\/index.php?rest_route=\/wp\/v2\/pages\/780","targetHints":{"allow":["GET"]}}],"collection":[{"href":"https:\/\/okindin.is\/index.php?rest_route=\/wp\/v2\/pages"}],"about":[{"href":"https:\/\/okindin.is\/index.php?rest_route=\/wp\/v2\/types\/page"}],"author":[{"embeddable":true,"href":"https:\/\/okindin.is\/index.php?rest_route=\/wp\/v2\/users\/2"}],"replies":[{"embeddable":true,"href":"https:\/\/okindin.is\/index.php?rest_route=%2Fwp%2Fv2%2Fcomments&post=780"}],"version-history":[{"count":1,"href":"https:\/\/okindin.is\/index.php?rest_route=\/wp\/v2\/pages\/780\/revisions"}],"predecessor-version":[{"id":783,"href":"https:\/\/okindin.is\/index.php?rest_route=\/wp\/v2\/pages\/780\/revisions\/783"}],"up":[{"embeddable":true,"href":"https:\/\/okindin.is\/index.php?rest_route=\/wp\/v2\/pages\/729"}],"wp:attachment":[{"href":"https:\/\/okindin.is\/index.php?rest_route=%2Fwp%2Fv2%2Fmedia&parent=780"}],"curies":[{"name":"wp","href":"https:\/\/api.w.org\/{rel}","templated":true}]}}