{"id":790,"date":"2025-11-03T02:00:47","date_gmt":"2025-11-03T02:00:47","guid":{"rendered":"https:\/\/okindin.is\/?page_id=790"},"modified":"2025-11-03T02:00:48","modified_gmt":"2025-11-03T02:00:48","slug":"avaxtafluga","status":"publish","type":"page","link":"https:\/\/okindin.is\/?page_id=790","title":{"rendered":"\u00c1vaxtafluga"},"content":{"rendered":"\n<p><strong>Matarleifar eru hennar s\u00e9rgrein<\/strong><\/p>\n\n\n\n<p>\u00c1vaxtaflugan (<em>Drosophila melanogaster<\/em>, einnig nefnd ediksgerla e\u00f0a bananafluga) er l\u00edti\u00f0 skord\u00fdr, a\u00f0 jafna\u00f0i 2\u20134 mm langt. H\u00fan er gul- e\u00f0a lj\u00f3sbr\u00fan a\u00f0 lit me\u00f0 \u00e1berandi rau\u00f0 augu. Tegundin er upprunnin \u00ed hl\u00fdrri b\u00fasv\u00e6\u00f0um jar\u00f0ar en hefur a\u00f0lagast innil\u00edfi \u00ed h\u00edb\u00fdlum manna og finnst n\u00fa \u00ed flestum bygg\u00f0al\u00f6gum \u00e1 \u00cdslandi, einkum \u00fear sem \u00e1vextir og gerju\u00f0 matv\u00e6li eru til sta\u00f0ar.<\/p>\n\n\n\n<figure class=\"wp-block-image size-full is-resized\"><img fetchpriority=\"high\" decoding=\"async\" width=\"1024\" height=\"1024\" src=\"https:\/\/okindin.is\/wp-content\/uploads\/2025\/11\/ChatGPT-Image-Nov-3-2025-02_00_07-AM.png\" alt=\"\" class=\"wp-image-791\" style=\"width:403px;height:auto\" srcset=\"https:\/\/okindin.is\/wp-content\/uploads\/2025\/11\/ChatGPT-Image-Nov-3-2025-02_00_07-AM.png 1024w, https:\/\/okindin.is\/wp-content\/uploads\/2025\/11\/ChatGPT-Image-Nov-3-2025-02_00_07-AM-300x300.png 300w, https:\/\/okindin.is\/wp-content\/uploads\/2025\/11\/ChatGPT-Image-Nov-3-2025-02_00_07-AM-150x150.png 150w, https:\/\/okindin.is\/wp-content\/uploads\/2025\/11\/ChatGPT-Image-Nov-3-2025-02_00_07-AM-768x768.png 768w\" sizes=\"(max-width: 1024px) 100vw, 1024px\" \/><\/figure>\n\n\n\n<p><strong>Dvalarsta\u00f0ir og ummerki<\/strong><\/p>\n\n\n\n<p>\u00c1vaxtaflugur halda sig gjarnan \u00ed eldh\u00fasum, geymslum og n\u00e1l\u00e6gt sorptunnum \u00fear sem skemmdir \u00e1vextir e\u00f0a matarleifar safnast fyrir. \u00de\u00e6r sj\u00e1st oft fl\u00f6gra \u00ed kringum banana, v\u00ednber e\u00f0a v\u00ednfl\u00f6skur, s\u00e9rstaklega \u00feegar heitt er inni. Ummerki eru fyrst og fremst n\u00e6rvera flugnanna sj\u00e1lfra, sem geta safnast saman \u00ed h\u00f3pum \u00e1 sama sta\u00f0.<\/p>\n\n\n\n<p><strong>L\u00edfsh\u00e6ttir og tj\u00f3n<\/strong><\/p>\n\n\n\n<p>Kvend\u00fdri\u00f0 verpir eggjum \u00ed yfirbor\u00f0 rotnandi e\u00f0a gerja\u00f0ra \u00e1vaxta. \u00deroskaferli\u00f0 fr\u00e1 eggi til fullor\u00f0innar flugu getur vi\u00f0 kj\u00f6rskilyr\u00f0i (25\u00b0C) teki\u00f0 r\u00e9tt um viku. Hver kvenfluga getur verpt hundru\u00f0um eggja \u00e1 \u00e6viskei\u00f0i s\u00ednu. \u00de\u00e6r eru ekki taldar heilsuspillandi, en geta veri\u00f0 hvimlei\u00f0ar og menga\u00f0 matv\u00e6li. \u00cd matv\u00e6lai\u00f0na\u00f0i og \u00e1 veitingast\u00f6\u00f0um er n\u00e6rvera \u00feeirra \u00f3vi\u00f0unandi og getur bent til \u00feess a\u00f0 hreinl\u00e6ti s\u00e9 \u00e1b\u00f3tavant.<\/p>\n\n\n\n<p><strong>Forvarnir<\/strong><\/p>\n\n\n\n<p>Til a\u00f0 halda \u00e1vaxtaflugum \u00ed skefjum er mikilv\u00e6gt a\u00f0:<br>\u2022 Fjarl\u00e6gja skemmda \u00e1vexti og a\u00f0ra f\u00e6\u00f0ugjafa.<br>\u2022 \u00der\u00edfa yfirbor\u00f0 og ni\u00f0urf\u00f6ll \u00fear sem safi og matarleifar geta safnast fyrir.<br>\u2022 Geyma \u00e1vexti \u00ed loku\u00f0um \u00edl\u00e1tum e\u00f0a k\u00e6li.<br>\u2022 T\u00e6ma sorp\u00edl\u00e1t reglulega og halda tunnum hreinum.<\/p>\n\n\n\n<p><\/p>\n\n\n\n<p><strong>Hva\u00f0 gerir \u00d3kindin?<\/strong><\/p>\n\n\n\n<p>Ef \u00e1vaxtaflugur n\u00e1 s\u00e9r \u00e1 strik duga almenn h\u00fasr\u00e1\u00f0 oft ekki til lengri t\u00edma. \u00de\u00e1 er r\u00e9tt a\u00f0 leita til s\u00e9rfr\u00e6\u00f0ings. Stef\u00e1n Gaukur Rafnsson hj\u00e1 \u00d3kindinni beitir markvissum a\u00f0fer\u00f0um sem:<br>\u2022 Eru \u00f6ruggar fyrir f\u00f3lk og g\u00e6lud\u00fdr eftir me\u00f0fer\u00f0.<br>\u2022 Samr\u00e6mast kr\u00f6fum heilbrig\u00f0iseftirlits og HACCP.<br>\u2022 Draga \u00far l\u00edkum \u00e1 endurkomu me\u00f0 rafr\u00e6nu eftirlitskerfi og reglulegri v\u00f6ktun.<\/p>\n\n\n\n<p><\/p>\n\n\n\n<p>Me\u00f0 \u00feessum lausnum er h\u00e6gt a\u00f0 tryggja matv\u00e6la\u00f6ryggi, draga \u00far \u00f3n\u00e6\u00f0i \u00e1 heimilum og ey\u00f0e e\u00f0a halda \u00feessum sm\u00e1v\u00f6xnu og s\u00edsv\u00f6ngu gestum fjarri \u00ed lengri t\u00edma.<\/p>\n","protected":false},"excerpt":{"rendered":"<p>Matarleifar eru hennar s\u00e9rgrein \u00c1vaxtaflugan (Drosophila melanogaster, einnig nefnd ediksgerla e\u00f0a bananafluga) er l\u00edti\u00f0 skord\u00fdr, a\u00f0 jafna\u00f0i 2\u20134 mm langt. H\u00fan er gul- e\u00f0a lj\u00f3sbr\u00fan a\u00f0 lit me\u00f0 \u00e1berandi rau\u00f0 augu. Tegundin er upprunnin \u00ed hl\u00fdrri b\u00fasv\u00e6\u00f0um jar\u00f0ar en hefur a\u00f0lagast innil\u00edfi \u00ed h\u00edb\u00fdlum manna og finnst n\u00fa \u00ed flestum bygg\u00f0al\u00f6gum \u00e1 \u00cdslandi, einkum \u00fear [&hellip;]<\/p>\n","protected":false},"author":2,"featured_media":0,"parent":729,"menu_order":0,"comment_status":"closed","ping_status":"closed","template":"","meta":{"footnotes":""},"class_list":["post-790","page","type-page","status-publish","hentry"],"yoast_head":"<!-- This site is optimized with the Yoast SEO plugin v25.3 - https:\/\/yoast.com\/wordpress\/plugins\/seo\/ -->\n<title>\u00c1vaxtafluga - okindin.is<\/title>\n<meta name=\"description\" content=\"\u00c1vaxtafluga s\u00e6kir \u00ed matarleifar \u00ed h\u00edb\u00fdlum manna\" \/>\n<meta name=\"robots\" content=\"index, follow, max-snippet:-1, max-image-preview:large, max-video-preview:-1\" \/>\n<link rel=\"canonical\" href=\"https:\/\/okindin.is\/?page_id=790\" \/>\n<meta property=\"og:locale\" content=\"en_US\" \/>\n<meta property=\"og:type\" content=\"article\" \/>\n<meta property=\"og:title\" content=\"\u00c1vaxtafluga - okindin.is\" \/>\n<meta property=\"og:description\" content=\"\u00c1vaxtafluga s\u00e6kir \u00ed matarleifar \u00ed h\u00edb\u00fdlum manna\" \/>\n<meta property=\"og:url\" content=\"https:\/\/okindin.is\/?page_id=790\" \/>\n<meta property=\"og:site_name\" content=\"okindin.is\" \/>\n<meta property=\"article:publisher\" content=\"https:\/\/www.facebook.com\/search\/top?q=kindin-meindravarnir\" \/>\n<meta property=\"article:modified_time\" content=\"2025-11-03T02:00:48+00:00\" \/>\n<meta property=\"og:image\" content=\"https:\/\/okindin.is\/wp-content\/uploads\/2025\/11\/ChatGPT-Image-Nov-3-2025-02_00_07-AM.png\" \/>\n\t<meta property=\"og:image:width\" content=\"1024\" \/>\n\t<meta property=\"og:image:height\" content=\"1024\" \/>\n\t<meta property=\"og:image:type\" content=\"image\/png\" \/>\n<meta name=\"twitter:card\" content=\"summary_large_image\" \/>\n<meta name=\"twitter:label1\" content=\"Est. reading time\" \/>\n\t<meta name=\"twitter:data1\" content=\"2 minutes\" \/>\n<script type=\"application\/ld+json\" class=\"yoast-schema-graph\">{\"@context\":\"https:\/\/schema.org\",\"@graph\":[{\"@type\":\"WebPage\",\"@id\":\"https:\/\/okindin.is\/?page_id=790\",\"url\":\"https:\/\/okindin.is\/?page_id=790\",\"name\":\"\u00c1vaxtafluga - okindin.is\",\"isPartOf\":{\"@id\":\"https:\/\/okindin.is\/#website\"},\"primaryImageOfPage\":{\"@id\":\"https:\/\/okindin.is\/?page_id=790#primaryimage\"},\"image\":{\"@id\":\"https:\/\/okindin.is\/?page_id=790#primaryimage\"},\"thumbnailUrl\":\"https:\/\/okindin.is\/wp-content\/uploads\/2025\/11\/ChatGPT-Image-Nov-3-2025-02_00_07-AM.png\",\"datePublished\":\"2025-11-03T02:00:47+00:00\",\"dateModified\":\"2025-11-03T02:00:48+00:00\",\"description\":\"\u00c1vaxtafluga s\u00e6kir \u00ed matarleifar \u00ed h\u00edb\u00fdlum manna\",\"breadcrumb\":{\"@id\":\"https:\/\/okindin.is\/?page_id=790#breadcrumb\"},\"inLanguage\":\"en-US\",\"potentialAction\":[{\"@type\":\"ReadAction\",\"target\":[\"https:\/\/okindin.is\/?page_id=790\"]}]},{\"@type\":\"ImageObject\",\"inLanguage\":\"en-US\",\"@id\":\"https:\/\/okindin.is\/?page_id=790#primaryimage\",\"url\":\"https:\/\/okindin.is\/wp-content\/uploads\/2025\/11\/ChatGPT-Image-Nov-3-2025-02_00_07-AM.png\",\"contentUrl\":\"https:\/\/okindin.is\/wp-content\/uploads\/2025\/11\/ChatGPT-Image-Nov-3-2025-02_00_07-AM.png\",\"width\":1024,\"height\":1024},{\"@type\":\"BreadcrumbList\",\"@id\":\"https:\/\/okindin.is\/?page_id=790#breadcrumb\",\"itemListElement\":[{\"@type\":\"ListItem\",\"position\":1,\"name\":\"Home\",\"item\":\"https:\/\/okindin.is\/\"},{\"@type\":\"ListItem\",\"position\":2,\"name\":\"\u00dej\u00f3nustan\",\"item\":\"https:\/\/okindin.is\/?page_id=21\"},{\"@type\":\"ListItem\",\"position\":3,\"name\":\"Fr\u00e6\u00f0sla\",\"item\":\"https:\/\/okindin.is\/?page_id=729\"},{\"@type\":\"ListItem\",\"position\":4,\"name\":\"\u00c1vaxtafluga\"}]},{\"@type\":\"WebSite\",\"@id\":\"https:\/\/okindin.is\/#website\",\"url\":\"https:\/\/okindin.is\/\",\"name\":\"okindin.is\",\"description\":\"\u00d3kindin Meind\u00fdravarnir - Meind\u00fdraey\u00f0ir\",\"publisher\":{\"@id\":\"https:\/\/okindin.is\/#organization\"},\"potentialAction\":[{\"@type\":\"SearchAction\",\"target\":{\"@type\":\"EntryPoint\",\"urlTemplate\":\"https:\/\/okindin.is\/?s={search_term_string}\"},\"query-input\":{\"@type\":\"PropertyValueSpecification\",\"valueRequired\":true,\"valueName\":\"search_term_string\"}}],\"inLanguage\":\"en-US\"},{\"@type\":\"Organization\",\"@id\":\"https:\/\/okindin.is\/#organization\",\"name\":\"\u00d3kindin ehf.\",\"url\":\"https:\/\/okindin.is\/\",\"logo\":{\"@type\":\"ImageObject\",\"inLanguage\":\"en-US\",\"@id\":\"https:\/\/okindin.is\/#\/schema\/logo\/image\/\",\"url\":\"https:\/\/okindin.is\/wp-content\/uploads\/2023\/09\/okindin-logo-1.jpg\",\"contentUrl\":\"https:\/\/okindin.is\/wp-content\/uploads\/2023\/09\/okindin-logo-1.jpg\",\"width\":1553,\"height\":1553,\"caption\":\"\u00d3kindin ehf.\"},\"image\":{\"@id\":\"https:\/\/okindin.is\/#\/schema\/logo\/image\/\"},\"sameAs\":[\"https:\/\/www.facebook.com\/search\/top?q=kindin-meindravarnir\"]}]}<\/script>\n<!-- \/ Yoast SEO plugin. -->","yoast_head_json":{"title":"\u00c1vaxtafluga - okindin.is","description":"\u00c1vaxtafluga s\u00e6kir \u00ed matarleifar \u00ed h\u00edb\u00fdlum manna","robots":{"index":"index","follow":"follow","max-snippet":"max-snippet:-1","max-image-preview":"max-image-preview:large","max-video-preview":"max-video-preview:-1"},"canonical":"https:\/\/okindin.is\/?page_id=790","og_locale":"en_US","og_type":"article","og_title":"\u00c1vaxtafluga - okindin.is","og_description":"\u00c1vaxtafluga s\u00e6kir \u00ed matarleifar \u00ed h\u00edb\u00fdlum manna","og_url":"https:\/\/okindin.is\/?page_id=790","og_site_name":"okindin.is","article_publisher":"https:\/\/www.facebook.com\/search\/top?q=kindin-meindravarnir","article_modified_time":"2025-11-03T02:00:48+00:00","og_image":[{"width":1024,"height":1024,"url":"https:\/\/okindin.is\/wp-content\/uploads\/2025\/11\/ChatGPT-Image-Nov-3-2025-02_00_07-AM.png","type":"image\/png"}],"twitter_card":"summary_large_image","twitter_misc":{"Est. reading time":"2 minutes"},"schema":{"@context":"https:\/\/schema.org","@graph":[{"@type":"WebPage","@id":"https:\/\/okindin.is\/?page_id=790","url":"https:\/\/okindin.is\/?page_id=790","name":"\u00c1vaxtafluga - okindin.is","isPartOf":{"@id":"https:\/\/okindin.is\/#website"},"primaryImageOfPage":{"@id":"https:\/\/okindin.is\/?page_id=790#primaryimage"},"image":{"@id":"https:\/\/okindin.is\/?page_id=790#primaryimage"},"thumbnailUrl":"https:\/\/okindin.is\/wp-content\/uploads\/2025\/11\/ChatGPT-Image-Nov-3-2025-02_00_07-AM.png","datePublished":"2025-11-03T02:00:47+00:00","dateModified":"2025-11-03T02:00:48+00:00","description":"\u00c1vaxtafluga s\u00e6kir \u00ed matarleifar \u00ed h\u00edb\u00fdlum manna","breadcrumb":{"@id":"https:\/\/okindin.is\/?page_id=790#breadcrumb"},"inLanguage":"en-US","potentialAction":[{"@type":"ReadAction","target":["https:\/\/okindin.is\/?page_id=790"]}]},{"@type":"ImageObject","inLanguage":"en-US","@id":"https:\/\/okindin.is\/?page_id=790#primaryimage","url":"https:\/\/okindin.is\/wp-content\/uploads\/2025\/11\/ChatGPT-Image-Nov-3-2025-02_00_07-AM.png","contentUrl":"https:\/\/okindin.is\/wp-content\/uploads\/2025\/11\/ChatGPT-Image-Nov-3-2025-02_00_07-AM.png","width":1024,"height":1024},{"@type":"BreadcrumbList","@id":"https:\/\/okindin.is\/?page_id=790#breadcrumb","itemListElement":[{"@type":"ListItem","position":1,"name":"Home","item":"https:\/\/okindin.is\/"},{"@type":"ListItem","position":2,"name":"\u00dej\u00f3nustan","item":"https:\/\/okindin.is\/?page_id=21"},{"@type":"ListItem","position":3,"name":"Fr\u00e6\u00f0sla","item":"https:\/\/okindin.is\/?page_id=729"},{"@type":"ListItem","position":4,"name":"\u00c1vaxtafluga"}]},{"@type":"WebSite","@id":"https:\/\/okindin.is\/#website","url":"https:\/\/okindin.is\/","name":"okindin.is","description":"\u00d3kindin Meind\u00fdravarnir - Meind\u00fdraey\u00f0ir","publisher":{"@id":"https:\/\/okindin.is\/#organization"},"potentialAction":[{"@type":"SearchAction","target":{"@type":"EntryPoint","urlTemplate":"https:\/\/okindin.is\/?s={search_term_string}"},"query-input":{"@type":"PropertyValueSpecification","valueRequired":true,"valueName":"search_term_string"}}],"inLanguage":"en-US"},{"@type":"Organization","@id":"https:\/\/okindin.is\/#organization","name":"\u00d3kindin ehf.","url":"https:\/\/okindin.is\/","logo":{"@type":"ImageObject","inLanguage":"en-US","@id":"https:\/\/okindin.is\/#\/schema\/logo\/image\/","url":"https:\/\/okindin.is\/wp-content\/uploads\/2023\/09\/okindin-logo-1.jpg","contentUrl":"https:\/\/okindin.is\/wp-content\/uploads\/2023\/09\/okindin-logo-1.jpg","width":1553,"height":1553,"caption":"\u00d3kindin ehf."},"image":{"@id":"https:\/\/okindin.is\/#\/schema\/logo\/image\/"},"sameAs":["https:\/\/www.facebook.com\/search\/top?q=kindin-meindravarnir"]}]}},"jetpack_sharing_enabled":true,"_links":{"self":[{"href":"https:\/\/okindin.is\/index.php?rest_route=\/wp\/v2\/pages\/790","targetHints":{"allow":["GET"]}}],"collection":[{"href":"https:\/\/okindin.is\/index.php?rest_route=\/wp\/v2\/pages"}],"about":[{"href":"https:\/\/okindin.is\/index.php?rest_route=\/wp\/v2\/types\/page"}],"author":[{"embeddable":true,"href":"https:\/\/okindin.is\/index.php?rest_route=\/wp\/v2\/users\/2"}],"replies":[{"embeddable":true,"href":"https:\/\/okindin.is\/index.php?rest_route=%2Fwp%2Fv2%2Fcomments&post=790"}],"version-history":[{"count":1,"href":"https:\/\/okindin.is\/index.php?rest_route=\/wp\/v2\/pages\/790\/revisions"}],"predecessor-version":[{"id":792,"href":"https:\/\/okindin.is\/index.php?rest_route=\/wp\/v2\/pages\/790\/revisions\/792"}],"up":[{"embeddable":true,"href":"https:\/\/okindin.is\/index.php?rest_route=\/wp\/v2\/pages\/729"}],"wp:attachment":[{"href":"https:\/\/okindin.is\/index.php?rest_route=%2Fwp%2Fv2%2Fmedia&parent=790"}],"curies":[{"name":"wp","href":"https:\/\/api.w.org\/{rel}","templated":true}]}}