{"id":799,"date":"2025-11-03T02:15:07","date_gmt":"2025-11-03T02:15:07","guid":{"rendered":"https:\/\/okindin.is\/?page_id=799"},"modified":"2025-11-03T02:15:42","modified_gmt":"2025-11-03T02:15:42","slug":"feldgaera","status":"publish","type":"page","link":"https:\/\/okindin.is\/?page_id=799","title":{"rendered":"Feldg\u00e6ra"},"content":{"rendered":"\n<p><strong>Bjalla me\u00f0 d\u00fdran smekk<\/strong><\/p>\n\n\n\n<p>Feldg\u00e6ra (<em>Attagenus smirnovi<\/em>) er sm\u00e1vaxin bjalla, a\u00f0 jafna\u00f0i 2,3\u20134 mm l\u00f6ng. H\u00fan er upprunnin \u00ed Afr\u00edku en fannst fyrst \u00ed Evr\u00f3pu upp \u00far 1960. \u00c1 \u00cdslandi var h\u00fan sta\u00f0fest \u00ed fyrsta sinn \u00e1ri\u00f0 1992 \u00ed tveimur h\u00fasum \u00ed Reykjav\u00edk, og s\u00ed\u00f0an hefur h\u00fan or\u00f0i\u00f0 \u00fatbreidd \u00e1 h\u00f6fu\u00f0borgarsv\u00e6\u00f0inu. Einst\u00f6k tilvik hafa veri\u00f0 skr\u00e1\u00f0 utan \u00feess, me\u00f0al annars \u00e1 F\u00e1skr\u00fa\u00f0sfir\u00f0i.&nbsp;<\/p>\n\n\n\n<figure class=\"wp-block-image size-full is-resized\"><img fetchpriority=\"high\" decoding=\"async\" width=\"1024\" height=\"1024\" src=\"https:\/\/okindin.is\/wp-content\/uploads\/2025\/11\/ChatGPT-Image-Nov-3-2025-02_14_32-AM.png\" alt=\"\" class=\"wp-image-802\" style=\"width:431px;height:auto\" srcset=\"https:\/\/okindin.is\/wp-content\/uploads\/2025\/11\/ChatGPT-Image-Nov-3-2025-02_14_32-AM.png 1024w, https:\/\/okindin.is\/wp-content\/uploads\/2025\/11\/ChatGPT-Image-Nov-3-2025-02_14_32-AM-300x300.png 300w, https:\/\/okindin.is\/wp-content\/uploads\/2025\/11\/ChatGPT-Image-Nov-3-2025-02_14_32-AM-150x150.png 150w, https:\/\/okindin.is\/wp-content\/uploads\/2025\/11\/ChatGPT-Image-Nov-3-2025-02_14_32-AM-768x768.png 768w\" sizes=\"(max-width: 1024px) 100vw, 1024px\" \/><\/figure>\n\n\n\n<p><strong>Dvalarsta\u00f0ir og ummerki<\/strong><\/p>\n\n\n\n<p>Feldg\u00e6ra heldur sig \u00ed upphitu\u00f0u h\u00fasn\u00e6\u00f0i, einkum \u00fear sem text\u00edlar og n\u00e1tt\u00faruleg trefjaefni eru til sta\u00f0ar. H\u00fan felur sig \u00ed sk\u00e1pum, geymslum, undir g\u00f3lf- og veggkl\u00e6\u00f0ningum og \u00ed hornum \u00fear sem sjaldan er hreyft vi\u00f0. Einkennandi ummerki eru:<\/p>\n\n\n\n<ul class=\"wp-block-list\">\n<li>Hamir og lirfuhylki sem safnast fyrir.<\/li>\n\n\n\n<li>F\u00ednger\u00f0 mylsna \u00ed hornum e\u00f0a vi\u00f0 g\u00f3lfteppi.<\/li>\n\n\n\n<li>Sm\u00e1 g\u00f6t og nagf\u00f6r \u00ed ullarfl\u00edkum, teppum, mottum e\u00f0a uppstoppu\u00f0um gripum.<\/li>\n<\/ul>\n\n\n\n<p><\/p>\n\n\n\n<p><strong>L\u00edfsh\u00e6ttir, l\u00edfsferill og tj\u00f3n<\/strong><\/p>\n\n\n\n<p>L\u00edfsferill feldg\u00e6ru l\u00edkist \u00f6\u00f0rum g\u00e6rubj\u00f6llum og einkennist af langvinnu lirfustigi.<\/p>\n\n\n\n<ul class=\"wp-block-list\">\n<li>Egg: Kvend\u00fdr verpir tugum eggja \u00e1 hentugum st\u00f6\u00f0um, oft \u00ed text\u00edl e\u00f0a \u00e1 l\u00edfr\u00e6num f\u00e6\u00f0uupprettum.\u00a0<\/li>\n\n\n\n<li>Lirfur: Lirfurnar eru lo\u00f0nar og gulbr\u00fanar, og lifa \u00e1 kerat\u00edni \u2013 pr\u00f3teini sem finnst \u00ed ull, feldi og fi\u00f0ri. \u00de\u00e6r skipta 6\u201312 sinnum um ham \u00e1\u00f0ur en \u00fe\u00e6r p\u00fapa sig. Vi\u00f0 kj\u00f6ra\u00f0st\u00e6\u00f0ur getur teki\u00f0 lirfur nokkra m\u00e1nu\u00f0i a\u00f0 lj\u00faka \u00feroska, en \u00ed kulda e\u00f0a f\u00e6\u00f0u\u00feurr\u00f0 geta \u00fe\u00e6r seinka\u00f0 vexti og dvali\u00f0 \u00e1 lirfustigi \u00ed allt a\u00f0 tv\u00f6 \u00e1r.<\/li>\n\n\n\n<li>P\u00fapa: P\u00fapustigi\u00f0 varir yfirleitt \u00ed 2\u20133 vikur.<\/li>\n\n\n\n<li>Fullor\u00f0nar bj\u00f6llur: Lifir a\u00f0eins \u00ed nokkrar vikur, n\u00e6rast ekki og einskor\u00f0a sig vi\u00f0 \u00e6xlun.<\/li>\n<\/ul>\n\n\n\n<p><\/p>\n\n\n\n<p>\u00deessi langi og sveigjanlegi l\u00edfsferill gerir feldg\u00e6ru erfi\u00f0a vi\u00f0ureignar. H\u00fan getur \u00ferifist \u00e1rum saman \u00ed h\u00fasi \u00e1n \u00feess a\u00f0 greinast fyrr en tj\u00f3ni\u00f0 \u00e1 text\u00edlum er or\u00f0i\u00f0 s\u00fdnilegt. Vi\u00f0varandi n\u00e6rvera getur valdi\u00f0 verulegum skemmdum \u00e1 f\u00f6tum, h\u00fasg\u00f6gnum, safngripum og \u00f6\u00f0rum ver\u00f0m\u00e6tum.<\/p>\n\n\n\n<p><strong>Forvarnir<\/strong><\/p>\n\n\n\n<p>\u2022 \u00devo e\u00f0a \u00feurrhreinsa ullarfl\u00edkur reglulega og geyma \u00ed loft\u00fe\u00e9ttum \u00edl\u00e1tum.<br>\u2022 Ryksuga vandlega undir innr\u00e9ttingum, me\u00f0fram listum og \u00ed hornum \u00fear sem lirfur geta leynst.<br>\u2022 Setja upp v\u00f6ktunargildrur \u00e1 \u00e1h\u00e6ttusv\u00e6\u00f0um eins og geymslum og fataherbergjum.<br>\u2022 Sko\u00f0a reglulega vi\u00f0kv\u00e6ma gripi og fjarl\u00e6gja strax ummerki um hamskipti e\u00f0a mylsnu.<\/p>\n\n\n\n<p><\/p>\n\n\n\n<p><strong>Hva\u00f0 gerir \u00d3kindin?<\/strong><\/p>\n\n\n\n<p>\u00d3kindin framkv\u00e6mir \u00fattekt \u00e1 a\u00f0st\u00e6\u00f0um, greinir tegund til a\u00f0greiningar fr\u00e1 \u00f6\u00f0rum g\u00e6rubj\u00f6llum og setur upp v\u00f6ktunarlausnir. Bo\u00f0i\u00f0 er upp \u00e1 r\u00e1\u00f0gj\u00f6f og a\u00f0ger\u00f0ir sem fela \u00ed s\u00e9r frystingu e\u00f0a hitame\u00f0fer\u00f0 vi\u00f0kv\u00e6mra text\u00edla, \u00e1samt markvissum efname\u00f0fer\u00f0um \u00feegar \u00fe\u00f6rf krefur. Allar a\u00f0ger\u00f0ir eru framkv\u00e6mdar me\u00f0 \u00e1herslu \u00e1 \u00f6ryggi \u00edb\u00faa og g\u00e6lud\u00fdra, og skjalfestar til a\u00f0 uppfylla kr\u00f6fur heilbrig\u00f0iseftirlits og HACCP \u00fear sem vi\u00f0 \u00e1.<\/p>\n","protected":false},"excerpt":{"rendered":"<p>Bjalla me\u00f0 d\u00fdran smekk Feldg\u00e6ra (Attagenus smirnovi) er sm\u00e1vaxin bjalla, a\u00f0 jafna\u00f0i 2,3\u20134 mm l\u00f6ng. H\u00fan er upprunnin \u00ed Afr\u00edku en fannst fyrst \u00ed Evr\u00f3pu upp \u00far 1960. \u00c1 \u00cdslandi var h\u00fan sta\u00f0fest \u00ed fyrsta sinn \u00e1ri\u00f0 1992 \u00ed tveimur h\u00fasum \u00ed Reykjav\u00edk, og s\u00ed\u00f0an hefur h\u00fan or\u00f0i\u00f0 \u00fatbreidd \u00e1 h\u00f6fu\u00f0borgarsv\u00e6\u00f0inu. Einst\u00f6k tilvik hafa veri\u00f0 [&hellip;]<\/p>\n","protected":false},"author":2,"featured_media":0,"parent":729,"menu_order":0,"comment_status":"closed","ping_status":"closed","template":"","meta":{"footnotes":""},"class_list":["post-799","page","type-page","status-publish","hentry"],"yoast_head":"<!-- This site is optimized with the Yoast SEO plugin v25.3 - https:\/\/yoast.com\/wordpress\/plugins\/seo\/ -->\n<title>Feldg\u00e6ra - okindin.is<\/title>\n<meta name=\"description\" content=\"Feldg\u00e6ra er bj\u00f6llutegund sem s\u00e6kir \u00ed og nagar text\u00edl og n\u00e1tt\u00farulegar trefjar\" \/>\n<meta name=\"robots\" content=\"index, follow, max-snippet:-1, max-image-preview:large, max-video-preview:-1\" \/>\n<link rel=\"canonical\" href=\"https:\/\/okindin.is\/?page_id=799\" \/>\n<meta property=\"og:locale\" content=\"en_US\" \/>\n<meta property=\"og:type\" content=\"article\" \/>\n<meta property=\"og:title\" content=\"Feldg\u00e6ra - okindin.is\" \/>\n<meta property=\"og:description\" content=\"Feldg\u00e6ra er bj\u00f6llutegund sem s\u00e6kir \u00ed og nagar text\u00edl og n\u00e1tt\u00farulegar trefjar\" \/>\n<meta property=\"og:url\" content=\"https:\/\/okindin.is\/?page_id=799\" \/>\n<meta property=\"og:site_name\" content=\"okindin.is\" \/>\n<meta property=\"article:publisher\" content=\"https:\/\/www.facebook.com\/search\/top?q=kindin-meindravarnir\" \/>\n<meta property=\"article:modified_time\" content=\"2025-11-03T02:15:42+00:00\" \/>\n<meta property=\"og:image\" content=\"https:\/\/okindin.is\/wp-content\/uploads\/2025\/11\/ChatGPT-Image-Nov-3-2025-02_14_32-AM.png\" \/>\n\t<meta property=\"og:image:width\" content=\"1024\" \/>\n\t<meta property=\"og:image:height\" content=\"1024\" \/>\n\t<meta property=\"og:image:type\" content=\"image\/png\" \/>\n<meta name=\"twitter:card\" content=\"summary_large_image\" \/>\n<meta name=\"twitter:label1\" content=\"Est. reading time\" \/>\n\t<meta name=\"twitter:data1\" content=\"2 minutes\" \/>\n<script type=\"application\/ld+json\" class=\"yoast-schema-graph\">{\"@context\":\"https:\/\/schema.org\",\"@graph\":[{\"@type\":\"WebPage\",\"@id\":\"https:\/\/okindin.is\/?page_id=799\",\"url\":\"https:\/\/okindin.is\/?page_id=799\",\"name\":\"Feldg\u00e6ra - okindin.is\",\"isPartOf\":{\"@id\":\"https:\/\/okindin.is\/#website\"},\"primaryImageOfPage\":{\"@id\":\"https:\/\/okindin.is\/?page_id=799#primaryimage\"},\"image\":{\"@id\":\"https:\/\/okindin.is\/?page_id=799#primaryimage\"},\"thumbnailUrl\":\"https:\/\/okindin.is\/wp-content\/uploads\/2025\/11\/ChatGPT-Image-Nov-3-2025-02_14_32-AM.png\",\"datePublished\":\"2025-11-03T02:15:07+00:00\",\"dateModified\":\"2025-11-03T02:15:42+00:00\",\"description\":\"Feldg\u00e6ra er bj\u00f6llutegund sem s\u00e6kir \u00ed og nagar text\u00edl og n\u00e1tt\u00farulegar trefjar\",\"breadcrumb\":{\"@id\":\"https:\/\/okindin.is\/?page_id=799#breadcrumb\"},\"inLanguage\":\"en-US\",\"potentialAction\":[{\"@type\":\"ReadAction\",\"target\":[\"https:\/\/okindin.is\/?page_id=799\"]}]},{\"@type\":\"ImageObject\",\"inLanguage\":\"en-US\",\"@id\":\"https:\/\/okindin.is\/?page_id=799#primaryimage\",\"url\":\"https:\/\/okindin.is\/wp-content\/uploads\/2025\/11\/ChatGPT-Image-Nov-3-2025-02_14_32-AM.png\",\"contentUrl\":\"https:\/\/okindin.is\/wp-content\/uploads\/2025\/11\/ChatGPT-Image-Nov-3-2025-02_14_32-AM.png\",\"width\":1024,\"height\":1024},{\"@type\":\"BreadcrumbList\",\"@id\":\"https:\/\/okindin.is\/?page_id=799#breadcrumb\",\"itemListElement\":[{\"@type\":\"ListItem\",\"position\":1,\"name\":\"Home\",\"item\":\"https:\/\/okindin.is\/\"},{\"@type\":\"ListItem\",\"position\":2,\"name\":\"\u00dej\u00f3nustan\",\"item\":\"https:\/\/okindin.is\/?page_id=21\"},{\"@type\":\"ListItem\",\"position\":3,\"name\":\"Fr\u00e6\u00f0sla\",\"item\":\"https:\/\/okindin.is\/?page_id=729\"},{\"@type\":\"ListItem\",\"position\":4,\"name\":\"Feldg\u00e6ra\"}]},{\"@type\":\"WebSite\",\"@id\":\"https:\/\/okindin.is\/#website\",\"url\":\"https:\/\/okindin.is\/\",\"name\":\"okindin.is\",\"description\":\"\u00d3kindin Meind\u00fdravarnir - Meind\u00fdraey\u00f0ir\",\"publisher\":{\"@id\":\"https:\/\/okindin.is\/#organization\"},\"potentialAction\":[{\"@type\":\"SearchAction\",\"target\":{\"@type\":\"EntryPoint\",\"urlTemplate\":\"https:\/\/okindin.is\/?s={search_term_string}\"},\"query-input\":{\"@type\":\"PropertyValueSpecification\",\"valueRequired\":true,\"valueName\":\"search_term_string\"}}],\"inLanguage\":\"en-US\"},{\"@type\":\"Organization\",\"@id\":\"https:\/\/okindin.is\/#organization\",\"name\":\"\u00d3kindin ehf.\",\"url\":\"https:\/\/okindin.is\/\",\"logo\":{\"@type\":\"ImageObject\",\"inLanguage\":\"en-US\",\"@id\":\"https:\/\/okindin.is\/#\/schema\/logo\/image\/\",\"url\":\"https:\/\/okindin.is\/wp-content\/uploads\/2023\/09\/okindin-logo-1.jpg\",\"contentUrl\":\"https:\/\/okindin.is\/wp-content\/uploads\/2023\/09\/okindin-logo-1.jpg\",\"width\":1553,\"height\":1553,\"caption\":\"\u00d3kindin ehf.\"},\"image\":{\"@id\":\"https:\/\/okindin.is\/#\/schema\/logo\/image\/\"},\"sameAs\":[\"https:\/\/www.facebook.com\/search\/top?q=kindin-meindravarnir\"]}]}<\/script>\n<!-- \/ Yoast SEO plugin. -->","yoast_head_json":{"title":"Feldg\u00e6ra - okindin.is","description":"Feldg\u00e6ra er bj\u00f6llutegund sem s\u00e6kir \u00ed og nagar text\u00edl og n\u00e1tt\u00farulegar trefjar","robots":{"index":"index","follow":"follow","max-snippet":"max-snippet:-1","max-image-preview":"max-image-preview:large","max-video-preview":"max-video-preview:-1"},"canonical":"https:\/\/okindin.is\/?page_id=799","og_locale":"en_US","og_type":"article","og_title":"Feldg\u00e6ra - okindin.is","og_description":"Feldg\u00e6ra er bj\u00f6llutegund sem s\u00e6kir \u00ed og nagar text\u00edl og n\u00e1tt\u00farulegar trefjar","og_url":"https:\/\/okindin.is\/?page_id=799","og_site_name":"okindin.is","article_publisher":"https:\/\/www.facebook.com\/search\/top?q=kindin-meindravarnir","article_modified_time":"2025-11-03T02:15:42+00:00","og_image":[{"width":1024,"height":1024,"url":"https:\/\/okindin.is\/wp-content\/uploads\/2025\/11\/ChatGPT-Image-Nov-3-2025-02_14_32-AM.png","type":"image\/png"}],"twitter_card":"summary_large_image","twitter_misc":{"Est. reading time":"2 minutes"},"schema":{"@context":"https:\/\/schema.org","@graph":[{"@type":"WebPage","@id":"https:\/\/okindin.is\/?page_id=799","url":"https:\/\/okindin.is\/?page_id=799","name":"Feldg\u00e6ra - okindin.is","isPartOf":{"@id":"https:\/\/okindin.is\/#website"},"primaryImageOfPage":{"@id":"https:\/\/okindin.is\/?page_id=799#primaryimage"},"image":{"@id":"https:\/\/okindin.is\/?page_id=799#primaryimage"},"thumbnailUrl":"https:\/\/okindin.is\/wp-content\/uploads\/2025\/11\/ChatGPT-Image-Nov-3-2025-02_14_32-AM.png","datePublished":"2025-11-03T02:15:07+00:00","dateModified":"2025-11-03T02:15:42+00:00","description":"Feldg\u00e6ra er bj\u00f6llutegund sem s\u00e6kir \u00ed og nagar text\u00edl og n\u00e1tt\u00farulegar trefjar","breadcrumb":{"@id":"https:\/\/okindin.is\/?page_id=799#breadcrumb"},"inLanguage":"en-US","potentialAction":[{"@type":"ReadAction","target":["https:\/\/okindin.is\/?page_id=799"]}]},{"@type":"ImageObject","inLanguage":"en-US","@id":"https:\/\/okindin.is\/?page_id=799#primaryimage","url":"https:\/\/okindin.is\/wp-content\/uploads\/2025\/11\/ChatGPT-Image-Nov-3-2025-02_14_32-AM.png","contentUrl":"https:\/\/okindin.is\/wp-content\/uploads\/2025\/11\/ChatGPT-Image-Nov-3-2025-02_14_32-AM.png","width":1024,"height":1024},{"@type":"BreadcrumbList","@id":"https:\/\/okindin.is\/?page_id=799#breadcrumb","itemListElement":[{"@type":"ListItem","position":1,"name":"Home","item":"https:\/\/okindin.is\/"},{"@type":"ListItem","position":2,"name":"\u00dej\u00f3nustan","item":"https:\/\/okindin.is\/?page_id=21"},{"@type":"ListItem","position":3,"name":"Fr\u00e6\u00f0sla","item":"https:\/\/okindin.is\/?page_id=729"},{"@type":"ListItem","position":4,"name":"Feldg\u00e6ra"}]},{"@type":"WebSite","@id":"https:\/\/okindin.is\/#website","url":"https:\/\/okindin.is\/","name":"okindin.is","description":"\u00d3kindin Meind\u00fdravarnir - Meind\u00fdraey\u00f0ir","publisher":{"@id":"https:\/\/okindin.is\/#organization"},"potentialAction":[{"@type":"SearchAction","target":{"@type":"EntryPoint","urlTemplate":"https:\/\/okindin.is\/?s={search_term_string}"},"query-input":{"@type":"PropertyValueSpecification","valueRequired":true,"valueName":"search_term_string"}}],"inLanguage":"en-US"},{"@type":"Organization","@id":"https:\/\/okindin.is\/#organization","name":"\u00d3kindin ehf.","url":"https:\/\/okindin.is\/","logo":{"@type":"ImageObject","inLanguage":"en-US","@id":"https:\/\/okindin.is\/#\/schema\/logo\/image\/","url":"https:\/\/okindin.is\/wp-content\/uploads\/2023\/09\/okindin-logo-1.jpg","contentUrl":"https:\/\/okindin.is\/wp-content\/uploads\/2023\/09\/okindin-logo-1.jpg","width":1553,"height":1553,"caption":"\u00d3kindin ehf."},"image":{"@id":"https:\/\/okindin.is\/#\/schema\/logo\/image\/"},"sameAs":["https:\/\/www.facebook.com\/search\/top?q=kindin-meindravarnir"]}]}},"jetpack_sharing_enabled":true,"_links":{"self":[{"href":"https:\/\/okindin.is\/index.php?rest_route=\/wp\/v2\/pages\/799","targetHints":{"allow":["GET"]}}],"collection":[{"href":"https:\/\/okindin.is\/index.php?rest_route=\/wp\/v2\/pages"}],"about":[{"href":"https:\/\/okindin.is\/index.php?rest_route=\/wp\/v2\/types\/page"}],"author":[{"embeddable":true,"href":"https:\/\/okindin.is\/index.php?rest_route=\/wp\/v2\/users\/2"}],"replies":[{"embeddable":true,"href":"https:\/\/okindin.is\/index.php?rest_route=%2Fwp%2Fv2%2Fcomments&post=799"}],"version-history":[{"count":3,"href":"https:\/\/okindin.is\/index.php?rest_route=\/wp\/v2\/pages\/799\/revisions"}],"predecessor-version":[{"id":803,"href":"https:\/\/okindin.is\/index.php?rest_route=\/wp\/v2\/pages\/799\/revisions\/803"}],"up":[{"embeddable":true,"href":"https:\/\/okindin.is\/index.php?rest_route=\/wp\/v2\/pages\/729"}],"wp:attachment":[{"href":"https:\/\/okindin.is\/index.php?rest_route=%2Fwp%2Fv2%2Fmedia&parent=799"}],"curies":[{"name":"wp","href":"https:\/\/api.w.org\/{rel}","templated":true}]}}