{"id":808,"date":"2025-11-06T01:16:36","date_gmt":"2025-11-06T01:16:36","guid":{"rendered":"https:\/\/okindin.is\/?page_id=808"},"modified":"2025-11-06T08:17:19","modified_gmt":"2025-11-06T08:17:19","slug":"husfluga","status":"publish","type":"page","link":"https:\/\/okindin.is\/?page_id=808","title":{"rendered":"H\u00fasfluga"},"content":{"rendered":"\n<h4 class=\"wp-block-heading\"><strong>\u00d3bo\u00f0inn matargestur<\/strong><\/h4>\n\n\n\n<p>H\u00fasflugan (<em>Musca domestica<\/em>) er ein \u00fatbreiddasta flugnategund heims \u2014 sannur heimsborgari sem fylgir manninum hvert sem hann fer. H\u00fan er d\u00f6kkgr\u00e1leit e\u00f0a svarbr\u00fan \u00e1 lit, um 6\u20138 mm l\u00f6ng, me\u00f0 fj\u00f3rar d\u00f6kkar langr\u00e1kir \u00e1 frambolnum og st\u00f3r rau\u00f0 augu sem veita flugunni v\u00ed\u00f0s\u00fdni og vi\u00f0brag\u00f0sfl\u00fdti. Karlflugur hafa augu sem n\u00e1nast m\u00e6tast \u00e1 h\u00f6f\u00f0inu, en hj\u00e1 kvend\u00fdrum er lengra \u00e1 milli. H\u00fan er s\u00edfellt \u00e1 ferli, eltir lykt og lj\u00f3s og kemur s\u00e9r undan h\u00f6ggum me\u00f0 \u00f3tr\u00falegri fimi.<\/p>\n\n\n\n<figure class=\"wp-block-image size-full is-resized\"><img fetchpriority=\"high\" decoding=\"async\" width=\"1024\" height=\"1024\" src=\"https:\/\/okindin.is\/wp-content\/uploads\/2025\/11\/ChatGPT-Image-Nov-5-2025-11_53_26-PM.png\" alt=\"\" class=\"wp-image-809\" style=\"width:520px;height:auto\" srcset=\"https:\/\/okindin.is\/wp-content\/uploads\/2025\/11\/ChatGPT-Image-Nov-5-2025-11_53_26-PM.png 1024w, https:\/\/okindin.is\/wp-content\/uploads\/2025\/11\/ChatGPT-Image-Nov-5-2025-11_53_26-PM-300x300.png 300w, https:\/\/okindin.is\/wp-content\/uploads\/2025\/11\/ChatGPT-Image-Nov-5-2025-11_53_26-PM-150x150.png 150w, https:\/\/okindin.is\/wp-content\/uploads\/2025\/11\/ChatGPT-Image-Nov-5-2025-11_53_26-PM-768x768.png 768w\" sizes=\"(max-width: 1024px) 100vw, 1024px\" \/><\/figure>\n\n\n\n<h5 class=\"wp-block-heading\"><strong>Dvalarsta\u00f0ir og ummerki<\/strong><\/h5>\n\n\n\n<p>H\u00fasflugur s\u00e6kja \u00ed alls kyns l\u00edfr\u00e6nan \u00fargang og blautt e\u00f0a rotnandi efni. \u00de\u00e6r finnast vi\u00f0 gripah\u00fas, sorphauga, lo\u00f0d\u00fdrab\u00fa og \u00ed matv\u00e6lageiranum \u00fear sem l\u00edfr\u00e6nt efni safnast fyrir. Innandyra sj\u00e1st \u00fe\u00e6r oft \u00e1 gluggakistum, bor\u00f0um e\u00f0a n\u00e1l\u00e6gt eldh\u00fasi og matarsv\u00e6\u00f0um. Ummerki um h\u00fasflugur geta veri\u00f0 litlir d\u00f6kkir blettir eftir saur \u00feeirra, eggjaklasar \u00ed l\u00edfr\u00e6num \u00fargangi og eins sj\u00e1st \u00fe\u00e6r i\u00f0ulega \u00e1 flugi \u00ed kringum lj\u00f3sgjafa og f\u00e6\u00f0uuppsprettur.<\/p>\n\n\n\n<h5 class=\"wp-block-heading\"><strong>L\u00edfsh\u00e6ttir og l\u00edfsferill<\/strong><\/h5>\n\n\n\n<p>H\u00fasflugan gengur \u00ed gegnum fj\u00f6gur \u00feroskastig: egg \u2013 lirfu \u2013 p\u00fapu \u2013 fullvaxta flugu. Kvend\u00fdr verpir allt a\u00f0 500 eggjum \u00e1 \u00e6vi sinni, oft \u00ed sk\u00edt, hr\u00e6jum e\u00f0a \u00f6\u00f0rum rotnandi l\u00edfr\u00e6num leifum. Vi\u00f0 kj\u00f6ra\u00f0st\u00e6\u00f0ur geta eggin klakist \u00fat \u00e1 nokkrum klukkustundum og n\u00fd fluga ver\u00f0ur fullvaxta \u00e1 innan vi\u00f0 tveimur vikum. Lirfurnar n\u00e6rast \u00e1 l\u00edfr\u00e6num leifum og breytast \u00ed p\u00fapur sem s\u00ed\u00f0an ala af s\u00e9r fullor\u00f0nar flugur.<\/p>\n\n\n\n<p>Fullor\u00f0nar h\u00fasflugur lifa \u00ed 2\u20134 vikur, en vi\u00f0 hagst\u00e6tt hitastig (25\u201330\u00b0C) getur l\u00edfsferillinn veri\u00f0 mj\u00f6g hra\u00f0ur og stofnar \u00fev\u00ed margfaldast \u00e1 stuttum t\u00edma. \u00de\u00e6r geta lifa\u00f0 af veturinn innanh\u00fass og fj\u00f6lga\u00f0 s\u00e9r \u00fear allt \u00e1ri\u00f0.<\/p>\n\n\n\n<figure class=\"wp-block-image size-full is-resized\"><img decoding=\"async\" width=\"1024\" height=\"1024\" src=\"https:\/\/okindin.is\/wp-content\/uploads\/2025\/11\/ChatGPT-Image-Nov-5-2025-11_18_00-PM.png\" alt=\"\" class=\"wp-image-810\" style=\"width:528px;height:auto\" srcset=\"https:\/\/okindin.is\/wp-content\/uploads\/2025\/11\/ChatGPT-Image-Nov-5-2025-11_18_00-PM.png 1024w, https:\/\/okindin.is\/wp-content\/uploads\/2025\/11\/ChatGPT-Image-Nov-5-2025-11_18_00-PM-300x300.png 300w, https:\/\/okindin.is\/wp-content\/uploads\/2025\/11\/ChatGPT-Image-Nov-5-2025-11_18_00-PM-150x150.png 150w, https:\/\/okindin.is\/wp-content\/uploads\/2025\/11\/ChatGPT-Image-Nov-5-2025-11_18_00-PM-768x768.png 768w\" sizes=\"(max-width: 1024px) 100vw, 1024px\" \/><figcaption class=\"wp-element-caption\">H\u00fasflugan \u00e1 \u00f6llum stigum l\u00edfsferils: Eggjaklasi, lirfa, p\u00fapur og fullvaxta fluga. <\/figcaption><\/figure>\n\n\n\n<h5 class=\"wp-block-heading\"><strong>H\u00e6ttur og tj\u00f3n<\/strong><\/h5>\n\n\n\n<p>H\u00fasflugur eru ekki bara hvimlei\u00f0ar, heldur einnig h\u00e6ttulegar me\u00f0 tilliti til sj\u00fakd\u00f3mavarna. \u00de\u00e6r geta bori\u00f0 me\u00f0 s\u00e9r yfir 100 mismunandi tegundir s\u00fdkla, \u00fear \u00e1 me\u00f0al <em>Salmonella<\/em>, <em>E. coli<\/em> og <em>Shigella<\/em>, auk sn\u00edkjud\u00fdra og veira. \u00de\u00e6r s\u00e6kja \u00ed sk\u00edt, \u00fargang og rotnandi f\u00e6\u00f0u, en fara s\u00ed\u00f0an yfir \u00e1 mat, bor\u00f0 og \u00e1h\u00f6ld \u00ed eldh\u00fasum. \u00de\u00e6r sp\u00fdta meltingarv\u00f6kva \u00e1 f\u00e6\u00f0ugjafa til a\u00f0 leysa upp \u00e1\u00f0ur en \u00fe\u00e6r sj\u00faga hana upp og geta \u00feannig menga\u00f0 matv\u00e6li \u00e1 \u00f6rskotsstundu. \u00de\u00e6r geta \u00feannig veri\u00f0 millili\u00f0ur \u00ed smiti sem veldur matareitrun, ni\u00f0urgangi og \u00f6\u00f0rum sj\u00fakd\u00f3mum.<\/p>\n\n\n\n<p>Til sveita, \u00fear sem b\u00faf\u00e9 er haldi\u00f0 getur fj\u00f6ldi h\u00fasflugna or\u00f0i\u00f0 sl\u00edkur a\u00f0 \u00fe\u00e6r valdi verulegum \u00f3\u00fe\u00e6gindum fyrir b\u00e6\u00f0i f\u00f3lk og d\u00fdr.<\/p>\n\n\n\n<h5 class=\"wp-block-heading\"><strong>Forvarnir<\/strong><\/h5>\n\n\n\n<p>Til a\u00f0 halda h\u00fasflugum \u00ed skefjum er mikilv\u00e6gt a\u00f0 vi\u00f0hafa g\u00f3\u00f0ar hreinl\u00e6tisvenjur og takmarka a\u00f0gang \u00feeirra a\u00f0 f\u00e6\u00f0u og m\u00f6gulegum uppeldisst\u00f6\u00f0vum lirfanna:<br>\u2022 Geyma sorp og l\u00edfr\u00e6nan \u00fargang \u00ed loku\u00f0um \u00edl\u00e1tum og t\u00e6ma reglulega.<br>\u2022 \u00der\u00edfa vel \u00ed eldh\u00fasum, sorpgeymslum og gripah\u00fasum.<br>\u2022 For\u00f0ast a\u00f0 l\u00e1ta leifar af mat og drykk safnast fyrir.<br>\u2022 Koma flugnaneti fyrir \u00ed gluggum og dyrak\u00f6rmum, s\u00e9rstaklega yfir sumart\u00edmann.<\/p>\n\n\n\n<p><\/p>\n\n\n\n<h5 class=\"wp-block-heading\"><strong>Hva\u00f0 gerir \u00d3kindin?<\/strong><\/h5>\n\n\n\n<p>Ef h\u00fasflugur n\u00e1 f\u00f3tfestu er vandinn sjaldan leystur me\u00f0 hef\u00f0bundnum h\u00fasr\u00e1\u00f0um. Stef\u00e1n Gaukur Rafnsson hj\u00e1 \u00d3kindinni framkv\u00e6mir n\u00e1kv\u00e6ma \u00fattekt \u00e1 a\u00f0st\u00e6\u00f0um, greinir uppeldissta\u00f0i og velur vi\u00f0eigandi a\u00f0ger\u00f0ir til \u00fatr\u00fdmingar. Me\u00f0fer\u00f0in:<br>\u2022 Er \u00f6rugg fyrir f\u00f3lk og g\u00e6lud\u00fdr.<br>\u2022 Byggir \u00e1 sam\u00fe\u00e6ttri n\u00e1lgun sem sameinar hreinl\u00e6tisr\u00e1\u00f0stafanir, rafflugnabana, l\u00edmspj\u00f6ld, varnarefni og fleiri markvissar me\u00f0fer\u00f0ir.<br>\u2022 Tryggir langt\u00edma v\u00f6rn me\u00f0 reglulegu eftirliti og r\u00e1\u00f0gj\u00f6f.<\/p>\n\n\n\n<p><\/p>\n\n\n\n<p>Me\u00f0 faglegum n\u00e1lgunum er h\u00e6gt a\u00f0 halda h\u00fasflugum fjarri \u00e1 \u00f6ruggan h\u00e1tt, koma \u00ed veg fyrir endurkomu og tryggja hreint og heilsusamlegt umhverfi \u2014 hvort sem er \u00e1 heimilum e\u00f0a \u00ed atvinnurekstri.<\/p>\n\n\n\n<p><\/p>\n","protected":false},"excerpt":{"rendered":"<p>\u00d3bo\u00f0inn matargestur H\u00fasflugan (Musca domestica) er ein \u00fatbreiddasta flugnategund heims \u2014 sannur heimsborgari sem fylgir manninum hvert sem hann fer. H\u00fan er d\u00f6kkgr\u00e1leit e\u00f0a svarbr\u00fan \u00e1 lit, um 6\u20138 mm l\u00f6ng, me\u00f0 fj\u00f3rar d\u00f6kkar langr\u00e1kir \u00e1 frambolnum og st\u00f3r rau\u00f0 augu sem veita flugunni v\u00ed\u00f0s\u00fdni og vi\u00f0brag\u00f0sfl\u00fdti. Karlflugur hafa augu sem n\u00e1nast m\u00e6tast \u00e1 h\u00f6f\u00f0inu, [&hellip;]<\/p>\n","protected":false},"author":2,"featured_media":0,"parent":729,"menu_order":0,"comment_status":"closed","ping_status":"closed","template":"","meta":{"footnotes":""},"class_list":["post-808","page","type-page","status-publish","hentry"],"yoast_head":"<!-- This site is optimized with the Yoast SEO plugin v25.3 - https:\/\/yoast.com\/wordpress\/plugins\/seo\/ -->\n<title>H\u00fasfluga - okindin.is<\/title>\n<meta name=\"description\" content=\"H\u00fasflugur eru algengt meind\u00fdr \u00e1 heimilum og \u00ed \u00fatih\u00fasum. \u00de\u00e6r geta dreift bakter\u00edum og menga\u00f0 matv\u00e6li.\" \/>\n<meta name=\"robots\" content=\"index, follow, max-snippet:-1, max-image-preview:large, max-video-preview:-1\" \/>\n<link rel=\"canonical\" href=\"https:\/\/okindin.is\/?page_id=808\" \/>\n<meta property=\"og:locale\" content=\"en_US\" \/>\n<meta property=\"og:type\" content=\"article\" \/>\n<meta property=\"og:title\" content=\"H\u00fasfluga - okindin.is\" \/>\n<meta property=\"og:description\" content=\"H\u00fasflugur eru algengt meind\u00fdr \u00e1 heimilum og \u00ed \u00fatih\u00fasum. \u00de\u00e6r geta dreift bakter\u00edum og menga\u00f0 matv\u00e6li.\" \/>\n<meta property=\"og:url\" content=\"https:\/\/okindin.is\/?page_id=808\" \/>\n<meta property=\"og:site_name\" content=\"okindin.is\" \/>\n<meta property=\"article:publisher\" content=\"https:\/\/www.facebook.com\/search\/top?q=kindin-meindravarnir\" \/>\n<meta property=\"article:modified_time\" content=\"2025-11-06T08:17:19+00:00\" \/>\n<meta property=\"og:image\" content=\"https:\/\/okindin.is\/wp-content\/uploads\/2025\/11\/ChatGPT-Image-Nov-5-2025-11_53_26-PM.png\" \/>\n\t<meta property=\"og:image:width\" content=\"800\" \/>\n\t<meta property=\"og:image:height\" content=\"800\" \/>\n\t<meta property=\"og:image:type\" content=\"image\/png\" \/>\n<meta name=\"twitter:card\" content=\"summary_large_image\" \/>\n<meta name=\"twitter:label1\" content=\"Est. reading time\" \/>\n\t<meta name=\"twitter:data1\" content=\"3 minutes\" \/>\n<script type=\"application\/ld+json\" class=\"yoast-schema-graph\">{\"@context\":\"https:\/\/schema.org\",\"@graph\":[{\"@type\":\"WebPage\",\"@id\":\"https:\/\/okindin.is\/?page_id=808\",\"url\":\"https:\/\/okindin.is\/?page_id=808\",\"name\":\"H\u00fasfluga - okindin.is\",\"isPartOf\":{\"@id\":\"https:\/\/okindin.is\/#website\"},\"primaryImageOfPage\":{\"@id\":\"https:\/\/okindin.is\/?page_id=808#primaryimage\"},\"image\":{\"@id\":\"https:\/\/okindin.is\/?page_id=808#primaryimage\"},\"thumbnailUrl\":\"https:\/\/okindin.is\/wp-content\/uploads\/2025\/11\/ChatGPT-Image-Nov-5-2025-11_53_26-PM.png\",\"datePublished\":\"2025-11-06T01:16:36+00:00\",\"dateModified\":\"2025-11-06T08:17:19+00:00\",\"description\":\"H\u00fasflugur eru algengt meind\u00fdr \u00e1 heimilum og \u00ed \u00fatih\u00fasum. \u00de\u00e6r geta dreift bakter\u00edum og menga\u00f0 matv\u00e6li.\",\"breadcrumb\":{\"@id\":\"https:\/\/okindin.is\/?page_id=808#breadcrumb\"},\"inLanguage\":\"en-US\",\"potentialAction\":[{\"@type\":\"ReadAction\",\"target\":[\"https:\/\/okindin.is\/?page_id=808\"]}]},{\"@type\":\"ImageObject\",\"inLanguage\":\"en-US\",\"@id\":\"https:\/\/okindin.is\/?page_id=808#primaryimage\",\"url\":\"https:\/\/okindin.is\/wp-content\/uploads\/2025\/11\/ChatGPT-Image-Nov-5-2025-11_53_26-PM.png\",\"contentUrl\":\"https:\/\/okindin.is\/wp-content\/uploads\/2025\/11\/ChatGPT-Image-Nov-5-2025-11_53_26-PM.png\",\"width\":1024,\"height\":1024},{\"@type\":\"BreadcrumbList\",\"@id\":\"https:\/\/okindin.is\/?page_id=808#breadcrumb\",\"itemListElement\":[{\"@type\":\"ListItem\",\"position\":1,\"name\":\"Home\",\"item\":\"https:\/\/okindin.is\/\"},{\"@type\":\"ListItem\",\"position\":2,\"name\":\"\u00dej\u00f3nustan\",\"item\":\"https:\/\/okindin.is\/?page_id=21\"},{\"@type\":\"ListItem\",\"position\":3,\"name\":\"Fr\u00e6\u00f0sla\",\"item\":\"https:\/\/okindin.is\/?page_id=729\"},{\"@type\":\"ListItem\",\"position\":4,\"name\":\"H\u00fasfluga\"}]},{\"@type\":\"WebSite\",\"@id\":\"https:\/\/okindin.is\/#website\",\"url\":\"https:\/\/okindin.is\/\",\"name\":\"okindin.is\",\"description\":\"\u00d3kindin Meind\u00fdravarnir - Meind\u00fdraey\u00f0ir\",\"publisher\":{\"@id\":\"https:\/\/okindin.is\/#organization\"},\"potentialAction\":[{\"@type\":\"SearchAction\",\"target\":{\"@type\":\"EntryPoint\",\"urlTemplate\":\"https:\/\/okindin.is\/?s={search_term_string}\"},\"query-input\":{\"@type\":\"PropertyValueSpecification\",\"valueRequired\":true,\"valueName\":\"search_term_string\"}}],\"inLanguage\":\"en-US\"},{\"@type\":\"Organization\",\"@id\":\"https:\/\/okindin.is\/#organization\",\"name\":\"\u00d3kindin ehf.\",\"url\":\"https:\/\/okindin.is\/\",\"logo\":{\"@type\":\"ImageObject\",\"inLanguage\":\"en-US\",\"@id\":\"https:\/\/okindin.is\/#\/schema\/logo\/image\/\",\"url\":\"https:\/\/okindin.is\/wp-content\/uploads\/2023\/09\/okindin-logo-1.jpg\",\"contentUrl\":\"https:\/\/okindin.is\/wp-content\/uploads\/2023\/09\/okindin-logo-1.jpg\",\"width\":1553,\"height\":1553,\"caption\":\"\u00d3kindin ehf.\"},\"image\":{\"@id\":\"https:\/\/okindin.is\/#\/schema\/logo\/image\/\"},\"sameAs\":[\"https:\/\/www.facebook.com\/search\/top?q=kindin-meindravarnir\"]}]}<\/script>\n<!-- \/ Yoast SEO plugin. -->","yoast_head_json":{"title":"H\u00fasfluga - okindin.is","description":"H\u00fasflugur eru algengt meind\u00fdr \u00e1 heimilum og \u00ed \u00fatih\u00fasum. \u00de\u00e6r geta dreift bakter\u00edum og menga\u00f0 matv\u00e6li.","robots":{"index":"index","follow":"follow","max-snippet":"max-snippet:-1","max-image-preview":"max-image-preview:large","max-video-preview":"max-video-preview:-1"},"canonical":"https:\/\/okindin.is\/?page_id=808","og_locale":"en_US","og_type":"article","og_title":"H\u00fasfluga - okindin.is","og_description":"H\u00fasflugur eru algengt meind\u00fdr \u00e1 heimilum og \u00ed \u00fatih\u00fasum. \u00de\u00e6r geta dreift bakter\u00edum og menga\u00f0 matv\u00e6li.","og_url":"https:\/\/okindin.is\/?page_id=808","og_site_name":"okindin.is","article_publisher":"https:\/\/www.facebook.com\/search\/top?q=kindin-meindravarnir","article_modified_time":"2025-11-06T08:17:19+00:00","og_image":[{"url":"https:\/\/okindin.is\/wp-content\/uploads\/2025\/11\/ChatGPT-Image-Nov-5-2025-11_53_26-PM.png","width":800,"height":800,"type":"image\/png"}],"twitter_card":"summary_large_image","twitter_misc":{"Est. reading time":"3 minutes"},"schema":{"@context":"https:\/\/schema.org","@graph":[{"@type":"WebPage","@id":"https:\/\/okindin.is\/?page_id=808","url":"https:\/\/okindin.is\/?page_id=808","name":"H\u00fasfluga - okindin.is","isPartOf":{"@id":"https:\/\/okindin.is\/#website"},"primaryImageOfPage":{"@id":"https:\/\/okindin.is\/?page_id=808#primaryimage"},"image":{"@id":"https:\/\/okindin.is\/?page_id=808#primaryimage"},"thumbnailUrl":"https:\/\/okindin.is\/wp-content\/uploads\/2025\/11\/ChatGPT-Image-Nov-5-2025-11_53_26-PM.png","datePublished":"2025-11-06T01:16:36+00:00","dateModified":"2025-11-06T08:17:19+00:00","description":"H\u00fasflugur eru algengt meind\u00fdr \u00e1 heimilum og \u00ed \u00fatih\u00fasum. \u00de\u00e6r geta dreift bakter\u00edum og menga\u00f0 matv\u00e6li.","breadcrumb":{"@id":"https:\/\/okindin.is\/?page_id=808#breadcrumb"},"inLanguage":"en-US","potentialAction":[{"@type":"ReadAction","target":["https:\/\/okindin.is\/?page_id=808"]}]},{"@type":"ImageObject","inLanguage":"en-US","@id":"https:\/\/okindin.is\/?page_id=808#primaryimage","url":"https:\/\/okindin.is\/wp-content\/uploads\/2025\/11\/ChatGPT-Image-Nov-5-2025-11_53_26-PM.png","contentUrl":"https:\/\/okindin.is\/wp-content\/uploads\/2025\/11\/ChatGPT-Image-Nov-5-2025-11_53_26-PM.png","width":1024,"height":1024},{"@type":"BreadcrumbList","@id":"https:\/\/okindin.is\/?page_id=808#breadcrumb","itemListElement":[{"@type":"ListItem","position":1,"name":"Home","item":"https:\/\/okindin.is\/"},{"@type":"ListItem","position":2,"name":"\u00dej\u00f3nustan","item":"https:\/\/okindin.is\/?page_id=21"},{"@type":"ListItem","position":3,"name":"Fr\u00e6\u00f0sla","item":"https:\/\/okindin.is\/?page_id=729"},{"@type":"ListItem","position":4,"name":"H\u00fasfluga"}]},{"@type":"WebSite","@id":"https:\/\/okindin.is\/#website","url":"https:\/\/okindin.is\/","name":"okindin.is","description":"\u00d3kindin Meind\u00fdravarnir - Meind\u00fdraey\u00f0ir","publisher":{"@id":"https:\/\/okindin.is\/#organization"},"potentialAction":[{"@type":"SearchAction","target":{"@type":"EntryPoint","urlTemplate":"https:\/\/okindin.is\/?s={search_term_string}"},"query-input":{"@type":"PropertyValueSpecification","valueRequired":true,"valueName":"search_term_string"}}],"inLanguage":"en-US"},{"@type":"Organization","@id":"https:\/\/okindin.is\/#organization","name":"\u00d3kindin ehf.","url":"https:\/\/okindin.is\/","logo":{"@type":"ImageObject","inLanguage":"en-US","@id":"https:\/\/okindin.is\/#\/schema\/logo\/image\/","url":"https:\/\/okindin.is\/wp-content\/uploads\/2023\/09\/okindin-logo-1.jpg","contentUrl":"https:\/\/okindin.is\/wp-content\/uploads\/2023\/09\/okindin-logo-1.jpg","width":1553,"height":1553,"caption":"\u00d3kindin ehf."},"image":{"@id":"https:\/\/okindin.is\/#\/schema\/logo\/image\/"},"sameAs":["https:\/\/www.facebook.com\/search\/top?q=kindin-meindravarnir"]}]}},"jetpack_sharing_enabled":true,"_links":{"self":[{"href":"https:\/\/okindin.is\/index.php?rest_route=\/wp\/v2\/pages\/808","targetHints":{"allow":["GET"]}}],"collection":[{"href":"https:\/\/okindin.is\/index.php?rest_route=\/wp\/v2\/pages"}],"about":[{"href":"https:\/\/okindin.is\/index.php?rest_route=\/wp\/v2\/types\/page"}],"author":[{"embeddable":true,"href":"https:\/\/okindin.is\/index.php?rest_route=\/wp\/v2\/users\/2"}],"replies":[{"embeddable":true,"href":"https:\/\/okindin.is\/index.php?rest_route=%2Fwp%2Fv2%2Fcomments&post=808"}],"version-history":[{"count":5,"href":"https:\/\/okindin.is\/index.php?rest_route=\/wp\/v2\/pages\/808\/revisions"}],"predecessor-version":[{"id":850,"href":"https:\/\/okindin.is\/index.php?rest_route=\/wp\/v2\/pages\/808\/revisions\/850"}],"up":[{"embeddable":true,"href":"https:\/\/okindin.is\/index.php?rest_route=\/wp\/v2\/pages\/729"}],"wp:attachment":[{"href":"https:\/\/okindin.is\/index.php?rest_route=%2Fwp%2Fv2%2Fmedia&parent=808"}],"curies":[{"name":"wp","href":"https:\/\/api.w.org\/{rel}","templated":true}]}}