{"id":821,"date":"2025-11-06T01:47:59","date_gmt":"2025-11-06T01:47:59","guid":{"rendered":"https:\/\/okindin.is\/?page_id=821"},"modified":"2025-11-06T08:34:43","modified_gmt":"2025-11-06T08:34:43","slug":"kakkalakkar","status":"publish","type":"page","link":"https:\/\/okindin.is\/?page_id=821","title":{"rendered":"Kakkalakkar"},"content":{"rendered":"\n<h4 class=\"wp-block-heading\"><strong>\u00d3velkomnir eldh\u00fasmeistarar<\/strong><\/h4>\n\n\n\n<p>Kakkalakkar (\u00e6ttb\u00e1lkur Blattodea) eru s\u00edv\u00f6l, flatvaxin, n\u00e1ttf\u00f6rul skord\u00fdr sem s\u00e6kja \u00ed og leynast gjarnan \u00ed mannvirkjum. \u00deeir eiga uppruna sinn \u00e1 hitabeltissv\u00e6\u00f0um jar\u00f0ar og \u00fe\u00f3 \u00cdsland s\u00e9 langt fr\u00e1 hitabeltissv\u00e6\u00f0um, \u00fe\u00e1 hafa nokkrar tegundir kakkalakka fundist h\u00e9r \u00e1 landi.<br>H\u00e9r \u00e1 landi er afar \u00f3l\u00edklegt a\u00f0 \u00fe\u00e6r \u00fer\u00edfist utandyra \u2013 \u00fe\u00e6r lifa helst inni \u00ed hl\u00fdjum og r\u00f6kum r\u00fdmum innan h\u00fass.<\/p>\n\n\n\n<h5 class=\"wp-block-heading\"><strong>L\u00fdsing \u00e1 tegundum og helstu einkennum<\/strong><\/h5>\n\n\n\n<p>Helstu tegundir sem fundist hafa h\u00e9rlendis \u00ed h\u00fasum og h\u00edb\u00fdlum eru:&nbsp;<\/p>\n\n\n\n<ul class=\"wp-block-list\">\n<li>\u00de\u00fdski kakkalakkinn (<em>Blattella germanica<\/em>): Sm\u00e1vaxin kakkalakkategund, um 1,3\u20131,6 cm a\u00f0 lengd.<\/li>\n\n\n\n<li>Amer\u00edski kakkalakkinn e\u00f0a farmkakkalakkinn (<em>Periplaneta americana<\/em>): St\u00e6rri tegund, hefur fundist \u00ed tengslum vi\u00f0 innfluttan varning og varnarli\u00f0ssv\u00e6\u00f0i\u00f0.&nbsp;<\/li>\n\n\n\n<li>Tinnukakkalakki e\u00f0a austurlenski kakkalakkinn (<em>Blattella orientalis<\/em>): Sjalds\u00e9\u00f0ari h\u00e9r \u00e1 landi<br><\/li>\n<\/ul>\n\n\n\n<p><\/p>\n\n\n\n<figure class=\"wp-block-image size-large is-resized\"><img fetchpriority=\"high\" decoding=\"async\" width=\"1024\" height=\"683\" src=\"https:\/\/okindin.is\/wp-content\/uploads\/2025\/11\/ChatGPT-Image-Nov-6-2025-01_29_21-AM-1024x683.png\" alt=\"\" class=\"wp-image-822\" style=\"width:602px;height:auto\" srcset=\"https:\/\/okindin.is\/wp-content\/uploads\/2025\/11\/ChatGPT-Image-Nov-6-2025-01_29_21-AM-1024x683.png 1024w, https:\/\/okindin.is\/wp-content\/uploads\/2025\/11\/ChatGPT-Image-Nov-6-2025-01_29_21-AM-300x200.png 300w, https:\/\/okindin.is\/wp-content\/uploads\/2025\/11\/ChatGPT-Image-Nov-6-2025-01_29_21-AM-768x512.png 768w, https:\/\/okindin.is\/wp-content\/uploads\/2025\/11\/ChatGPT-Image-Nov-6-2025-01_29_21-AM.png 1536w\" sizes=\"(max-width: 1024px) 100vw, 1024px\" \/><figcaption class=\"wp-element-caption\">Amer\u00edski kakkalakkinn (<em>Periplaneta americana<\/em>)<\/figcaption><\/figure>\n\n\n\n<p><\/p>\n\n\n\n<h5 class=\"wp-block-heading\"><strong>Almenn einkenni kakkalakka:<\/strong><\/h5>\n\n\n\n<ul class=\"wp-block-list\">\n<li>Bolur flatvaxin ofan fr\u00e1 s\u00e9\u00f0, oft spor\u00f6skjulaga, me\u00f0 langa f\u00e1lmara og oft li\u00f0skipt skott (cerci) aftan \u00e1 b\u00faknum.<br><\/li>\n\n\n\n<li>\u00deeir eru a\u00f0laga\u00f0ir l\u00edfi innandyra \u2013 gjarnan \u00ed r\u00f6kum r\u00fdmum eins og eldh\u00fasum, bak vi\u00f0 innr\u00e9ttingar, \u00ed lagnakerfum.<br><\/li>\n\n\n\n<li>\u00deeir fj\u00f6lga s\u00e9r hratt, geta borist me\u00f0 varningi og farangri.<br><\/li>\n<\/ul>\n\n\n\n<p><\/p>\n\n\n\n<figure class=\"wp-block-image size-full is-resized\"><img decoding=\"async\" width=\"1024\" height=\"1024\" src=\"https:\/\/okindin.is\/wp-content\/uploads\/2025\/11\/ChatGPT-Image-Nov-6-2025-01_44_43-AM-2.png\" alt=\"\" class=\"wp-image-847\" style=\"width:481px;height:auto\" srcset=\"https:\/\/okindin.is\/wp-content\/uploads\/2025\/11\/ChatGPT-Image-Nov-6-2025-01_44_43-AM-2.png 1024w, https:\/\/okindin.is\/wp-content\/uploads\/2025\/11\/ChatGPT-Image-Nov-6-2025-01_44_43-AM-2-300x300.png 300w, https:\/\/okindin.is\/wp-content\/uploads\/2025\/11\/ChatGPT-Image-Nov-6-2025-01_44_43-AM-2-150x150.png 150w, https:\/\/okindin.is\/wp-content\/uploads\/2025\/11\/ChatGPT-Image-Nov-6-2025-01_44_43-AM-2-768x768.png 768w\" sizes=\"(max-width: 1024px) 100vw, 1024px\" \/><figcaption class=\"wp-element-caption\">\u00de\u00fdski kakkalakkinn (<em>Blattella germanica<\/em>)<\/figcaption><\/figure>\n\n\n\n<p><\/p>\n\n\n\n<h5 class=\"wp-block-heading\"><strong>Dvalarsta\u00f0ir og ummerki<\/strong><\/h5>\n\n\n\n<p>Kakkalakkar kj\u00f3sa skj\u00f3l, raka og a\u00f0gang a\u00f0 f\u00e6\u00f0u. \u00deeir eru helst \u00e1 ferli a\u00f0 n\u00e6tur\u00feeli og&nbsp; halda sig \u00ed felum yfir daginn.&nbsp;<\/p>\n\n\n\n<ul class=\"wp-block-list\">\n<li>\u00cd eldh\u00fasi, bak vi\u00f0 innr\u00e9ttingar, \u00ed sorpgeymslum, undir v\u00f6skum, \u00ed lagnastokkum.<br><\/li>\n\n\n\n<li>Ummerki: Eggjahylki, hreyfing \u00e1 n\u00f3ttunni, f\u00e6\u00f0uleifar og \u00f3hreinindi.<br><\/li>\n\n\n\n<li>Kakkalakkar geta n\u00fdtt s\u00e9r lagna- og loftr\u00e6stistokka og \u00feannig dreifst milli \u00edb\u00fa\u00f0a \u00ed fj\u00f6leignah\u00fasn\u00e6\u00f0i.<br><\/li>\n<\/ul>\n\n\n\n<h5 class=\"wp-block-heading\"><strong>L\u00edfsh\u00e6ttir, tj\u00f3n og h\u00e6tta<\/strong><\/h5>\n\n\n\n<ul class=\"wp-block-list\">\n<li>\u00der\u00e1tt fyrir a\u00f0 ve\u00f0urfar \u00e1 \u00cdslandi komi a\u00f0 mestu \u00ed veg fyrir a\u00f0 kakkalakkar geti haldi\u00f0 til utandyra \u00fe\u00e1&nbsp; \u00e1 geta \u00feeir n\u00fdtt s\u00e9r a\u00f0st\u00e6\u00f0ur innanh\u00fass til f\u00e6\u00f0u\u00f6flunar og t\u00edmgunar.<br><\/li>\n\n\n\n<li>Tj\u00f3n og h\u00e6tta: Kakkalakkar n\u00e6rast t.d. \u00e1 matar-, fituleifum og sykri og geta menga\u00f0 matv\u00e6li og yfirbor\u00f0 me\u00f0 bakter\u00edum.<br><\/li>\n\n\n\n<li>Tilfellum kakkalakka \u00e1 \u00cdslandi hefur heldur fari\u00f0 fj\u00f6lgandi \u00e1 li\u00f0num \u00e1rum.<br><\/li>\n\n\n\n<li>\u00datr\u00fdming getur reynst erfi\u00f0 \u00fear sem kakkalakkar geta haldi\u00f0 til \u00ed illa a\u00f0gengilegrum r\u00fdmum. \u00deeir eru einnig gjarnir \u00e1 a\u00f0 mynda \u00f3n\u00e6mi fyrir varnarefnum og geta h\u00e6glega fer\u00f0ast milli r\u00fdma \u00ed h\u00fasn\u00e6\u00f0i.<br><\/li>\n<\/ul>\n\n\n\n<h5 class=\"wp-block-heading\"><strong>Forvarnir<\/strong><\/h5>\n\n\n\n<p>Til a\u00f0 halda kakk\u00f6kkum fjarri heimilinu er gott a\u00f0 hafa \u00ed huga eftirfarandi r\u00e1\u00f0:<\/p>\n\n\n\n<ul class=\"wp-block-list\">\n<li>G\u00e6ta hreinl\u00e6tis: Reglubundin \u00ferif eldh\u00fass, engar matarleifar \u00e1 yfirbor\u00f0i, loka\u00f0ar umb\u00fa\u00f0ir matv\u00e6la, reglulegt t\u00e6ming \u00e1 sorp\u00edl\u00e1tum.<br><\/li>\n\n\n\n<li>Draga \u00far raka: Regluleg loftr\u00e6sting, athuga leka og vatnslagnir, g\u00e6ta \u00feess a\u00f0 sturtur, ba\u00f0ker og vaskar \u00feorni vel milli notkunar.<br><\/li>\n\n\n\n<li>Loka og \u00fe\u00e9tta: \u00de\u00e9tting sprungna, lagnastokka og opinna r\u00fdma sem g\u00e6tu greitt kakkal\u00f6kkum lei\u00f0 milli r\u00fdma, s\u00e9rstaklega \u00ed fj\u00f6lb\u00fdli.<br><\/li>\n\n\n\n<li>\u00datkall vi\u00f0 fyrsta grun: Ef \u00fe\u00fa s\u00e9r\u00f0 einn e\u00f0a fleiri skaltu breg\u00f0ast vi\u00f0 \u2013 \u00fev\u00ed kakkalakkar fj\u00f6lga s\u00e9r hratt og erfi\u00f0ara er a\u00f0 n\u00e1 \u00feeim \u00feegar \u00feeir eru or\u00f0nir margir.<br><\/li>\n\n\n\n<li>\u00cd alvarlegri tilvikum: Leiti\u00f0 til faga\u00f0ila \u00ed meind\u00fdraey\u00f0ingu \u2014 \u00feeir geta nota\u00f0 horm\u00f3naspj\u00f6ld (e\u00f0a a\u00f0rar a\u00f0fer\u00f0ir) sem n\u00e1 b\u00e6\u00f0i litlum og st\u00f3rum einstaklingum.<br><\/li>\n<\/ul>\n\n\n\n<h5 class=\"wp-block-heading\"><strong>Hva\u00f0 gerir \u00d3kindin?<\/strong><\/h5>\n\n\n\n<p>Ef pl\u00e1gan n\u00e6r f\u00f3tfestu \u00fe\u00e1 geta almenn h\u00fasr\u00e1\u00f0 reynst \u00f3fulln\u00e6gjandi. \u00de\u00e1 er r\u00e9tt a\u00f0 hafa samband vi\u00f0 \u00d3kindina sem beitir skilvirkum a\u00f0fer\u00f0um sem:<\/p>\n\n\n\n<ul class=\"wp-block-list\">\n<li>Krefjast skamms t\u00edma fjarveru \u00edb\u00faa me\u00f0an me\u00f0fer\u00f0 stendur yfir.<br><\/li>\n\n\n\n<li>Eru \u00f6ruggar fyrir \u00edb\u00faa, b\u00f6rn og g\u00e6lud\u00fdr \u00feegar heim er komi\u00f0 aftur.<br><\/li>\n\n\n\n<li>Veita langvarandi v\u00f6rn og hindra endurkomu kakkalakka.<\/li>\n<\/ul>\n\n\n\n<p>Kakkalakkar eru ekki landl\u00e6gir \u00ed \u00edslenskri n\u00e1tt\u00faru vegna loftslags, en \u00feeir hafa engu a\u00f0 s\u00ed\u00f0ur n\u00e1\u00f0 f\u00f3tfestu innandyra og me\u00f0 auknum fer\u00f0amannastraumi og v\u00f6ruflutningum hefur vandinn aukist. Betra er a\u00f0 breg\u00f0ast vi\u00f0 snemma, huga a\u00f0 forv\u00f6rnum og tryggja hreinl\u00e6ti \u2013 \u00fev\u00ed \u00feegar kakkalakkar n\u00e1 a\u00f0 festa sig \u00ed sessi er mun erfi\u00f0ara a\u00f0 \u00fatr\u00fdma \u00feeim.<\/p>\n","protected":false},"excerpt":{"rendered":"<p>\u00d3velkomnir eldh\u00fasmeistarar Kakkalakkar (\u00e6ttb\u00e1lkur Blattodea) eru s\u00edv\u00f6l, flatvaxin, n\u00e1ttf\u00f6rul skord\u00fdr sem s\u00e6kja \u00ed og leynast gjarnan \u00ed mannvirkjum. \u00deeir eiga uppruna sinn \u00e1 hitabeltissv\u00e6\u00f0um jar\u00f0ar og \u00fe\u00f3 \u00cdsland s\u00e9 langt fr\u00e1 hitabeltissv\u00e6\u00f0um, \u00fe\u00e1 hafa nokkrar tegundir kakkalakka fundist h\u00e9r \u00e1 landi.H\u00e9r \u00e1 landi er afar \u00f3l\u00edklegt a\u00f0 \u00fe\u00e6r \u00fer\u00edfist utandyra \u2013 \u00fe\u00e6r lifa helst inni [&hellip;]<\/p>\n","protected":false},"author":2,"featured_media":0,"parent":729,"menu_order":0,"comment_status":"closed","ping_status":"closed","template":"","meta":{"footnotes":""},"class_list":["post-821","page","type-page","status-publish","hentry"],"yoast_head":"<!-- This site is optimized with the Yoast SEO plugin v25.3 - https:\/\/yoast.com\/wordpress\/plugins\/seo\/ -->\n<title>Kakkalakkar - okindin.is<\/title>\n<meta name=\"description\" content=\"Kakkalakkar finnast allv\u00ed\u00f0a \u00ed h\u00fasn\u00e6\u00f0i \u00e1 \u00cdslandi og fer fj\u00f6lgandi\" \/>\n<meta name=\"robots\" content=\"index, follow, max-snippet:-1, max-image-preview:large, max-video-preview:-1\" \/>\n<link rel=\"canonical\" href=\"https:\/\/okindin.is\/?page_id=821\" \/>\n<meta property=\"og:locale\" content=\"en_US\" \/>\n<meta property=\"og:type\" content=\"article\" \/>\n<meta property=\"og:title\" content=\"Kakkalakkar - okindin.is\" \/>\n<meta property=\"og:description\" content=\"Kakkalakkar finnast allv\u00ed\u00f0a \u00ed h\u00fasn\u00e6\u00f0i \u00e1 \u00cdslandi og fer fj\u00f6lgandi\" \/>\n<meta property=\"og:url\" content=\"https:\/\/okindin.is\/?page_id=821\" \/>\n<meta property=\"og:site_name\" content=\"okindin.is\" \/>\n<meta property=\"article:publisher\" content=\"https:\/\/www.facebook.com\/search\/top?q=kindin-meindravarnir\" \/>\n<meta property=\"article:modified_time\" content=\"2025-11-06T08:34:43+00:00\" \/>\n<meta property=\"og:image\" content=\"https:\/\/okindin.is\/wp-content\/uploads\/2025\/11\/ChatGPT-Image-Nov-6-2025-01_29_21-AM-1024x683.png\" \/>\n\t<meta property=\"og:image:width\" content=\"1024\" \/>\n\t<meta property=\"og:image:height\" content=\"683\" \/>\n\t<meta property=\"og:image:type\" content=\"image\/png\" \/>\n<meta name=\"twitter:card\" content=\"summary_large_image\" \/>\n<meta name=\"twitter:label1\" content=\"Est. reading time\" \/>\n\t<meta name=\"twitter:data1\" content=\"3 minutes\" \/>\n<script type=\"application\/ld+json\" class=\"yoast-schema-graph\">{\"@context\":\"https:\/\/schema.org\",\"@graph\":[{\"@type\":\"WebPage\",\"@id\":\"https:\/\/okindin.is\/?page_id=821\",\"url\":\"https:\/\/okindin.is\/?page_id=821\",\"name\":\"Kakkalakkar - okindin.is\",\"isPartOf\":{\"@id\":\"https:\/\/okindin.is\/#website\"},\"primaryImageOfPage\":{\"@id\":\"https:\/\/okindin.is\/?page_id=821#primaryimage\"},\"image\":{\"@id\":\"https:\/\/okindin.is\/?page_id=821#primaryimage\"},\"thumbnailUrl\":\"https:\/\/okindin.is\/wp-content\/uploads\/2025\/11\/ChatGPT-Image-Nov-6-2025-01_29_21-AM-1024x683.png\",\"datePublished\":\"2025-11-06T01:47:59+00:00\",\"dateModified\":\"2025-11-06T08:34:43+00:00\",\"description\":\"Kakkalakkar finnast allv\u00ed\u00f0a \u00ed h\u00fasn\u00e6\u00f0i \u00e1 \u00cdslandi og fer fj\u00f6lgandi\",\"breadcrumb\":{\"@id\":\"https:\/\/okindin.is\/?page_id=821#breadcrumb\"},\"inLanguage\":\"en-US\",\"potentialAction\":[{\"@type\":\"ReadAction\",\"target\":[\"https:\/\/okindin.is\/?page_id=821\"]}]},{\"@type\":\"ImageObject\",\"inLanguage\":\"en-US\",\"@id\":\"https:\/\/okindin.is\/?page_id=821#primaryimage\",\"url\":\"https:\/\/okindin.is\/wp-content\/uploads\/2025\/11\/ChatGPT-Image-Nov-6-2025-01_29_21-AM.png\",\"contentUrl\":\"https:\/\/okindin.is\/wp-content\/uploads\/2025\/11\/ChatGPT-Image-Nov-6-2025-01_29_21-AM.png\",\"width\":1536,\"height\":1024},{\"@type\":\"BreadcrumbList\",\"@id\":\"https:\/\/okindin.is\/?page_id=821#breadcrumb\",\"itemListElement\":[{\"@type\":\"ListItem\",\"position\":1,\"name\":\"Home\",\"item\":\"https:\/\/okindin.is\/\"},{\"@type\":\"ListItem\",\"position\":2,\"name\":\"\u00dej\u00f3nustan\",\"item\":\"https:\/\/okindin.is\/?page_id=21\"},{\"@type\":\"ListItem\",\"position\":3,\"name\":\"Fr\u00e6\u00f0sla\",\"item\":\"https:\/\/okindin.is\/?page_id=729\"},{\"@type\":\"ListItem\",\"position\":4,\"name\":\"Kakkalakkar\"}]},{\"@type\":\"WebSite\",\"@id\":\"https:\/\/okindin.is\/#website\",\"url\":\"https:\/\/okindin.is\/\",\"name\":\"okindin.is\",\"description\":\"\u00d3kindin Meind\u00fdravarnir - Meind\u00fdraey\u00f0ir\",\"publisher\":{\"@id\":\"https:\/\/okindin.is\/#organization\"},\"potentialAction\":[{\"@type\":\"SearchAction\",\"target\":{\"@type\":\"EntryPoint\",\"urlTemplate\":\"https:\/\/okindin.is\/?s={search_term_string}\"},\"query-input\":{\"@type\":\"PropertyValueSpecification\",\"valueRequired\":true,\"valueName\":\"search_term_string\"}}],\"inLanguage\":\"en-US\"},{\"@type\":\"Organization\",\"@id\":\"https:\/\/okindin.is\/#organization\",\"name\":\"\u00d3kindin ehf.\",\"url\":\"https:\/\/okindin.is\/\",\"logo\":{\"@type\":\"ImageObject\",\"inLanguage\":\"en-US\",\"@id\":\"https:\/\/okindin.is\/#\/schema\/logo\/image\/\",\"url\":\"https:\/\/okindin.is\/wp-content\/uploads\/2023\/09\/okindin-logo-1.jpg\",\"contentUrl\":\"https:\/\/okindin.is\/wp-content\/uploads\/2023\/09\/okindin-logo-1.jpg\",\"width\":1553,\"height\":1553,\"caption\":\"\u00d3kindin ehf.\"},\"image\":{\"@id\":\"https:\/\/okindin.is\/#\/schema\/logo\/image\/\"},\"sameAs\":[\"https:\/\/www.facebook.com\/search\/top?q=kindin-meindravarnir\"]}]}<\/script>\n<!-- \/ Yoast SEO plugin. -->","yoast_head_json":{"title":"Kakkalakkar - okindin.is","description":"Kakkalakkar finnast allv\u00ed\u00f0a \u00ed h\u00fasn\u00e6\u00f0i \u00e1 \u00cdslandi og fer fj\u00f6lgandi","robots":{"index":"index","follow":"follow","max-snippet":"max-snippet:-1","max-image-preview":"max-image-preview:large","max-video-preview":"max-video-preview:-1"},"canonical":"https:\/\/okindin.is\/?page_id=821","og_locale":"en_US","og_type":"article","og_title":"Kakkalakkar - okindin.is","og_description":"Kakkalakkar finnast allv\u00ed\u00f0a \u00ed h\u00fasn\u00e6\u00f0i \u00e1 \u00cdslandi og fer fj\u00f6lgandi","og_url":"https:\/\/okindin.is\/?page_id=821","og_site_name":"okindin.is","article_publisher":"https:\/\/www.facebook.com\/search\/top?q=kindin-meindravarnir","article_modified_time":"2025-11-06T08:34:43+00:00","og_image":[{"width":1024,"height":683,"url":"https:\/\/okindin.is\/wp-content\/uploads\/2025\/11\/ChatGPT-Image-Nov-6-2025-01_29_21-AM-1024x683.png","type":"image\/png"}],"twitter_card":"summary_large_image","twitter_misc":{"Est. reading time":"3 minutes"},"schema":{"@context":"https:\/\/schema.org","@graph":[{"@type":"WebPage","@id":"https:\/\/okindin.is\/?page_id=821","url":"https:\/\/okindin.is\/?page_id=821","name":"Kakkalakkar - okindin.is","isPartOf":{"@id":"https:\/\/okindin.is\/#website"},"primaryImageOfPage":{"@id":"https:\/\/okindin.is\/?page_id=821#primaryimage"},"image":{"@id":"https:\/\/okindin.is\/?page_id=821#primaryimage"},"thumbnailUrl":"https:\/\/okindin.is\/wp-content\/uploads\/2025\/11\/ChatGPT-Image-Nov-6-2025-01_29_21-AM-1024x683.png","datePublished":"2025-11-06T01:47:59+00:00","dateModified":"2025-11-06T08:34:43+00:00","description":"Kakkalakkar finnast allv\u00ed\u00f0a \u00ed h\u00fasn\u00e6\u00f0i \u00e1 \u00cdslandi og fer fj\u00f6lgandi","breadcrumb":{"@id":"https:\/\/okindin.is\/?page_id=821#breadcrumb"},"inLanguage":"en-US","potentialAction":[{"@type":"ReadAction","target":["https:\/\/okindin.is\/?page_id=821"]}]},{"@type":"ImageObject","inLanguage":"en-US","@id":"https:\/\/okindin.is\/?page_id=821#primaryimage","url":"https:\/\/okindin.is\/wp-content\/uploads\/2025\/11\/ChatGPT-Image-Nov-6-2025-01_29_21-AM.png","contentUrl":"https:\/\/okindin.is\/wp-content\/uploads\/2025\/11\/ChatGPT-Image-Nov-6-2025-01_29_21-AM.png","width":1536,"height":1024},{"@type":"BreadcrumbList","@id":"https:\/\/okindin.is\/?page_id=821#breadcrumb","itemListElement":[{"@type":"ListItem","position":1,"name":"Home","item":"https:\/\/okindin.is\/"},{"@type":"ListItem","position":2,"name":"\u00dej\u00f3nustan","item":"https:\/\/okindin.is\/?page_id=21"},{"@type":"ListItem","position":3,"name":"Fr\u00e6\u00f0sla","item":"https:\/\/okindin.is\/?page_id=729"},{"@type":"ListItem","position":4,"name":"Kakkalakkar"}]},{"@type":"WebSite","@id":"https:\/\/okindin.is\/#website","url":"https:\/\/okindin.is\/","name":"okindin.is","description":"\u00d3kindin Meind\u00fdravarnir - Meind\u00fdraey\u00f0ir","publisher":{"@id":"https:\/\/okindin.is\/#organization"},"potentialAction":[{"@type":"SearchAction","target":{"@type":"EntryPoint","urlTemplate":"https:\/\/okindin.is\/?s={search_term_string}"},"query-input":{"@type":"PropertyValueSpecification","valueRequired":true,"valueName":"search_term_string"}}],"inLanguage":"en-US"},{"@type":"Organization","@id":"https:\/\/okindin.is\/#organization","name":"\u00d3kindin ehf.","url":"https:\/\/okindin.is\/","logo":{"@type":"ImageObject","inLanguage":"en-US","@id":"https:\/\/okindin.is\/#\/schema\/logo\/image\/","url":"https:\/\/okindin.is\/wp-content\/uploads\/2023\/09\/okindin-logo-1.jpg","contentUrl":"https:\/\/okindin.is\/wp-content\/uploads\/2023\/09\/okindin-logo-1.jpg","width":1553,"height":1553,"caption":"\u00d3kindin ehf."},"image":{"@id":"https:\/\/okindin.is\/#\/schema\/logo\/image\/"},"sameAs":["https:\/\/www.facebook.com\/search\/top?q=kindin-meindravarnir"]}]}},"jetpack_sharing_enabled":true,"_links":{"self":[{"href":"https:\/\/okindin.is\/index.php?rest_route=\/wp\/v2\/pages\/821","targetHints":{"allow":["GET"]}}],"collection":[{"href":"https:\/\/okindin.is\/index.php?rest_route=\/wp\/v2\/pages"}],"about":[{"href":"https:\/\/okindin.is\/index.php?rest_route=\/wp\/v2\/types\/page"}],"author":[{"embeddable":true,"href":"https:\/\/okindin.is\/index.php?rest_route=\/wp\/v2\/users\/2"}],"replies":[{"embeddable":true,"href":"https:\/\/okindin.is\/index.php?rest_route=%2Fwp%2Fv2%2Fcomments&post=821"}],"version-history":[{"count":14,"href":"https:\/\/okindin.is\/index.php?rest_route=\/wp\/v2\/pages\/821\/revisions"}],"predecessor-version":[{"id":865,"href":"https:\/\/okindin.is\/index.php?rest_route=\/wp\/v2\/pages\/821\/revisions\/865"}],"up":[{"embeddable":true,"href":"https:\/\/okindin.is\/index.php?rest_route=\/wp\/v2\/pages\/729"}],"wp:attachment":[{"href":"https:\/\/okindin.is\/index.php?rest_route=%2Fwp%2Fv2%2Fmedia&parent=821"}],"curies":[{"name":"wp","href":"https:\/\/api.w.org\/{rel}","templated":true}]}}